{"id":78968,"date":"2023-08-27T18:44:41","date_gmt":"2023-08-27T17:44:41","guid":{"rendered":"https:\/\/whisky.ad\/product\/paddy-irish-whiskey-0-7l-40\/"},"modified":"2023-08-27T18:44:41","modified_gmt":"2023-08-27T17:44:41","slug":"paddy-irish-whiskey-0-7l-40","status":"publish","type":"product","link":"https:\/\/whisky.ad\/ca\/producte\/paddy-irish-whiskey-0-7l-40\/","title":{"rendered":"Paddy Irish Whiskey 0.7L 40%"},"content":{"rendered":"","protected":false},"excerpt":{"rendered":"<div class=\"flex flex-grow flex-col gap-3 max-w-full\">\n<div class=\"min-h-[20px] flex flex-col items-start gap-3 overflow-x-auto whitespace-pre-wrap break-words\">\n<div class=\"markdown prose w-full break-words dark:prose-invert light\">\n<p>El whisky irland\u00e8s m\u00e9s venut i reconegut a nivell mundial The Gentleman Himself Des de 1913, l&#8217;ess\u00e8ncia de Paddy ha continuat prosperant a Paddy Irish Whisky, que porta orgull\u00f3s el seu nom. Un venedor emblem\u00e0tic Patrick J. O&#8217;Flaherty, conegut com a Paddy, va passar quatre d\u00e8cades sorprenents venent el mateix whisky que ara porta el seu nom a tots els pubs d&#8217;Irlanda durant el notable tombant del segle XX. Amb un carisma magn\u00e8tic, un encant sociable i una naturalesa de cor obert, Paddy va tractar constantment els clients amb rondes de copes, forjant amistats all\u00e0 on vagava, tot assegurant-se que tothom gaudia dels bons moments. Dotat d&#8217;amabilitat i saviesa, juntament amb un comportament r\u00e0pid i de bon humor, la pres\u00e8ncia de Paddy sempre va ser ben rebuda, la qual cosa li va valer l&#8217;adoraci\u00f3 universal. Despr\u00e9s de quatre d\u00e8cades de servei dedicat, el whisky que va vendre amb tanta passi\u00f3 va arribar a ser sin\u00f2nim del seu propi nom. Aroma: Maltes, frescor, awoodesa, acompanyades de delicades notes d&#8217;esp\u00e8cies, mel i vainilla. Sabor: delicadament lleuger i refrescant, amb tocs subtils de fruits secs, malta i fusta carbonitzada. Final: una dol\u00e7or amb gr\u00e0cia minvant, deixant enrere un rastre persistent de maltat suau i llenyosa.<\/p>\n<\/div>\n<\/div>\n<\/div>\n","protected":false},"featured_media":77187,"comment_status":"open","ping_status":"closed","template":"","meta":{"_acf_changed":false},"product_brand":[],"product_cat":[503,360,465],"product_tag":[],"class_list":{"0":"post-78968","1":"product","2":"type-product","3":"status-publish","4":"has-post-thumbnail","6":"product_cat-ireland-ca","7":"product_cat-whisky-per-marca-ca","8":"product_cat-paddy-ca","10":"first","11":"instock","12":"taxable","13":"shipping-taxable","14":"purchasable","15":"product-type-simple"},"acf":[],"aioseo_notices":[],"jetpack_sharing_enabled":true,"_links":{"self":[{"href":"https:\/\/whisky.ad\/ca\/wp-json\/wp\/v2\/product\/78968","targetHints":{"allow":["GET"]}}],"collection":[{"href":"https:\/\/whisky.ad\/ca\/wp-json\/wp\/v2\/product"}],"about":[{"href":"https:\/\/whisky.ad\/ca\/wp-json\/wp\/v2\/types\/product"}],"replies":[{"embeddable":true,"href":"https:\/\/whisky.ad\/ca\/wp-json\/wp\/v2\/comments?post=78968"}],"wp:featuredmedia":[{"embeddable":true,"href":"https:\/\/whisky.ad\/ca\/wp-json\/wp\/v2\/media\/77187"}],"wp:attachment":[{"href":"https:\/\/whisky.ad\/ca\/wp-json\/wp\/v2\/media?parent=78968"}],"wp:term":[{"taxonomy":"product_brand","embeddable":true,"href":"https:\/\/whisky.ad\/ca\/wp-json\/wp\/v2\/product_brand?post=78968"},{"taxonomy":"product_cat","embeddable":true,"href":"https:\/\/whisky.ad\/ca\/wp-json\/wp\/v2\/product_cat?post=78968"},{"taxonomy":"product_tag","embeddable":true,"href":"https:\/\/whisky.ad\/ca\/wp-json\/wp\/v2\/product_tag?post=78968"}],"curies":[{"name":"wp","href":"https:\/\/api.w.org\/{rel}","templated":true}]}}