{"id":78965,"date":"2023-07-23T14:08:40","date_gmt":"2023-07-23T13:08:40","guid":{"rendered":"https:\/\/whisky.ad\/product\/mortlach-33-yo\/"},"modified":"2023-07-23T14:08:40","modified_gmt":"2023-07-23T13:08:40","slug":"mortlach-33-yo","status":"publish","type":"product","link":"https:\/\/whisky.ad\/ca\/producte\/mortlach-33-yo\/","title":{"rendered":"Mortlach 33 YO"},"content":{"rendered":"","protected":false},"excerpt":{"rendered":"<p><strong>Speyside Single Malt Scotch Whisky, Hunter Laing, 70cl \/ 52.9%<\/strong><\/p>\n<p>Presentant un Mortlach robust i amb una maduraci\u00f3 exquisida, aquest notable whisky single malt ocupa el lloc que li correspon entre la prestigiosa selecci\u00f3 Old &amp; Rare Platinum d&#8217;embotelladors independents, Hunter Laing. Destil\u00b7lat l&#8217;any 1989, aquest whisky escoc\u00e8s es va embarcar en un viatge de maduraci\u00f3 que va durar 33 anys, enclavat amb gr\u00e0cia dins dels l\u00edmits d&#8217;un sol recanvi. L&#8217;any 2022, nom\u00e9s 311 ampolles es van extreure expertament amb la seva for\u00e7a natural de b\u00f3ta, sense alterar-se per color afegit o filtraci\u00f3 freda, assegurant una experi\u00e8ncia de tast aut\u00e8ntica i inigualable.  <\/p>\n","protected":false},"featured_media":76887,"comment_status":"open","ping_status":"closed","template":"","meta":{"_acf_changed":false},"product_brand":[],"product_cat":[343,360,315,464],"product_tag":[],"class_list":{"0":"post-78965","1":"product","2":"type-product","3":"status-publish","4":"has-post-thumbnail","6":"product_cat-rar-i-colleccionable","7":"product_cat-whisky-per-marca-ca","8":"product_cat-escocia","9":"product_cat-mortlach-ca","11":"first","12":"instock","13":"taxable","14":"shipping-taxable","15":"product-type-simple"},"acf":[],"aioseo_notices":[],"jetpack_sharing_enabled":true,"_links":{"self":[{"href":"https:\/\/whisky.ad\/ca\/wp-json\/wp\/v2\/product\/78965","targetHints":{"allow":["GET"]}}],"collection":[{"href":"https:\/\/whisky.ad\/ca\/wp-json\/wp\/v2\/product"}],"about":[{"href":"https:\/\/whisky.ad\/ca\/wp-json\/wp\/v2\/types\/product"}],"replies":[{"embeddable":true,"href":"https:\/\/whisky.ad\/ca\/wp-json\/wp\/v2\/comments?post=78965"}],"wp:featuredmedia":[{"embeddable":true,"href":"https:\/\/whisky.ad\/ca\/wp-json\/wp\/v2\/media\/76887"}],"wp:attachment":[{"href":"https:\/\/whisky.ad\/ca\/wp-json\/wp\/v2\/media?parent=78965"}],"wp:term":[{"taxonomy":"product_brand","embeddable":true,"href":"https:\/\/whisky.ad\/ca\/wp-json\/wp\/v2\/product_brand?post=78965"},{"taxonomy":"product_cat","embeddable":true,"href":"https:\/\/whisky.ad\/ca\/wp-json\/wp\/v2\/product_cat?post=78965"},{"taxonomy":"product_tag","embeddable":true,"href":"https:\/\/whisky.ad\/ca\/wp-json\/wp\/v2\/product_tag?post=78965"}],"curies":[{"name":"wp","href":"https:\/\/api.w.org\/{rel}","templated":true}]}}