{"id":78962,"date":"2023-07-29T18:22:41","date_gmt":"2023-07-29T17:22:41","guid":{"rendered":"https:\/\/whisky.ad\/product\/monastere-de-st-mont-rouge-2017-075l-145\/"},"modified":"2023-07-29T18:22:41","modified_gmt":"2023-07-29T17:22:41","slug":"monastere-de-st-mont-rouge-2017-075l-145","status":"publish","type":"product","link":"https:\/\/whisky.ad\/ca\/producte\/monastere-de-st-mont-rouge-2017-075l-145\/","title":{"rendered":"Monast\u00e8re de St.-Mont rouge 2017 0,75l 14,5%"},"content":{"rendered":"","protected":false},"excerpt":{"rendered":"<div class=\"flex flex-grow flex-col gap-3\">\n<div class=\"min-h-[20px] flex items-start overflow-x-auto whitespace-pre-wrap break-words flex-col gap-4\">\n<div class=\"markdown prose w-full break-words dark:prose-invert light\">\n<p>Des dels seus or\u00edgens: En una superf\u00edcie total de vinya de 7,5 hect\u00e0rees (Tannat, Pinenc, Cabernet Sauvignon), nom\u00e9s 5 hect\u00e0rees es dediquen a l&#8217;elaboraci\u00f3 del Grand Vin. El terreny del Monast\u00e8re de Saint-Mont \u00e9s \u00fanic a la denominaci\u00f3 per la seva excepcional riquesa en argila amb capes laminades i la seva exposici\u00f3 fresca (vessants i altiplans orientats al nord-est). Aqu\u00ed, el ra\u00efm Tannat desenvolupa una estructura t\u00e0nnica i una pot\u00e8ncia inigualables gr\u00e0cies a un subministrament d&#8217;aigua regulat i limitat. A les parcel\u00b7les del Monast\u00e8re, el ra\u00efm Tannat assoleix la plena maduresa cap al final de la temporada de creixement tot conservant el seu car\u00e0cter viu. Al celler: L&#8217;envelliment d&#8217;aquesta cuv\u00e9 es realitza en b\u00f3ta durant 12 a 14 mesos. L&#8217;envelliment final del lot es porta a terme en dip\u00f2sits durant 4 mesos addicionals per aportar una harmonia completa a aquest cuv\u00e9. En boca: Aquest vi presenta un color vermell fosc i brillant amb reflexos negres. L&#8217;atac \u00e9s assertiu, oferint intenses notes de fruita. En el mig paladar, les esp\u00e8cies s\u00f3n portades per una enorme estructura t\u00e0nnica. El poder \u00e9s l&#8217;eix vertebrador d&#8217;aquest vi, per\u00f2 no s&#8217;ha d&#8217;oblidar el seu nucli subtil, ric en fruita.<\/p>\n<\/div>\n<\/div>\n<\/div>\n","protected":false},"featured_media":77088,"comment_status":"open","ping_status":"closed","template":"","meta":{"_acf_changed":false},"product_brand":[],"product_cat":[528,391],"product_tag":[],"class_list":{"0":"post-78962","1":"product","2":"type-product","3":"status-publish","4":"has-post-thumbnail","6":"product_cat-saint-mont-ca","7":"product_cat-vins-ca","9":"first","10":"instock","11":"taxable","12":"shipping-taxable","13":"product-type-simple"},"acf":[],"aioseo_notices":[],"jetpack_sharing_enabled":true,"_links":{"self":[{"href":"https:\/\/whisky.ad\/ca\/wp-json\/wp\/v2\/product\/78962","targetHints":{"allow":["GET"]}}],"collection":[{"href":"https:\/\/whisky.ad\/ca\/wp-json\/wp\/v2\/product"}],"about":[{"href":"https:\/\/whisky.ad\/ca\/wp-json\/wp\/v2\/types\/product"}],"replies":[{"embeddable":true,"href":"https:\/\/whisky.ad\/ca\/wp-json\/wp\/v2\/comments?post=78962"}],"wp:featuredmedia":[{"embeddable":true,"href":"https:\/\/whisky.ad\/ca\/wp-json\/wp\/v2\/media\/77088"}],"wp:attachment":[{"href":"https:\/\/whisky.ad\/ca\/wp-json\/wp\/v2\/media?parent=78962"}],"wp:term":[{"taxonomy":"product_brand","embeddable":true,"href":"https:\/\/whisky.ad\/ca\/wp-json\/wp\/v2\/product_brand?post=78962"},{"taxonomy":"product_cat","embeddable":true,"href":"https:\/\/whisky.ad\/ca\/wp-json\/wp\/v2\/product_cat?post=78962"},{"taxonomy":"product_tag","embeddable":true,"href":"https:\/\/whisky.ad\/ca\/wp-json\/wp\/v2\/product_tag?post=78962"}],"curies":[{"name":"wp","href":"https:\/\/api.w.org\/{rel}","templated":true}]}}