{"id":78954,"date":"2023-08-28T16:01:20","date_gmt":"2023-08-28T15:01:20","guid":{"rendered":"https:\/\/whisky.ad\/product\/milk-honey-elements-red-wine-cask-single-malt-46-0-7l\/"},"modified":"2023-08-28T16:01:20","modified_gmt":"2023-08-28T15:01:20","slug":"milk-honey-elements-red-wine-cask-single-malt-46-0-7l","status":"publish","type":"product","link":"https:\/\/whisky.ad\/ca\/producte\/milk-honey-elements-red-wine-cask-single-malt-46-0-7l\/","title":{"rendered":"Milk &amp; Honey ELEMENTS RED WINE CASK Single Malt 46% 0.7l"},"content":{"rendered":"","protected":false},"excerpt":{"rendered":"<p>ELEMENTS BLACK WINE CASK La selecci\u00f3 d&#8217;antigues b\u00f3tes de vi negre per a aquest cap\u00edtol de la s\u00e8rie Elements va implicar un aprovisionament minuci\u00f3s dels cellers m\u00e9s distingits d&#8217;Israel. Inspirant-se en els matisos clim\u00e0tics de la Mediterr\u00e0nia, les diverses composicions del s\u00f2l, els dies assolellats i les nits fresques, aquestes b\u00f3tes infonen de manera \u00fanica un car\u00e0cter picant al vi israeli\u00e0, un car\u00e0cter transferit perfectament al nostre whisky. Les b\u00f3tes escollides per a l&#8217;edici\u00f3 Elements Red Wine ret homenatge al terroir de la regi\u00f3, donant com a resultat un single malt floral harmonitzat amb l&#8217;ess\u00e8ncia de la xocolata negra. AROMA Les aromes elevades de fruites vermelles seques es complementen amb tocs de gingebre, roure i un discret bouquet de coco que es barregen amb gr\u00e0cia, donant lloc a un lleuger rastre de perfum mineral. PALDAR Lleugera i gr\u00e0cil de cos. Els sabors amb infusi\u00f3 de vi envolten el paladar amb eleg\u00e0ncia, acompanyats de matisos roure i xiuxiueigs de vainilla, seguits d&#8217;una delicada floraci\u00f3 de notes florals. ACABAR Moderada en durada. L&#8217;atractiu dels fruits secs i el vi persisteix, culminant amb una abra\u00e7ada final de panses fosques, deixant una sensaci\u00f3 persistent de satisfacci\u00f3.<\/p>\n","protected":false},"featured_media":78494,"comment_status":"open","ping_status":"closed","template":"","meta":{"_acf_changed":false},"product_brand":[],"product_cat":[527,459],"product_tag":[],"class_list":{"0":"post-78954","1":"product","2":"type-product","3":"status-publish","4":"has-post-thumbnail","6":"product_cat-israel-ca","7":"product_cat-milk-honey-ca","9":"first","10":"instock","11":"taxable","12":"shipping-taxable","13":"purchasable","14":"product-type-simple"},"acf":[],"aioseo_notices":[],"jetpack_sharing_enabled":true,"_links":{"self":[{"href":"https:\/\/whisky.ad\/ca\/wp-json\/wp\/v2\/product\/78954","targetHints":{"allow":["GET"]}}],"collection":[{"href":"https:\/\/whisky.ad\/ca\/wp-json\/wp\/v2\/product"}],"about":[{"href":"https:\/\/whisky.ad\/ca\/wp-json\/wp\/v2\/types\/product"}],"replies":[{"embeddable":true,"href":"https:\/\/whisky.ad\/ca\/wp-json\/wp\/v2\/comments?post=78954"}],"wp:featuredmedia":[{"embeddable":true,"href":"https:\/\/whisky.ad\/ca\/wp-json\/wp\/v2\/media\/78494"}],"wp:attachment":[{"href":"https:\/\/whisky.ad\/ca\/wp-json\/wp\/v2\/media?parent=78954"}],"wp:term":[{"taxonomy":"product_brand","embeddable":true,"href":"https:\/\/whisky.ad\/ca\/wp-json\/wp\/v2\/product_brand?post=78954"},{"taxonomy":"product_cat","embeddable":true,"href":"https:\/\/whisky.ad\/ca\/wp-json\/wp\/v2\/product_cat?post=78954"},{"taxonomy":"product_tag","embeddable":true,"href":"https:\/\/whisky.ad\/ca\/wp-json\/wp\/v2\/product_tag?post=78954"}],"curies":[{"name":"wp","href":"https:\/\/api.w.org\/{rel}","templated":true}]}}