{"id":78948,"date":"2023-08-28T16:04:32","date_gmt":"2023-08-28T15:04:32","guid":{"rendered":"https:\/\/whisky.ad\/product\/milk-honey-classic-single-malt-46-0-7l\/"},"modified":"2023-08-28T16:04:32","modified_gmt":"2023-08-28T15:04:32","slug":"milk-honey-classic-single-malt-46-0-7l","status":"publish","type":"product","link":"https:\/\/whisky.ad\/ca\/producte\/milk-honey-classic-single-malt-46-0-7l\/","title":{"rendered":"Milk &amp; Honey Classic Single Malt 46% 0.7l"},"content":{"rendered":"","protected":false},"excerpt":{"rendered":"<p>M&amp;H CLASSIC Reconegut a la categoria Great Value a l&#8217;Ultimate Spirits Challenge 2023 Reconegut a la categoria Great Value a l&#8217;Ultimate Spirits Challenge 2023 Elaborat amb precisi\u00f3, el nostre M&amp;H Classic Single Malt Whisky sorgeix de la uni\u00f3 d&#8217;exquisits barrils Ex-Bourbon i el nostre caracter\u00edstic Red Wine STR (Rafat-Torrat-Re-carbejat) b\u00f3tes, culminant amb un car\u00e0cter matisat i harm\u00f2nic. El resultat \u00e9s un whisky single malt cl\u00e0ssic suau i agradable sense esfor\u00e7. AROMA Les ones suaus de dol\u00e7or de vainilla obren el cam\u00ed, succe\u00efdes per delicades tons de roure i matisos florals fuga\u00e7os. PALADAR Una composici\u00f3 lleugera ofereix notes de vainilla, caramel i dol\u00e7or de mel, equilibrades art\u00edsticament amb subtils accents de roure i un toc de picant suau de pebre negre. ACABAT Breu per\u00f2 art\u00edstic. El record del roure perdura al paladar, acompanyat d&#8217;una delicada insinuaci\u00f3 de picant que afegeix un toc final a l&#8217;experi\u00e8ncia.<\/p>\n","protected":false},"featured_media":78484,"comment_status":"open","ping_status":"closed","template":"","meta":{"_acf_changed":false},"product_brand":[],"product_cat":[527,459],"product_tag":[],"class_list":{"0":"post-78948","1":"product","2":"type-product","3":"status-publish","4":"has-post-thumbnail","6":"product_cat-israel-ca","7":"product_cat-milk-honey-ca","9":"first","10":"instock","11":"taxable","12":"shipping-taxable","13":"purchasable","14":"product-type-simple"},"acf":[],"aioseo_notices":[],"jetpack_sharing_enabled":true,"_links":{"self":[{"href":"https:\/\/whisky.ad\/ca\/wp-json\/wp\/v2\/product\/78948","targetHints":{"allow":["GET"]}}],"collection":[{"href":"https:\/\/whisky.ad\/ca\/wp-json\/wp\/v2\/product"}],"about":[{"href":"https:\/\/whisky.ad\/ca\/wp-json\/wp\/v2\/types\/product"}],"replies":[{"embeddable":true,"href":"https:\/\/whisky.ad\/ca\/wp-json\/wp\/v2\/comments?post=78948"}],"wp:featuredmedia":[{"embeddable":true,"href":"https:\/\/whisky.ad\/ca\/wp-json\/wp\/v2\/media\/78484"}],"wp:attachment":[{"href":"https:\/\/whisky.ad\/ca\/wp-json\/wp\/v2\/media?parent=78948"}],"wp:term":[{"taxonomy":"product_brand","embeddable":true,"href":"https:\/\/whisky.ad\/ca\/wp-json\/wp\/v2\/product_brand?post=78948"},{"taxonomy":"product_cat","embeddable":true,"href":"https:\/\/whisky.ad\/ca\/wp-json\/wp\/v2\/product_cat?post=78948"},{"taxonomy":"product_tag","embeddable":true,"href":"https:\/\/whisky.ad\/ca\/wp-json\/wp\/v2\/product_tag?post=78948"}],"curies":[{"name":"wp","href":"https:\/\/api.w.org\/{rel}","templated":true}]}}