{"id":78945,"date":"2023-08-28T16:10:33","date_gmt":"2023-08-28T15:10:33","guid":{"rendered":"https:\/\/whisky.ad\/product\/milk-honey-apex-small-batch-peated-fort-red-wine-cask-55-3-07l\/"},"modified":"2023-08-28T16:10:33","modified_gmt":"2023-08-28T15:10:33","slug":"milk-honey-apex-small-batch-peated-fort-red-wine-cask-55-3-07l","status":"publish","type":"product","link":"https:\/\/whisky.ad\/ca\/producte\/milk-honey-apex-small-batch-peated-fort-red-wine-cask-55-3-07l\/","title":{"rendered":"Milk &amp; Honey Apex Small Batch Peated Fort. Red Wine Cask 55.3% 07l"},"content":{"rendered":"","protected":false},"excerpt":{"rendered":"<p>APEX SMALL BATCH PEATED FORTIFIED RED WINE CASK Elaborado de forma \u00fanica, este whisky de malta \u00fanica es el resultado de la destilaci\u00f3n de una cebada excepcionalmente tratada, seguida de un largo proceso de maduraci\u00f3n en barricas de vino tinto israel\u00ed de estilo oporto. Estas barricas se seleccionan cuidadosamente de las bodegas de nuestras preciadas bodegas artesanales locales. AROMA Se despliega una danza de notas pedernalesas y fragantes que recuerdan al popurr\u00ed y a una acogedora caja de puros, acompa\u00f1adas de matices de az\u00facar caramelizado y la seductora esencia de una bodega. PALDAR El paladar da la bienvenida a jugosas frutas rojas, complementadas por la compa\u00f1\u00eda de los granos de cacao crudo. Un ahumado terroso se entrelaza con un suave toque de an\u00eds estrellado, a\u00f1adiendo profundidad al conjunto. ACABAR Confiado y robusto, el final muestra la audacia del clavo entrelazado con la frescura del roble nuevo. El acto final se despliega con el armonioso maridaje de la piel de naranja recubierta de chocolate, dejando una impresi\u00f3n exquisita.<\/p>\n","protected":false},"featured_media":78472,"comment_status":"open","ping_status":"closed","template":"","meta":{"_acf_changed":false},"product_brand":[],"product_cat":[527,459],"product_tag":[],"class_list":{"0":"post-78945","1":"product","2":"type-product","3":"status-publish","4":"has-post-thumbnail","6":"product_cat-israel-ca","7":"product_cat-milk-honey-ca","9":"first","10":"instock","11":"taxable","12":"shipping-taxable","13":"purchasable","14":"product-type-simple"},"acf":[],"aioseo_notices":[],"jetpack_sharing_enabled":true,"_links":{"self":[{"href":"https:\/\/whisky.ad\/ca\/wp-json\/wp\/v2\/product\/78945","targetHints":{"allow":["GET"]}}],"collection":[{"href":"https:\/\/whisky.ad\/ca\/wp-json\/wp\/v2\/product"}],"about":[{"href":"https:\/\/whisky.ad\/ca\/wp-json\/wp\/v2\/types\/product"}],"replies":[{"embeddable":true,"href":"https:\/\/whisky.ad\/ca\/wp-json\/wp\/v2\/comments?post=78945"}],"wp:featuredmedia":[{"embeddable":true,"href":"https:\/\/whisky.ad\/ca\/wp-json\/wp\/v2\/media\/78472"}],"wp:attachment":[{"href":"https:\/\/whisky.ad\/ca\/wp-json\/wp\/v2\/media?parent=78945"}],"wp:term":[{"taxonomy":"product_brand","embeddable":true,"href":"https:\/\/whisky.ad\/ca\/wp-json\/wp\/v2\/product_brand?post=78945"},{"taxonomy":"product_cat","embeddable":true,"href":"https:\/\/whisky.ad\/ca\/wp-json\/wp\/v2\/product_cat?post=78945"},{"taxonomy":"product_tag","embeddable":true,"href":"https:\/\/whisky.ad\/ca\/wp-json\/wp\/v2\/product_tag?post=78945"}],"curies":[{"name":"wp","href":"https:\/\/api.w.org\/{rel}","templated":true}]}}