{"id":78940,"date":"2023-08-28T16:07:06","date_gmt":"2023-08-28T15:07:06","guid":{"rendered":"https:\/\/whisky.ad\/product\/milk-honey-apex-small-batch-dead-sea-56-5-07l\/"},"modified":"2023-08-28T16:07:06","modified_gmt":"2023-08-28T15:07:06","slug":"milk-honey-apex-small-batch-dead-sea-56-5-07l","status":"publish","type":"product","link":"https:\/\/whisky.ad\/ca\/producte\/milk-honey-apex-small-batch-dead-sea-56-5-07l\/","title":{"rendered":"Milk &amp; Honey Apex Small Batch Dead Sea 56.5% 07l"},"content":{"rendered":"","protected":false},"excerpt":{"rendered":"<p>APEX SMALL BATCH DEAD SEA Honorat amb el Trofeu del President a l&#8217;Ultimate Spirits Challenge 2023 Reconegut amb el Trofeu del President a l&#8217;Ultimate Spirits Challenge 2023 Com a pioner en un cam\u00ed \u00fanic, el nostre Apex Small Batch Single Malt Whisky \u00e9s la creaci\u00f3 inaugural i exclusiva que ha madurat dins del les profunditats del punt m\u00e9s baix del m\u00f3n: el Mar Mort, on les temperatures s&#8217;eleven fins als 50 graus cent\u00edgrads. Aquest entorn extraordinari confereix al whisky sabors potents i profunds. AROMA Embarcat amb notes de dol\u00e7or, vainilla francesa i moca, acompanyats d&#8217;ecos d&#8217;una caixa de cigars i un rastre revitalitzant de menta, tot mentre una agradable ess\u00e8ncia de roure perdura amb gr\u00e0cia al fons. PALADAR Una introducci\u00f3 suau agraeix el paladar, seguida d&#8217;una din\u00e0mica onada de calor aportada per esp\u00e8cies com la canyella i les llavors de coriandre. A aquesta onada de sabor s&#8217;uneix l&#8217;abra\u00e7ada de cacau fosc en pols i un toc de pebre blanc triturat. ACABAT Perdurable i gratificant, el final introdueix gingebre confitat i clau d&#8217;olor, acompanyats d&#8217;un conjunt d&#8217;herbes torrades i l&#8217;ess\u00e8ncia de sal marina gruixuda, deixant una empremta indeleble en els sentits.<\/p>\n","protected":false},"featured_media":78503,"comment_status":"open","ping_status":"closed","template":"","meta":{"_acf_changed":false},"product_brand":[],"product_cat":[527,459],"product_tag":[],"class_list":{"0":"post-78940","1":"product","2":"type-product","3":"status-publish","4":"has-post-thumbnail","6":"product_cat-israel-ca","7":"product_cat-milk-honey-ca","9":"first","10":"outofstock","11":"taxable","12":"shipping-taxable","13":"product-type-simple"},"acf":[],"aioseo_notices":[],"jetpack_sharing_enabled":true,"_links":{"self":[{"href":"https:\/\/whisky.ad\/ca\/wp-json\/wp\/v2\/product\/78940","targetHints":{"allow":["GET"]}}],"collection":[{"href":"https:\/\/whisky.ad\/ca\/wp-json\/wp\/v2\/product"}],"about":[{"href":"https:\/\/whisky.ad\/ca\/wp-json\/wp\/v2\/types\/product"}],"replies":[{"embeddable":true,"href":"https:\/\/whisky.ad\/ca\/wp-json\/wp\/v2\/comments?post=78940"}],"wp:featuredmedia":[{"embeddable":true,"href":"https:\/\/whisky.ad\/ca\/wp-json\/wp\/v2\/media\/78503"}],"wp:attachment":[{"href":"https:\/\/whisky.ad\/ca\/wp-json\/wp\/v2\/media?parent=78940"}],"wp:term":[{"taxonomy":"product_brand","embeddable":true,"href":"https:\/\/whisky.ad\/ca\/wp-json\/wp\/v2\/product_brand?post=78940"},{"taxonomy":"product_cat","embeddable":true,"href":"https:\/\/whisky.ad\/ca\/wp-json\/wp\/v2\/product_cat?post=78940"},{"taxonomy":"product_tag","embeddable":true,"href":"https:\/\/whisky.ad\/ca\/wp-json\/wp\/v2\/product_tag?post=78940"}],"curies":[{"name":"wp","href":"https:\/\/api.w.org\/{rel}","templated":true}]}}