{"id":78936,"date":"2023-08-28T11:01:17","date_gmt":"2023-08-28T10:01:17","guid":{"rendered":"https:\/\/whisky.ad\/product\/malteser-aquavit-bitter-0-7l-40\/"},"modified":"2023-08-28T11:01:17","modified_gmt":"2023-08-28T10:01:17","slug":"malteser-aquavit-bitter-0-7l-40","status":"publish","type":"product","link":"https:\/\/whisky.ad\/ca\/producte\/malteser-aquavit-bitter-0-7l-40\/","title":{"rendered":"Malteser Aquavit-Bitter 0.7l 40%"},"content":{"rendered":"","protected":false},"excerpt":{"rendered":"<p>El delici\u00f3s licor d&#8217;herbes Malteser prov\u00e9 de la coneguda marca Malteser, coneguda per elaborar un aquavit superior durant gaireb\u00e9 un segle. Arrelat en una recepta que es remunta als seus inicis l&#8217;any 1924, aquest licor d&#8217;herbes complementa el llegat de la marca. Tot i que hist\u00f2ricament conegut per aquavit, la l\u00ednia de Malteser es va ampliar el 2018 per incloure aquest licor d&#8217;herbes, disponible exclusivament a Alemanya. L&#8217;ampolla de licor d&#8217;herbes Malteser \u00e9s tan captivadora visualment com la seva contrapart aquavit. L&#8217;etiqueta compta amb una sorprenent creu de Malta blanca sobre un fons vermell viu, un motiu que es ressona al coll de l&#8217;ampolla. L&#8217;ampolla en si, en elegants tonalitats fosques, despr\u00e8n un aire de sofisticaci\u00f3. M\u00e9s enll\u00e0 de la seva est\u00e8tica, el licor d&#8217;herbes Malteser brilla amb el seu perfil de sabor excepcional, resultat d&#8217;herbes i esp\u00e8cies meticulosament seleccionades, per un total d&#8217;unes 20. Aquesta barreja bot\u00e0nica diversa \u00e9s evident des del moment en qu\u00e8 es destapa el licor, revelant un nas arom\u00e0tic que condueix perfectament a el paladar. En particular, el picant pronunciat captiva, amb diferents notes de pebre i an\u00eds prenent protagonisme. El licor d&#8217;herbes Malteser es presta impecablement per gaudir com un xut fred, mostrant les seves complexitats. Alternativament, combina harm\u00f2nicament amb una cervesa freda per a una experi\u00e8ncia de gust diferent i memorable.  <\/p>\n","protected":false},"featured_media":77283,"comment_status":"open","ping_status":"closed","template":"","meta":{"_acf_changed":false},"product_brand":[],"product_cat":[350,412,349],"product_tag":[],"class_list":{"0":"post-78936","1":"product","2":"type-product","3":"status-publish","4":"has-post-thumbnail","6":"product_cat-aquavit-ca","7":"product_cat-bitter-ca","8":"product_cat-begudes-alcoholiques-ca","10":"first","11":"instock","12":"taxable","13":"shipping-taxable","14":"purchasable","15":"product-type-simple"},"acf":[],"aioseo_notices":[],"jetpack_sharing_enabled":true,"_links":{"self":[{"href":"https:\/\/whisky.ad\/ca\/wp-json\/wp\/v2\/product\/78936","targetHints":{"allow":["GET"]}}],"collection":[{"href":"https:\/\/whisky.ad\/ca\/wp-json\/wp\/v2\/product"}],"about":[{"href":"https:\/\/whisky.ad\/ca\/wp-json\/wp\/v2\/types\/product"}],"replies":[{"embeddable":true,"href":"https:\/\/whisky.ad\/ca\/wp-json\/wp\/v2\/comments?post=78936"}],"wp:featuredmedia":[{"embeddable":true,"href":"https:\/\/whisky.ad\/ca\/wp-json\/wp\/v2\/media\/77283"}],"wp:attachment":[{"href":"https:\/\/whisky.ad\/ca\/wp-json\/wp\/v2\/media?parent=78936"}],"wp:term":[{"taxonomy":"product_brand","embeddable":true,"href":"https:\/\/whisky.ad\/ca\/wp-json\/wp\/v2\/product_brand?post=78936"},{"taxonomy":"product_cat","embeddable":true,"href":"https:\/\/whisky.ad\/ca\/wp-json\/wp\/v2\/product_cat?post=78936"},{"taxonomy":"product_tag","embeddable":true,"href":"https:\/\/whisky.ad\/ca\/wp-json\/wp\/v2\/product_tag?post=78936"}],"curies":[{"name":"wp","href":"https:\/\/api.w.org\/{rel}","templated":true}]}}