{"id":78933,"date":"2020-01-12T18:15:36","date_gmt":"2020-01-12T17:15:36","guid":{"rendered":"https:\/\/whisky.ad\/product\/mackmyra-vintersol-swedish-single-malt\/"},"modified":"2020-01-12T18:15:36","modified_gmt":"2020-01-12T17:15:36","slug":"mackmyra-vintersol-swedish-single-malt","status":"publish","type":"product","link":"https:\/\/whisky.ad\/ca\/producte\/mackmyra-vintersol-swedish-single-malt\/","title":{"rendered":"Mackmyra Vintersol Swedish Single Malt"},"content":{"rendered":"<p>Volum: 70 cl, Alc:\/vol: 46,1 % Master Blender: Angela D&#8217;Orazio PERFIL AROM\u00c0TIC: \u2022 1r farciment Ex-Portwinecasks, 500-700 L \u2022 Nou i 1r farcit Roure Amerikansk, 200-128 L \u2022 1r farcit Ex-Bourbon, 100 L \u2022 1r farciment Oloroso i roure suec, 100-128 L Mackmyra Vintersol (Winter Sun) \u00e9s un whisky de malta suec creat en col\u00b7laboraci\u00f3 amb el productor de vi de Porto Quinta Do Vallado, una de les Quintas m\u00e9s antigues i famoses. a la vall del Duero. El sol d&#8217;hivern suec rarament visita tan sovint com ens agrada, per aix\u00f2 vol\u00edem que el sabor del ra\u00efm xopat de sol fes companyia a aquest whisky. El perfil arom\u00e0tic del whisky prov\u00e9 de l&#8217;acabat en b\u00f3tes que abans contenien vi de Porto amb notes de vainilla, xocolata i pebre. El whisky resultant \u00e9s elegant, amb una lleugera picant i notes de panses c\u00e0lides, fruites madures al sol, baies tropicals, caramel de pera amb mantega, vainilla i roure torrat. NAS Picant i herbal amb tons afruitats c\u00e0lids de ra\u00efm vin\u00f3s i una mineralitat. Suau roure de vainilla, amb aromes d&#8217;an\u00eds, gingebre, panses, caramel de pera i vainilla. GUST Suau, afruitat per\u00f2 picant amb fruita seca, peres i panses, gingebre i vainilla. Amb una textura cremosa i mitjana rica. POST-GUSTO Afruitat, picant i roure amb panses c\u00e0lides.<\/p>\n<p>&nbsp;<\/p>\n<p>&nbsp;<\/p>\n","protected":false},"excerpt":{"rendered":"<p>Volum: 70 cl, Alc:\/vol: 46,1 % Master Blender: Angela D&#8217;Orazio PERFIL AROM\u00c0TIC: \u2022 1r farciment Ex-Portwinecasks, 500-700 L \u2022 Nou i 1r farcit Roure Amerikansk, 200-128 L \u2022 1r farcit Ex-Bourbon, 100 L \u2022 1r farciment Oloroso i roure suec, 100-128 L Mackmyra Vintersol (Winter Sun) \u00e9s un whisky de malta suec creat en col\u00b7laboraci\u00f3 [&hellip;]<\/p>\n","protected":false},"featured_media":72159,"comment_status":"open","ping_status":"closed","template":"","meta":{"_acf_changed":false},"product_brand":[],"product_cat":[524,360,456],"product_tag":[],"class_list":{"0":"post-78933","1":"product","2":"type-product","3":"status-publish","4":"has-post-thumbnail","6":"product_cat-sweden-ca","7":"product_cat-whisky-per-marca-ca","8":"product_cat-mackmyra-ca","10":"first","11":"outofstock","12":"taxable","13":"shipping-taxable","14":"purchasable","15":"product-type-simple"},"acf":[],"aioseo_notices":[],"jetpack_sharing_enabled":true,"_links":{"self":[{"href":"https:\/\/whisky.ad\/ca\/wp-json\/wp\/v2\/product\/78933","targetHints":{"allow":["GET"]}}],"collection":[{"href":"https:\/\/whisky.ad\/ca\/wp-json\/wp\/v2\/product"}],"about":[{"href":"https:\/\/whisky.ad\/ca\/wp-json\/wp\/v2\/types\/product"}],"replies":[{"embeddable":true,"href":"https:\/\/whisky.ad\/ca\/wp-json\/wp\/v2\/comments?post=78933"}],"wp:featuredmedia":[{"embeddable":true,"href":"https:\/\/whisky.ad\/ca\/wp-json\/wp\/v2\/media\/72159"}],"wp:attachment":[{"href":"https:\/\/whisky.ad\/ca\/wp-json\/wp\/v2\/media?parent=78933"}],"wp:term":[{"taxonomy":"product_brand","embeddable":true,"href":"https:\/\/whisky.ad\/ca\/wp-json\/wp\/v2\/product_brand?post=78933"},{"taxonomy":"product_cat","embeddable":true,"href":"https:\/\/whisky.ad\/ca\/wp-json\/wp\/v2\/product_cat?post=78933"},{"taxonomy":"product_tag","embeddable":true,"href":"https:\/\/whisky.ad\/ca\/wp-json\/wp\/v2\/product_tag?post=78933"}],"curies":[{"name":"wp","href":"https:\/\/api.w.org\/{rel}","templated":true}]}}