{"id":78930,"date":"2020-01-12T17:43:09","date_gmt":"2020-01-12T16:43:09","guid":{"rendered":"https:\/\/whisky.ad\/product\/mackmyra-svensk-rok-amerikansk-ek-single-malt\/"},"modified":"2020-01-12T17:43:09","modified_gmt":"2020-01-12T16:43:09","slug":"mackmyra-svensk-rok-amerikansk-ek-single-malt","status":"publish","type":"product","link":"https:\/\/whisky.ad\/ca\/producte\/mackmyra-svensk-rok-amerikansk-ek-single-malt\/","title":{"rendered":"MACKMYRA SVENSK ROK\/AMERIKANSK EK SINGLE MALT"},"content":{"rendered":"<p>Volum: 70 cl, Alcohol: 46,1 % vol. Master Blender: Angela D&#8217;Orazio Barrils primaris: New American Oak El sabor del fum de Svensk R\u00f6k (fum suec) s&#8217;inspira en l&#8217;antiga tradici\u00f3 de condimentar i conservar els aliments infusionant-los amb fum de ginebre. En aquesta segona edici\u00f3 limitada de Svensk R\u00f6k, hem envellit la nostra recepta fumada exclusivament en b\u00f3tes noves de roure americ\u00e0. Aix\u00f2 li d\u00f3na al whisky notes destacades de vainilla i herbes: un contrast benvingut amb les notes atrevides de torba, ginebre i quitr\u00e0. NAS Fum, picant, roure, fruites i herbes. Notes de torba, ginebre, roure torrat i vainilla seguides d&#8217;una aroma fumat i especiat amb salinitat, minerals, fulles de tabac, lleugera sequedat. llaminadures Arrak, caramel de pera, gingebre i vainilla. GUST Torba, ginebre, sal, definitivament m\u00e9s fumat del que ens denota el nas. Un agradable aroma roure amb vainilla, roure torrat, figues escabetxades i caramel de pera. La textura \u00e9s mitjanament espessa amb notes de roure masticable. POST GUST Picant, fumat i roure amb notes de quitr\u00e0, fulles de tabac, notes brillants de figues escabetxades i caramel de pera.<\/p>\n","protected":false},"excerpt":{"rendered":"<p>Volum: 70 cl, Alcohol: 46,1 % vol. Master Blender: Angela D&#8217;Orazio Barrils primaris: New American Oak El sabor del fum de Svensk R\u00f6k (fum suec) s&#8217;inspira en l&#8217;antiga tradici\u00f3 de condimentar i conservar els aliments infusionant-los amb fum de ginebre. En aquesta segona edici\u00f3 limitada de Svensk R\u00f6k, hem envellit la nostra recepta fumada exclusivament [&hellip;]<\/p>\n","protected":false},"featured_media":75291,"comment_status":"open","ping_status":"closed","template":"","meta":{"_acf_changed":false},"product_brand":[],"product_cat":[524,360,456],"product_tag":[],"class_list":{"0":"post-78930","1":"product","2":"type-product","3":"status-publish","4":"has-post-thumbnail","6":"product_cat-sweden-ca","7":"product_cat-whisky-per-marca-ca","8":"product_cat-mackmyra-ca","10":"first","11":"instock","12":"taxable","13":"shipping-taxable","14":"purchasable","15":"product-type-simple"},"acf":[],"aioseo_notices":[],"jetpack_sharing_enabled":true,"_links":{"self":[{"href":"https:\/\/whisky.ad\/ca\/wp-json\/wp\/v2\/product\/78930","targetHints":{"allow":["GET"]}}],"collection":[{"href":"https:\/\/whisky.ad\/ca\/wp-json\/wp\/v2\/product"}],"about":[{"href":"https:\/\/whisky.ad\/ca\/wp-json\/wp\/v2\/types\/product"}],"replies":[{"embeddable":true,"href":"https:\/\/whisky.ad\/ca\/wp-json\/wp\/v2\/comments?post=78930"}],"wp:featuredmedia":[{"embeddable":true,"href":"https:\/\/whisky.ad\/ca\/wp-json\/wp\/v2\/media\/75291"}],"wp:attachment":[{"href":"https:\/\/whisky.ad\/ca\/wp-json\/wp\/v2\/media?parent=78930"}],"wp:term":[{"taxonomy":"product_brand","embeddable":true,"href":"https:\/\/whisky.ad\/ca\/wp-json\/wp\/v2\/product_brand?post=78930"},{"taxonomy":"product_cat","embeddable":true,"href":"https:\/\/whisky.ad\/ca\/wp-json\/wp\/v2\/product_cat?post=78930"},{"taxonomy":"product_tag","embeddable":true,"href":"https:\/\/whisky.ad\/ca\/wp-json\/wp\/v2\/product_tag?post=78930"}],"curies":[{"name":"wp","href":"https:\/\/api.w.org\/{rel}","templated":true}]}}