{"id":78927,"date":"2020-01-12T19:03:36","date_gmt":"2020-01-12T18:03:36","guid":{"rendered":"https:\/\/whisky.ad\/product\/mackmyra-organic-gin-0-7l-40\/"},"modified":"2020-01-12T19:03:36","modified_gmt":"2020-01-12T18:03:36","slug":"mackmyra-organic-gin-0-7l-40","status":"publish","type":"product","link":"https:\/\/whisky.ad\/ca\/producte\/mackmyra-organic-gin-0-7l-40\/","title":{"rendered":"Mackmyra Organic Gin 0.7L. 40%"},"content":{"rendered":"<h5>700 ml, Alc 40% vol.<\/h5>\n<h5>Lab Distillery Organic Gin \u00e9s una ginebra moderna de producci\u00f3 artesana amb un gust cl\u00e0ssic que incorpora sabors suecs i ingredients org\u00e0nics acuradament seleccionats destil\u00b7lats al tradicional alambic de coure de Mackmyra Bruk.<\/h5>\n<h5>Bot\u00e0nics: Ginebre, coriandre, llimona, flor de sa\u00fcc, aranjols i mango. La ginebra org\u00e0nica va ser desenvolupada per utilitzar-se en c\u00f2ctels de ginebra cl\u00e0ssics o Martinis secs. <\/h5>\n<p>Bot\u00e0nics: ginebre, coriandre, llimona, flor de sa\u00fcc, aranjols i mango<\/p>\n","protected":false},"excerpt":{"rendered":"<p>700 ml, Alc 40% vol. Lab Distillery Organic Gin \u00e9s una ginebra moderna de producci\u00f3 artesana amb un gust cl\u00e0ssic que incorpora sabors suecs i ingredients org\u00e0nics acuradament seleccionats destil\u00b7lats al tradicional alambic de coure de Mackmyra Bruk. Bot\u00e0nics: Ginebre, coriandre, llimona, flor de sa\u00fcc, aranjols i mango. La ginebra org\u00e0nica va ser desenvolupada per [&hellip;]<\/p>\n","protected":false},"featured_media":77448,"comment_status":"open","ping_status":"closed","template":"","meta":{"_acf_changed":false},"product_brand":[],"product_cat":[415,349],"product_tag":[],"class_list":{"0":"post-78927","1":"product","2":"type-product","3":"status-publish","4":"has-post-thumbnail","6":"product_cat-ginebra-ca","7":"product_cat-begudes-alcoholiques-ca","9":"first","10":"instock","11":"taxable","12":"shipping-taxable","13":"purchasable","14":"product-type-simple"},"acf":[],"aioseo_notices":[],"jetpack_sharing_enabled":true,"_links":{"self":[{"href":"https:\/\/whisky.ad\/ca\/wp-json\/wp\/v2\/product\/78927","targetHints":{"allow":["GET"]}}],"collection":[{"href":"https:\/\/whisky.ad\/ca\/wp-json\/wp\/v2\/product"}],"about":[{"href":"https:\/\/whisky.ad\/ca\/wp-json\/wp\/v2\/types\/product"}],"replies":[{"embeddable":true,"href":"https:\/\/whisky.ad\/ca\/wp-json\/wp\/v2\/comments?post=78927"}],"wp:featuredmedia":[{"embeddable":true,"href":"https:\/\/whisky.ad\/ca\/wp-json\/wp\/v2\/media\/77448"}],"wp:attachment":[{"href":"https:\/\/whisky.ad\/ca\/wp-json\/wp\/v2\/media?parent=78927"}],"wp:term":[{"taxonomy":"product_brand","embeddable":true,"href":"https:\/\/whisky.ad\/ca\/wp-json\/wp\/v2\/product_brand?post=78927"},{"taxonomy":"product_cat","embeddable":true,"href":"https:\/\/whisky.ad\/ca\/wp-json\/wp\/v2\/product_cat?post=78927"},{"taxonomy":"product_tag","embeddable":true,"href":"https:\/\/whisky.ad\/ca\/wp-json\/wp\/v2\/product_tag?post=78927"}],"curies":[{"name":"wp","href":"https:\/\/api.w.org\/{rel}","templated":true}]}}