{"id":78924,"date":"2020-01-12T18:39:36","date_gmt":"2020-01-12T17:39:36","guid":{"rendered":"https:\/\/whisky.ad\/product\/mackmyra-moment-prestige-swedish-single-malt\/"},"modified":"2020-01-12T18:39:36","modified_gmt":"2020-01-12T17:39:36","slug":"mackmyra-moment-prestige-swedish-single-malt","status":"publish","type":"product","link":"https:\/\/whisky.ad\/ca\/producte\/mackmyra-moment-prestige-swedish-single-malt\/","title":{"rendered":"Mackmyra Moment Prestige Swedish Single Malt"},"content":{"rendered":"<p>0,7l 46,1% B\u00f3tes primaries: \u2022 1r farciment ex-Champagne, 225 L. \u2022 2n farciment ex-Champagne, 250 L \u2022 3r farciment ex-Champagne, 250 L Moment Prestige \u00e9s un whisky d&#8217;onze anys envellit en b\u00f3tes de Roure franc\u00e8s que abans contenia vi del productor artesanal de xampany Philipponnat. Quan fa xampany, Philipponnat nom\u00e9s utilitza els millors ra\u00efms, principalment de vinyes Premier i Grand cru, i despr\u00e9s deixa envellir parts del vi en b\u00f3tes de roure. Al whisky, aquestes b\u00f3tes aporten notes cruixents de vi blanc, aranja, pa i roure torrat. .<\/p>\n<p><img loading=\"lazy\" decoding=\"async\" class=\"alignnone size-medium wp-image-7064\" src=\"https:\/\/mackmyra.com\/wp-content\/uploads\/prestigeprestige-750x333.jpg\" sizes=\"auto, (max-width: 750px) 100vw, 750px\" srcset=\"https:\/\/mackmyra.com\/wp-content\/uploads\/prestigeprestige-750x333.jpg 750w, https:\/\/mackmyra.com\/wp-content\/uploads\/prestigeprestige-768x341.jpg 768w, https:\/\/mackmyra.com\/wp-content\/uploads\/prestigeprestige-1140x507.jpg 1140w, https:\/\/mackmyra.com\/wp-content\/uploads\/prestigeprestige.jpg 1350w\" alt=\"\" width=\"750\" height=\"333\"><\/p>\n<p>NAS Notes afruitades, vinoses i un picant herbal juntament amb vainilla, roure torrat, perfudge, ra\u00efm calent, pebre blanc, an\u00eds, gingebre i cardamom. GUSTA Roure i notes destacades de ra\u00efm blanc i aranja. Notes especiades i herbes d&#8217;eucaliptus, an\u00eds i vainilla. La textura \u00e9s de gruix mitj\u00e0. POST-GUSTO El postgust \u00e9s llarg amb notes vinoses tangibles de xampany que avan\u00e7a cap a notes seques de roure.<\/p>\n","protected":false},"excerpt":{"rendered":"<p>0,7l 46,1% B\u00f3tes primaries: \u2022 1r farciment ex-Champagne, 225 L. \u2022 2n farciment ex-Champagne, 250 L \u2022 3r farciment ex-Champagne, 250 L Moment Prestige \u00e9s un whisky d&#8217;onze anys envellit en b\u00f3tes de Roure franc\u00e8s que abans contenia vi del productor artesanal de xampany Philipponnat. Quan fa xampany, Philipponnat nom\u00e9s utilitza els millors ra\u00efms, principalment [&hellip;]<\/p>\n","protected":false},"featured_media":75849,"comment_status":"open","ping_status":"closed","template":"","meta":{"_acf_changed":false},"product_brand":[],"product_cat":[524,360,456],"product_tag":[],"class_list":{"0":"post-78924","1":"product","2":"type-product","3":"status-publish","4":"has-post-thumbnail","6":"product_cat-sweden-ca","7":"product_cat-whisky-per-marca-ca","8":"product_cat-mackmyra-ca","10":"first","11":"instock","12":"taxable","13":"shipping-taxable","14":"purchasable","15":"product-type-simple"},"acf":[],"aioseo_notices":[],"jetpack_sharing_enabled":true,"_links":{"self":[{"href":"https:\/\/whisky.ad\/ca\/wp-json\/wp\/v2\/product\/78924","targetHints":{"allow":["GET"]}}],"collection":[{"href":"https:\/\/whisky.ad\/ca\/wp-json\/wp\/v2\/product"}],"about":[{"href":"https:\/\/whisky.ad\/ca\/wp-json\/wp\/v2\/types\/product"}],"replies":[{"embeddable":true,"href":"https:\/\/whisky.ad\/ca\/wp-json\/wp\/v2\/comments?post=78924"}],"wp:featuredmedia":[{"embeddable":true,"href":"https:\/\/whisky.ad\/ca\/wp-json\/wp\/v2\/media\/75849"}],"wp:attachment":[{"href":"https:\/\/whisky.ad\/ca\/wp-json\/wp\/v2\/media?parent=78924"}],"wp:term":[{"taxonomy":"product_brand","embeddable":true,"href":"https:\/\/whisky.ad\/ca\/wp-json\/wp\/v2\/product_brand?post=78924"},{"taxonomy":"product_cat","embeddable":true,"href":"https:\/\/whisky.ad\/ca\/wp-json\/wp\/v2\/product_cat?post=78924"},{"taxonomy":"product_tag","embeddable":true,"href":"https:\/\/whisky.ad\/ca\/wp-json\/wp\/v2\/product_tag?post=78924"}],"curies":[{"name":"wp","href":"https:\/\/api.w.org\/{rel}","templated":true}]}}