{"id":78921,"date":"2020-01-12T18:45:05","date_gmt":"2020-01-12T17:45:05","guid":{"rendered":"https:\/\/whisky.ad\/product\/mackmyra-moment-karibien-swedish-single-malt\/"},"modified":"2020-01-12T18:45:05","modified_gmt":"2020-01-12T17:45:05","slug":"mackmyra-moment-karibien-swedish-single-malt","status":"publish","type":"product","link":"https:\/\/whisky.ad\/ca\/producte\/mackmyra-moment-karibien-swedish-single-malt\/","title":{"rendered":"Mackmyra Moment Karibien Swedish Single Malt"},"content":{"rendered":"<p>Volum: 70 cl, Alc:\/vol: 44,4 % PERFIL AROM\u00c0TIC: Rumcasks, 350 L Ex-bourbon, 200 L Oloroso, 128 L Cherrycask, 200L Ja ha arribat Moment Karibien, la tan esperada seq\u00fcela de Mackmyra Vinterdr\u00f6m. Moment Karibien \u00e9s un elegant whisky single-malt, parcialment madurat en b\u00f3tes que anteriorment han conservat rom Plantation Barbados i Jamaica, per\u00f2 tamb\u00e9 s&#8217;ha aromatitzat amb whisky d&#8217;ex-Oloroso i b\u00f3tes de cirera. Al voltant del 75% del whisky s&#8217;ha acabat en b\u00f3tes de rom. El resultat \u00e9s un whisky picant i afruitat amb notes c\u00e0lides de rom i roure de vainilla. El whisky de les diferents b\u00f3tes que formen Moment Karibien tenen almenys 8 anys i com a m\u00e0xim 12. Madurat a 50 metres sota terra a la mina de Bod\u00e5s. El whisky s&#8217;ha fabricat en una edici\u00f3 limitada de nom\u00e9s 4.137 ampolles. NAS Afruitat, especiat i mantegoso, amb notes de vainilla, toffee i roure torrat. Evocant les baies, hi ha aromes de rom, fruita seca i pera. GUST Picant i afruitat amb notes c\u00e0lides de rom, Oloroso i vainilla de roure. La textura \u00e9s lleugerament greixosa. POST GUST Afruitat i roure amb un toc de vainilla.<\/p>\n","protected":false},"excerpt":{"rendered":"<p>Volum: 70 cl, Alc:\/vol: 44,4 % PERFIL AROM\u00c0TIC: Rumcasks, 350 L Ex-bourbon, 200 L Oloroso, 128 L Cherrycask, 200L Ja ha arribat Moment Karibien, la tan esperada seq\u00fcela de Mackmyra Vinterdr\u00f6m. Moment Karibien \u00e9s un elegant whisky single-malt, parcialment madurat en b\u00f3tes que anteriorment han conservat rom Plantation Barbados i Jamaica, per\u00f2 tamb\u00e9 s&#8217;ha aromatitzat [&hellip;]<\/p>\n","protected":false},"featured_media":79184,"comment_status":"open","ping_status":"closed","template":"","meta":{"_acf_changed":false},"product_brand":[],"product_cat":[524,360,456],"product_tag":[],"class_list":{"0":"post-78921","1":"product","2":"type-product","3":"status-publish","4":"has-post-thumbnail","6":"product_cat-sweden-ca","7":"product_cat-whisky-per-marca-ca","8":"product_cat-mackmyra-ca","10":"first","11":"instock","12":"taxable","13":"shipping-taxable","14":"purchasable","15":"product-type-simple"},"acf":[],"aioseo_notices":[],"jetpack_sharing_enabled":true,"_links":{"self":[{"href":"https:\/\/whisky.ad\/ca\/wp-json\/wp\/v2\/product\/78921","targetHints":{"allow":["GET"]}}],"collection":[{"href":"https:\/\/whisky.ad\/ca\/wp-json\/wp\/v2\/product"}],"about":[{"href":"https:\/\/whisky.ad\/ca\/wp-json\/wp\/v2\/types\/product"}],"replies":[{"embeddable":true,"href":"https:\/\/whisky.ad\/ca\/wp-json\/wp\/v2\/comments?post=78921"}],"wp:featuredmedia":[{"embeddable":true,"href":"https:\/\/whisky.ad\/ca\/wp-json\/wp\/v2\/media\/79184"}],"wp:attachment":[{"href":"https:\/\/whisky.ad\/ca\/wp-json\/wp\/v2\/media?parent=78921"}],"wp:term":[{"taxonomy":"product_brand","embeddable":true,"href":"https:\/\/whisky.ad\/ca\/wp-json\/wp\/v2\/product_brand?post=78921"},{"taxonomy":"product_cat","embeddable":true,"href":"https:\/\/whisky.ad\/ca\/wp-json\/wp\/v2\/product_cat?post=78921"},{"taxonomy":"product_tag","embeddable":true,"href":"https:\/\/whisky.ad\/ca\/wp-json\/wp\/v2\/product_tag?post=78921"}],"curies":[{"name":"wp","href":"https:\/\/api.w.org\/{rel}","templated":true}]}}