{"id":78917,"date":"2020-01-12T17:57:45","date_gmt":"2020-01-12T16:57:45","guid":{"rendered":"https:\/\/whisky.ad\/product\/mackmyra-gruvguld-swedish-single-malt\/"},"modified":"2020-01-12T17:57:45","modified_gmt":"2020-01-12T16:57:45","slug":"mackmyra-gruvguld-swedish-single-malt","status":"publish","type":"product","link":"https:\/\/whisky.ad\/ca\/producte\/mackmyra-gruvguld-swedish-single-malt\/","title":{"rendered":"Mackmyra Gruvguld Swedish Single Malt"},"content":{"rendered":"<p>Volum: 70 cl, Alc:\/vol: 46,1 %. Master Blender: Angela D&#8217;Orazio. CONT\u00c9: BOURBON: 30 L \u2014 100 L1r farciment \/ 2n farcit ROURE SUEC: 30 L \u2014 100 LVerge \/ 1r farciment \/ 2n farciment OLOROSO 30 LVerge \/ 1r farciment ROURE SUEC + BOURBON: 30 L Verge \/ 2n farciment \/ saturat w. PX NEW AMERICAN OAK: 128 L. Verge \/ 1r farciment \/ saturat w. Oloroso Mackmyra ha perseguit els seus somnis i ha creat el whisky suec. Mackmyra ho fa a la seva manera, utilitzant ingredients locals i sense additius. Mackmyra s&#8217;esfor\u00e7a constantment per evolucionar. El resultat ha situat Su\u00e8cia al mapa internacional del whisky. Mackmyra Gruvguld (Or de la mina) ha estat envellit en petites b\u00f3tes de 30, 100 i 128 litres, a la mina de Bod\u00e5s, a 50 metres sota terra. Aquest whisky \u00e9s un homenatge a les nostres potents b\u00f3tes de 30 litres que ens han acompanyat des de l&#8217;inici de Mackmyra, i m\u00e9s de la meitat del resultat final es va envellir en aquestes b\u00f3tes de diferents tipus i acabats de roure. La nova fabricaci\u00f3 que es va envellir, \u00e9s principalment de la recepta sense torba, amb l&#8217;excepci\u00f3 d&#8217;uns quants barrils fumats per a un petit afegit picant. En l&#8217;\u00e0mplia varietat de b\u00f3tes utilitzades, tamb\u00e9 n&#8217;hi ha que abans emmagatzemaven oloroso i xer\u00e8s Pedro Xim\u00e9nez. NAS Picant amb baies, fruites i lleugeres notes grasses. Notes torrades de vainilla, roure i caramel de caramel. Un lleuger picant c\u00e0lid i roure amb un toc de quitr\u00e0 i mineralitats. Notes dolces de panses, massap\u00e0, c\u00edtrics i gota de pera. Les notes de grosella negra del whisky m\u00e9s antic es troben juntament amb notes especiades i herbes d&#8217;an\u00eds, gingebre i fulles de tabac. GUST Picant amb un bon equilibri entre fruites, baies, olis i roure. Grosella negra, caramel de pera i aranja. Agradable roure picant amb tocs de quitr\u00e0 i fulles de tabac. La textura t\u00e9 una lleugera untuositat. POST-GUSTO Oli\u00f3s i picant amb fruits del bosc i una lleugera sequedat al final.<\/p>\n","protected":false},"excerpt":{"rendered":"<p>Volum: 70 cl, Alc:\/vol: 46,1 %. Master Blender: Angela D&#8217;Orazio. CONT\u00c9: BOURBON: 30 L \u2014 100 L1r farciment \/ 2n farcit ROURE SUEC: 30 L \u2014 100 LVerge \/ 1r farciment \/ 2n farciment OLOROSO 30 LVerge \/ 1r farciment ROURE SUEC + BOURBON: 30 L Verge \/ 2n farciment \/ saturat w. PX NEW [&hellip;]<\/p>\n","protected":false},"featured_media":72156,"comment_status":"open","ping_status":"closed","template":"","meta":{"_acf_changed":false},"product_brand":[],"product_cat":[524,360,456],"product_tag":[],"class_list":{"0":"post-78917","1":"product","2":"type-product","3":"status-publish","4":"has-post-thumbnail","6":"product_cat-sweden-ca","7":"product_cat-whisky-per-marca-ca","8":"product_cat-mackmyra-ca","10":"first","11":"outofstock","12":"taxable","13":"shipping-taxable","14":"purchasable","15":"product-type-simple"},"acf":[],"aioseo_notices":[],"jetpack_sharing_enabled":true,"_links":{"self":[{"href":"https:\/\/whisky.ad\/ca\/wp-json\/wp\/v2\/product\/78917","targetHints":{"allow":["GET"]}}],"collection":[{"href":"https:\/\/whisky.ad\/ca\/wp-json\/wp\/v2\/product"}],"about":[{"href":"https:\/\/whisky.ad\/ca\/wp-json\/wp\/v2\/types\/product"}],"replies":[{"embeddable":true,"href":"https:\/\/whisky.ad\/ca\/wp-json\/wp\/v2\/comments?post=78917"}],"wp:featuredmedia":[{"embeddable":true,"href":"https:\/\/whisky.ad\/ca\/wp-json\/wp\/v2\/media\/72156"}],"wp:attachment":[{"href":"https:\/\/whisky.ad\/ca\/wp-json\/wp\/v2\/media?parent=78917"}],"wp:term":[{"taxonomy":"product_brand","embeddable":true,"href":"https:\/\/whisky.ad\/ca\/wp-json\/wp\/v2\/product_brand?post=78917"},{"taxonomy":"product_cat","embeddable":true,"href":"https:\/\/whisky.ad\/ca\/wp-json\/wp\/v2\/product_cat?post=78917"},{"taxonomy":"product_tag","embeddable":true,"href":"https:\/\/whisky.ad\/ca\/wp-json\/wp\/v2\/product_tag?post=78917"}],"curies":[{"name":"wp","href":"https:\/\/api.w.org\/{rel}","templated":true}]}}