{"id":78914,"date":"2020-01-12T18:55:18","date_gmt":"2020-01-12T17:55:18","guid":{"rendered":"https:\/\/whisky.ad\/product\/mackmyra-bee-honey-whisky\/"},"modified":"2020-01-12T18:55:18","modified_gmt":"2020-01-12T17:55:18","slug":"mackmyra-bee-honey-whisky","status":"publish","type":"product","link":"https:\/\/whisky.ad\/ca\/producte\/mackmyra-bee-honey-whisky\/","title":{"rendered":"Mackmyra Bee Honey Whisky"},"content":{"rendered":"<p>0,5L 22% Licor de whisky i mel elaborat amb ingredients suecs purs Bee \u00e9s un licor suec amb whisky i mel, elaborat amb whisky suec, vodka de malta i mel ecol\u00f2gica. La mel es produeix als voltants de G\u00e4vle i Valbo, principalment a partir de dent de lle\u00f3, til\u00b7ler i flors del bosc amb tocs de gerd. El color \u00e9s groc ambre i el nas \u00e9s afruitat, baies i complex amb notes de mel, fusta de b\u00f3ta, vainilla i caf\u00e8. En boca \u00e9s delici\u00f3s i dol\u00e7 de mel amb aromes de sucre demerara, vainilla i caramel amb lleugeres notes de b\u00f3ta de fons. El retrogust \u00e9s lleugerament dol\u00e7 de mel amb notes d&#8217;ametlla, caf\u00e8 i c\u00edtrics. L&#8217;ABV est\u00e0 ajustat a un 22 per cent de bon gust, per equilibrar perfectament les notes suaus de mel. Gaudeix de Bee com a refredat o com a final dol\u00e7 per a un bon sopar. NOST El nas \u00e9s afruitat, fruita i complexa amb notes de mel, fusta de b\u00f3ta, vainilla i caf\u00e8. GUSTA En boca \u00e9s delici\u00f3s i dol\u00e7 amb mel amb aromes de sucre demerara, vainilla i caramel amb lleugeres notes de b\u00f3ta de fons. El retrogust \u00e9s lleugerament dol\u00e7 de mel amb notes d&#8217;ametlla, caf\u00e8 i c\u00edtrics.<\/p>\n<p>&nbsp;<\/p>\n","protected":false},"excerpt":{"rendered":"<p>0,5L 22% Licor de whisky i mel elaborat amb ingredients suecs purs Bee \u00e9s un licor suec amb whisky i mel, elaborat amb whisky suec, vodka de malta i mel ecol\u00f2gica. La mel es produeix als voltants de G\u00e4vle i Valbo, principalment a partir de dent de lle\u00f3, til\u00b7ler i flors del bosc amb tocs [&hellip;]<\/p>\n","protected":false},"featured_media":75858,"comment_status":"open","ping_status":"closed","template":"","meta":{"_acf_changed":false},"product_brand":[],"product_cat":[423,349],"product_tag":[],"class_list":{"0":"post-78914","1":"product","2":"type-product","3":"status-publish","4":"has-post-thumbnail","6":"product_cat-licor","7":"product_cat-begudes-alcoholiques-ca","9":"first","10":"instock","11":"taxable","12":"shipping-taxable","13":"purchasable","14":"product-type-simple"},"acf":[],"aioseo_notices":[],"jetpack_sharing_enabled":true,"_links":{"self":[{"href":"https:\/\/whisky.ad\/ca\/wp-json\/wp\/v2\/product\/78914","targetHints":{"allow":["GET"]}}],"collection":[{"href":"https:\/\/whisky.ad\/ca\/wp-json\/wp\/v2\/product"}],"about":[{"href":"https:\/\/whisky.ad\/ca\/wp-json\/wp\/v2\/types\/product"}],"replies":[{"embeddable":true,"href":"https:\/\/whisky.ad\/ca\/wp-json\/wp\/v2\/comments?post=78914"}],"wp:featuredmedia":[{"embeddable":true,"href":"https:\/\/whisky.ad\/ca\/wp-json\/wp\/v2\/media\/75858"}],"wp:attachment":[{"href":"https:\/\/whisky.ad\/ca\/wp-json\/wp\/v2\/media?parent=78914"}],"wp:term":[{"taxonomy":"product_brand","embeddable":true,"href":"https:\/\/whisky.ad\/ca\/wp-json\/wp\/v2\/product_brand?post=78914"},{"taxonomy":"product_cat","embeddable":true,"href":"https:\/\/whisky.ad\/ca\/wp-json\/wp\/v2\/product_cat?post=78914"},{"taxonomy":"product_tag","embeddable":true,"href":"https:\/\/whisky.ad\/ca\/wp-json\/wp\/v2\/product_tag?post=78914"}],"curies":[{"name":"wp","href":"https:\/\/api.w.org\/{rel}","templated":true}]}}