{"id":78911,"date":"2019-12-30T16:19:41","date_gmt":"2019-12-30T15:19:41","guid":{"rendered":"https:\/\/whisky.ad\/product\/luigi-righetti-campo-tordi-corvina-2017\/"},"modified":"2024-01-12T11:33:02","modified_gmt":"2024-01-12T10:33:02","slug":"luigi-righetti-campo-tordi-corvina-2017","status":"publish","type":"product","link":"https:\/\/whisky.ad\/ca\/producte\/luigi-righetti-campo-tordi-corvina-2017\/","title":{"rendered":"Luigi Righetti \u2013 Campo Tordi Corvina 2017"},"content":{"rendered":"<div id=\"main-wrapper\" class=\"content-wrap ls-overflow-visible\">\n<div id=\"wrapper\" class=\"ls-overflow-visible\">\n<div class=\"page-container ls-overflow-visible\">\n<div id=\"cg-page-wrap\" class=\"hfeed site ls-overflow-visible\">\n<div class=\"content-area ls-overflow-visible\">\n<article id=\"post-71900\" class=\"post-71900 page type-page status-publish hentry ls-overflow-visible\">\n<div class=\"entry-content ls-overflow-visible\">\n<div class=\"container\">\n<div class=\"vc_row wpb_row vc_row-fluid\">\n<div class=\"wpb_column vc_column_container vc_col-sm-6\">\n<div class=\"vc_column-inner \">\n<div class=\"wpb_wrapper\">\n<div class=\"wpb_text_column wpb_content_element \">\n<div class=\"wpb_wrapper\">\n<p><strong>Vivino 3.5\/5<\/strong><\/p>\n<p>-Categories: Corvina, It\u00e0lia, Vi negre, Luigi Righetti, V\u00e8neto, Vins -Pa\u00eds \/ Regi\u00f3: It\u00e0lia \/ V\u00e8neto -Tipus: Vi negre -Varietat: Corvina -Vintage: 2017 -Dolor practicada: Extra sec \u2013 Cos: lleuger \/ de cos mitj\u00e0 -Closura: suro -Com beure: beure ara i durant els propers 18 mesos Descripci\u00f3: format per 100% corvina, la varietat prim\u00e0ria en vins com Valpolicella Classico i Amarone della Valpolicella. El resultat \u00e9s una expressi\u00f3 m\u00e9s fresca i fruitera del ra\u00efm de Corvina. Busqueu notes de fruita vermella brillant amb una fina ametlla amarga al final. Tanins lleugers, acidesa equilibrada.<\/p>\n<\/div>\n<\/div>\n<\/div>\n<\/div>\n<\/div>\n<\/div>\n<\/div>\n<\/div>\n<\/article>\n<\/div>\n<\/div>\n<\/div>\n<\/div>\n<\/div>\n","protected":false},"excerpt":{"rendered":"<p>-Categories: Corvina, It\u00e0lia, Vi negre, Luigi Righetti, Veneto, Vins -Pa\u00eds \/ Regi\u00f3: It\u00e0lia \/ Veneto -Tipus: Vi negre -Varietat: Corvina &#8211; Anyada: 2017 -Pr\u00e0ctica dolor: Extra sec \u2013 Cos: cos lleuger \/ mitj\u00e0 &#8211; Tancament: suro -Com beure: beure ara i durant els propers 18 mesos Descripci\u00f3: elaborat amb 100% Corvina, la varietat principal en vins com el Valpolicella Classico i l&#8217;Amarone della Valpolicella. El resultat \u00e9s una expressi\u00f3 m\u00e9s fresca i afruitat del ra\u00efm Corvina. Busqueu notes de fruita vermella brillant amb una fina ametlla amarga al final. Tanins lleugers, acidesa equilibrada.<\/p>\n","protected":false},"featured_media":75636,"comment_status":"open","ping_status":"closed","template":"","meta":{"_acf_changed":false},"product_brand":[],"product_cat":[521,391],"product_tag":[520],"class_list":{"0":"post-78911","1":"product","2":"type-product","3":"status-publish","4":"has-post-thumbnail","6":"product_cat-veneto-ca","7":"product_cat-vins-ca","8":"product_tag-red-ca","10":"first","11":"instock","12":"sale","13":"taxable","14":"shipping-taxable","15":"purchasable","16":"product-type-simple"},"acf":[],"aioseo_notices":[],"jetpack_sharing_enabled":true,"_links":{"self":[{"href":"https:\/\/whisky.ad\/ca\/wp-json\/wp\/v2\/product\/78911","targetHints":{"allow":["GET"]}}],"collection":[{"href":"https:\/\/whisky.ad\/ca\/wp-json\/wp\/v2\/product"}],"about":[{"href":"https:\/\/whisky.ad\/ca\/wp-json\/wp\/v2\/types\/product"}],"replies":[{"embeddable":true,"href":"https:\/\/whisky.ad\/ca\/wp-json\/wp\/v2\/comments?post=78911"}],"wp:featuredmedia":[{"embeddable":true,"href":"https:\/\/whisky.ad\/ca\/wp-json\/wp\/v2\/media\/75636"}],"wp:attachment":[{"href":"https:\/\/whisky.ad\/ca\/wp-json\/wp\/v2\/media?parent=78911"}],"wp:term":[{"taxonomy":"product_brand","embeddable":true,"href":"https:\/\/whisky.ad\/ca\/wp-json\/wp\/v2\/product_brand?post=78911"},{"taxonomy":"product_cat","embeddable":true,"href":"https:\/\/whisky.ad\/ca\/wp-json\/wp\/v2\/product_cat?post=78911"},{"taxonomy":"product_tag","embeddable":true,"href":"https:\/\/whisky.ad\/ca\/wp-json\/wp\/v2\/product_tag?post=78911"}],"curies":[{"name":"wp","href":"https:\/\/api.w.org\/{rel}","templated":true}]}}