{"id":78906,"date":"2023-08-28T13:57:46","date_gmt":"2023-08-28T12:57:46","guid":{"rendered":"https:\/\/whisky.ad\/product\/loiten-aquavit-0-7l-40\/"},"modified":"2023-08-28T13:57:46","modified_gmt":"2023-08-28T12:57:46","slug":"loiten-aquavit-0-7l-40","status":"publish","type":"product","link":"https:\/\/whisky.ad\/ca\/producte\/loiten-aquavit-0-7l-40\/","title":{"rendered":"Loiten Aquavit 0.7l 40%"},"content":{"rendered":"","protected":false},"excerpt":{"rendered":"<p>L\u00f8iten Aquavit \u00e9s un aquavit noruec per excel\u00b7l\u00e8ncia, conegut per la seva interacci\u00f3 distintiva de c\u00edtrics i esp\u00e8cies, magistralment equilibrat. A mesura que avan\u00e7a el viatge, un suau corrent d&#8217;an\u00eds balla al paladar, acompanyat d&#8217;un subtil toc de dol\u00e7or, fruit dels sis mesos de maduraci\u00f3 en b\u00f3tes de roure abans de l&#8217;embotellament. Aspecte: irradia un to daurat lleuger i delicat. Aroma: La frag\u00e0ncia presenta un conjunt elegant, oferint una complexa simfonia de pell de llimona i taronja. Perfil gustatiu: El paladar acull una suavitat i equilibri harmoniosos, on les notes c\u00edtriques prenen el protagonisme, complementades amb un delicat toc d&#8217;an\u00eds. Recomanacions per servir: un acompanyant natural de la taula de dinar danesa o noruega, millor gaudir-ne una mica fred, per\u00f2 no fins al punt d&#8217;estar gelat. Els or\u00edgens de L\u00f8ken Burneri es remunten a l&#8217;any 1855, marcat per la seva creaci\u00f3 com a cooperativa que abastava les necessitats de destil\u00b7laci\u00f3 dels camperols locals al municipi noruec de L\u00f8ten. Posteriorment, va sorgir la destil\u00b7leria L\u00f8iten Burner d&#8217;Oslo, teixint mat\u00e8ries primeres amb una varietat d&#8217;esp\u00e8cies i herbes per modelar el seu sabor caracter\u00edstic. Notablement, les receptes elaborades durant aquella \u00e8poca segueixen sent fonamentals per a les seves ofertes fins i tot avui. <\/p>\n","protected":false},"featured_media":77286,"comment_status":"open","ping_status":"closed","template":"","meta":{"_acf_changed":false},"product_brand":[],"product_cat":[350,349],"product_tag":[],"class_list":{"0":"post-78906","1":"product","2":"type-product","3":"status-publish","4":"has-post-thumbnail","6":"product_cat-aquavit-ca","7":"product_cat-begudes-alcoholiques-ca","9":"first","10":"instock","11":"taxable","12":"shipping-taxable","13":"purchasable","14":"product-type-simple"},"acf":[],"aioseo_notices":[],"jetpack_sharing_enabled":true,"_links":{"self":[{"href":"https:\/\/whisky.ad\/ca\/wp-json\/wp\/v2\/product\/78906","targetHints":{"allow":["GET"]}}],"collection":[{"href":"https:\/\/whisky.ad\/ca\/wp-json\/wp\/v2\/product"}],"about":[{"href":"https:\/\/whisky.ad\/ca\/wp-json\/wp\/v2\/types\/product"}],"replies":[{"embeddable":true,"href":"https:\/\/whisky.ad\/ca\/wp-json\/wp\/v2\/comments?post=78906"}],"wp:featuredmedia":[{"embeddable":true,"href":"https:\/\/whisky.ad\/ca\/wp-json\/wp\/v2\/media\/77286"}],"wp:attachment":[{"href":"https:\/\/whisky.ad\/ca\/wp-json\/wp\/v2\/media?parent=78906"}],"wp:term":[{"taxonomy":"product_brand","embeddable":true,"href":"https:\/\/whisky.ad\/ca\/wp-json\/wp\/v2\/product_brand?post=78906"},{"taxonomy":"product_cat","embeddable":true,"href":"https:\/\/whisky.ad\/ca\/wp-json\/wp\/v2\/product_cat?post=78906"},{"taxonomy":"product_tag","embeddable":true,"href":"https:\/\/whisky.ad\/ca\/wp-json\/wp\/v2\/product_tag?post=78906"}],"curies":[{"name":"wp","href":"https:\/\/api.w.org\/{rel}","templated":true}]}}