{"id":78903,"date":"2023-08-30T18:33:19","date_gmt":"2023-08-30T17:33:19","guid":{"rendered":"https:\/\/whisky.ad\/product\/loch-lomond-unpeated-single-grain-whisky-0-7l-46\/"},"modified":"2023-08-30T18:33:19","modified_gmt":"2023-08-30T17:33:19","slug":"loch-lomond-unpeated-single-grain-whisky-0-7l-46","status":"publish","type":"product","link":"https:\/\/whisky.ad\/ca\/producte\/loch-lomond-unpeated-single-grain-whisky-0-7l-46\/","title":{"rendered":"Loch Lomond Unpeated Single Grain Whisky 0.7l 46%"},"content":{"rendered":"","protected":false},"excerpt":{"rendered":"<p>A Loch Lomond, destil\u00b7len el gra \u00fanic amb un alambin continu i ordi 100% maltejat, una opci\u00f3 poc comuna per al whisky de gra \u00fanic que normalment utilitza altres grans com el s\u00e8gol o el blat de moro. Aquest proc\u00e9s \u00fanic produeix un esperit vellutat i dol\u00e7, dotat d&#8217;una complexitat inusual que no es troba habitualment en el whisky de gra \u00fanic. Anticipeu una paleta de sabors subtils amb notes de poma verda refrescant, vainilla vellutada i fruites d&#8217;hort suaus.  <\/p>\n<div class=\"flex flex-grow flex-col gap-3 max-w-full\">\n<div class=\"min-h-[20px] flex flex-col items-start gap-3 overflow-x-auto whitespace-pre-wrap break-words\">\n<div class=\"markdown prose w-full break-words dark:prose-invert light\">\n<p>Perfil de tast AROMA L&#8217;aroma dels camps d&#8217;ordi acabats de collir, acompanyat d&#8217;un rerefons maltat, que combina notes de galetes amb pomes al forn, complementades amb un subtil toc de pell de llimona. PALADAR Atractiu cruixent i fr\u00e0gil. Les notes de suc de pinya i una vivac raci\u00f3 de llimona es barregen, culminant amb una deliciosa dol\u00e7or de vainilla cap al final. POST-GUSTO Una experi\u00e8ncia tendra, on els suaus tons de fruita convergeixen amb una suculenta dol\u00e7or, deixant una impressi\u00f3 sucosa i satisfact\u00f2ria.<\/p>\n<\/div>\n<\/div>\n<\/div>\n","protected":false},"featured_media":77520,"comment_status":"open","ping_status":"closed","template":"","meta":{"_acf_changed":false},"product_brand":[],"product_cat":[360,491,315,454],"product_tag":[],"class_list":{"0":"post-78903","1":"product","2":"type-product","3":"status-publish","4":"has-post-thumbnail","6":"product_cat-whisky-per-marca-ca","7":"product_cat-whisky-per-pais-regio","8":"product_cat-escocia","9":"product_cat-loch-lomond-ca","11":"first","12":"instock","13":"taxable","14":"shipping-taxable","15":"purchasable","16":"product-type-simple"},"acf":[],"aioseo_notices":[],"jetpack_sharing_enabled":true,"_links":{"self":[{"href":"https:\/\/whisky.ad\/ca\/wp-json\/wp\/v2\/product\/78903","targetHints":{"allow":["GET"]}}],"collection":[{"href":"https:\/\/whisky.ad\/ca\/wp-json\/wp\/v2\/product"}],"about":[{"href":"https:\/\/whisky.ad\/ca\/wp-json\/wp\/v2\/types\/product"}],"replies":[{"embeddable":true,"href":"https:\/\/whisky.ad\/ca\/wp-json\/wp\/v2\/comments?post=78903"}],"wp:featuredmedia":[{"embeddable":true,"href":"https:\/\/whisky.ad\/ca\/wp-json\/wp\/v2\/media\/77520"}],"wp:attachment":[{"href":"https:\/\/whisky.ad\/ca\/wp-json\/wp\/v2\/media?parent=78903"}],"wp:term":[{"taxonomy":"product_brand","embeddable":true,"href":"https:\/\/whisky.ad\/ca\/wp-json\/wp\/v2\/product_brand?post=78903"},{"taxonomy":"product_cat","embeddable":true,"href":"https:\/\/whisky.ad\/ca\/wp-json\/wp\/v2\/product_cat?post=78903"},{"taxonomy":"product_tag","embeddable":true,"href":"https:\/\/whisky.ad\/ca\/wp-json\/wp\/v2\/product_tag?post=78903"}],"curies":[{"name":"wp","href":"https:\/\/api.w.org\/{rel}","templated":true}]}}