{"id":78900,"date":"2023-08-30T18:58:40","date_gmt":"2023-08-30T17:58:40","guid":{"rendered":"https:\/\/whisky.ad\/product\/loch-lomond-steam-fire-single-malt-whisky-0-7l-46\/"},"modified":"2024-01-05T17:30:59","modified_gmt":"2024-01-05T16:30:59","slug":"loch-lomond-steam-fire-single-malt-whisky-0-7l-46","status":"publish","type":"product","link":"https:\/\/whisky.ad\/ca\/producte\/loch-lomond-steam-fire-single-malt-whisky-0-7l-46\/","title":{"rendered":"Loch Lomond Steam &amp; Fire Single Malt Whisky 0.7l 46%"},"content":{"rendered":"","protected":false},"excerpt":{"rendered":"<div class=\"flex flex-grow flex-col gap-3 max-w-full\">\n<div class=\"min-h-[20px] flex flex-col items-start gap-3 overflow-x-auto whitespace-pre-wrap break-words\">\n<div class=\"markdown prose w-full break-words dark:prose-invert light\">\n<p>Elaborat amb fervor i un toc inventiu, aquest excepcional Single Malt Whisky es basa en un proc\u00e9s d&#8217;acabat en caixes de roure americ\u00e0 \u00e0 molt carbonitzats, un tractament que accentua abundants materials d&#8217;ess\u00e8ncia de sucre moreno fos, juntament amb una textura sumptuosa i vellutada. amb tocs de taronja i xocolata negra. El whisky single malt de Steam &amp; Fire s&#8217;embarca en un viatge de maduraci\u00f3 que inclou varietats molt diferents de b\u00f3tes americanes, que culmina amb un final de 10 b\u00f3tes de b\u00f3tes molt carbonitzades, cuinades amb cura a la nostra reconeguda toneleria in situ que ha guanyat els seus propis reconeixements. . Aquesta expressi\u00f3 encarnava el dest\u00ed de la nostra destil\u00b7leria en l&#8217;alqu\u00edmia i l&#8217;enginyeria, manifestaci\u00f3 de la nostra incessant exploraci\u00f3, experimentaci\u00f3 i dominada per artesans, destil\u00b7ladors i tonelers. Loch Lomond Steam &amp; Fire no s&#8217;anomena en el nostre proc\u00e9s de destil\u00b7laci\u00f3 multivalent, per\u00f2 les b\u00f3tes s\u00f3n al migdia i carbonitzen fins que surten de l&#8217;antic peatge, donant al resultat un whisky inequ\u00edvocament distint i imaginatiu. Elaboraci\u00f3 utilitzant l&#8217;esperit de l&#8217;estil\u00b7lat tant a trav\u00e9s del nostre extraordinari coll recte com dels alambins de coll de cigne mes convencionals, l&#8217;esperit resultant en nodreix dins de caixes de roure america, que va culminar amb un final en caixes molt carbonitzades, sotmes a flames. per cortesia de la nostra toneleria interna. Aquest proc\u00e9s de carbonitzaci\u00f3 aporta una complexitat inigualable, amplificant la pres\u00e8ncia de les caracter\u00edstiques de m\u00e9s sucre, que crea sensaci\u00f3 en un pot de luxe i s&#8217;acompanya de tocs de taronja i xocolata negra. Nota de gust AROMA Toffee, poma, caramel, vainilla i canyella. PALADAR Boca sedosa, ressonant amb notes de taronja, pressec, melmelada, caf\u00e8, sucre moreno fos i malvavisc torrat. ACABAR<\/p>\n<p>El final perdura de mitj\u00e0 a llarg, caracteritzat per un perfil sec amb notes de xocolata negra rica i suaus ratlles de fum.<\/p>\n<p>REF: <a href=\"https:\/\/www.whiskybase.com\/whiskies\/whisky\/236920\/loch-lomond-steam-fire\">WHISKYBASE<\/a><\/p>\n<\/div>\n<\/div>\n<\/div>\n","protected":false},"featured_media":77523,"comment_status":"open","ping_status":"closed","template":"","meta":{"_acf_changed":false},"product_brand":[],"product_cat":[360,491,315,454],"product_tag":[],"class_list":{"0":"post-78900","1":"product","2":"type-product","3":"status-publish","4":"has-post-thumbnail","6":"product_cat-whisky-per-marca-ca","7":"product_cat-whisky-per-pais-regio","8":"product_cat-escocia","9":"product_cat-loch-lomond-ca","11":"first","12":"instock","13":"taxable","14":"shipping-taxable","15":"purchasable","16":"product-type-simple"},"acf":[],"aioseo_notices":[],"jetpack_sharing_enabled":true,"_links":{"self":[{"href":"https:\/\/whisky.ad\/ca\/wp-json\/wp\/v2\/product\/78900","targetHints":{"allow":["GET"]}}],"collection":[{"href":"https:\/\/whisky.ad\/ca\/wp-json\/wp\/v2\/product"}],"about":[{"href":"https:\/\/whisky.ad\/ca\/wp-json\/wp\/v2\/types\/product"}],"replies":[{"embeddable":true,"href":"https:\/\/whisky.ad\/ca\/wp-json\/wp\/v2\/comments?post=78900"}],"wp:featuredmedia":[{"embeddable":true,"href":"https:\/\/whisky.ad\/ca\/wp-json\/wp\/v2\/media\/77523"}],"wp:attachment":[{"href":"https:\/\/whisky.ad\/ca\/wp-json\/wp\/v2\/media?parent=78900"}],"wp:term":[{"taxonomy":"product_brand","embeddable":true,"href":"https:\/\/whisky.ad\/ca\/wp-json\/wp\/v2\/product_brand?post=78900"},{"taxonomy":"product_cat","embeddable":true,"href":"https:\/\/whisky.ad\/ca\/wp-json\/wp\/v2\/product_cat?post=78900"},{"taxonomy":"product_tag","embeddable":true,"href":"https:\/\/whisky.ad\/ca\/wp-json\/wp\/v2\/product_tag?post=78900"}],"curies":[{"name":"wp","href":"https:\/\/api.w.org\/{rel}","templated":true}]}}