{"id":78897,"date":"2023-11-15T12:35:43","date_gmt":"2023-11-15T11:35:43","guid":{"rendered":"https:\/\/whisky.ad\/product\/loch-lomond-peated-single-grain-whisky-0-7l-46\/"},"modified":"2024-01-05T16:36:20","modified_gmt":"2024-01-05T15:36:20","slug":"loch-lomond-peated-single-grain-whisky-0-7l-46","status":"publish","type":"product","link":"https:\/\/whisky.ad\/ca\/producte\/loch-lomond-peated-single-grain-whisky-0-7l-46\/","title":{"rendered":"Loch Lomond Peated Single Grain Whisky 0.7l 46%"},"content":{"rendered":"","protected":false},"excerpt":{"rendered":"<p>El whisky <a title=\"Single Grain Scotch Whisky\" href=\"https:\/\/www.lochlomondwhiskies.com\/collections\/single-grain-whisky\">Loch Lomond Peated Single Grain<\/a> es produeix exclusivament a la sala de maltes de la cerveseria Loch Lomond. A continuaci\u00f3, es madura en una combinaci\u00f3 de primeres b\u00f3tes de bourbon i de recanvi que ofereix un car\u00e0cter afruitat suau amb vainilla cremosa i ratlles de fum.<\/p>\n","protected":false},"featured_media":77640,"comment_status":"open","ping_status":"closed","template":"","meta":{"_acf_changed":false},"product_brand":[],"product_cat":[360,315,454],"product_tag":[],"class_list":{"0":"post-78897","1":"product","2":"type-product","3":"status-publish","4":"has-post-thumbnail","6":"product_cat-whisky-per-marca-ca","7":"product_cat-escocia","8":"product_cat-loch-lomond-ca","10":"first","11":"instock","12":"taxable","13":"shipping-taxable","14":"purchasable","15":"product-type-simple"},"acf":[],"aioseo_notices":[],"jetpack_sharing_enabled":true,"_links":{"self":[{"href":"https:\/\/whisky.ad\/ca\/wp-json\/wp\/v2\/product\/78897","targetHints":{"allow":["GET"]}}],"collection":[{"href":"https:\/\/whisky.ad\/ca\/wp-json\/wp\/v2\/product"}],"about":[{"href":"https:\/\/whisky.ad\/ca\/wp-json\/wp\/v2\/types\/product"}],"replies":[{"embeddable":true,"href":"https:\/\/whisky.ad\/ca\/wp-json\/wp\/v2\/comments?post=78897"}],"wp:featuredmedia":[{"embeddable":true,"href":"https:\/\/whisky.ad\/ca\/wp-json\/wp\/v2\/media\/77640"}],"wp:attachment":[{"href":"https:\/\/whisky.ad\/ca\/wp-json\/wp\/v2\/media?parent=78897"}],"wp:term":[{"taxonomy":"product_brand","embeddable":true,"href":"https:\/\/whisky.ad\/ca\/wp-json\/wp\/v2\/product_brand?post=78897"},{"taxonomy":"product_cat","embeddable":true,"href":"https:\/\/whisky.ad\/ca\/wp-json\/wp\/v2\/product_cat?post=78897"},{"taxonomy":"product_tag","embeddable":true,"href":"https:\/\/whisky.ad\/ca\/wp-json\/wp\/v2\/product_tag?post=78897"}],"curies":[{"name":"wp","href":"https:\/\/api.w.org\/{rel}","templated":true}]}}