{"id":78894,"date":"2023-07-18T13:00:15","date_gmt":"2023-07-18T12:00:15","guid":{"rendered":"https:\/\/whisky.ad\/product\/loch-lomond-54-year-old-single-malt\/"},"modified":"2023-07-18T13:00:15","modified_gmt":"2023-07-18T12:00:15","slug":"loch-lomond-54-year-old-single-malt","status":"publish","type":"product","link":"https:\/\/whisky.ad\/ca\/producte\/loch-lomond-54-year-old-single-malt\/","title":{"rendered":"Loch Lomond 54 YEAR OLD SINGLE MALT"},"content":{"rendered":"<p>Loch Lomond 54 anys \u00e9s el llan\u00e7ament de <strong>single malt m\u00e9s antic fins ara<\/strong> i un dels m\u00e9s rars. Nom\u00e9s s&#8217;han produ\u00eft 55 ampolles d&#8217;aquesta edici\u00f3 limitada. Originalment madurat en una rec\u00e0rrega de roure americ\u00e0 hogshead abans de tornar-se a embocar en un rec\u00e0rrega de roure europeu hogshead de xer\u00e8s el 1994. La suau maduraci\u00f3 durant 54 anys ha creat un whisky de riquesa refinada i car\u00e0cter excepcional. Destil\u00b7lat l&#8217;any 1967, nom\u00e9s un any despr\u00e9s que els ic\u00f2nics alambins de coll recte de la destil\u00b7leria comenc\u00e9s a produir-se el 1966, el whisky Loch Lomond de 54 anys s&#8217;ha elaborat de manera experta a partir d&#8217;ordi maltejat sense torba i s&#8217;ha recollit amb gran for\u00e7a. Originalment madurat en un rec\u00e0rrega de roure americ\u00e0 hogshead abans de ser tornat a convertir en un rec\u00e0rrec de roure europeu hogshead de xer\u00e8s el 1994. La suau maduraci\u00f3 durant 54 anys ha creat un whisky de riquesa refinada i car\u00e0cter excepcional que ha perm\u00e8s que l&#8217;eleg\u00e0ncia i la qualitat de l&#8217;estil Loch Lomond passen a primer pla. No filtrat per fred i de color natural tal com pret\u00e9n la natura. Nom\u00e9s 55 ampolles disponibles a tot el m\u00f3n. <\/p>\n<p><a href=\"https:\/\/whisky.ad\/wp-content\/uploads\/2023\/07\/Loch-Lomond-Single-Malt-54YO-Presenter.pdf\">https:\/\/whisky.ad\/wp-content\/uploads\/2023\/07\/Loch-Lomond-Single-Malt-54YO-Presenter.pdf<\/a><\/p>\n","protected":false},"excerpt":{"rendered":"<h3>Preu a petici\u00f3<\/h3>\n","protected":false},"featured_media":76839,"comment_status":"open","ping_status":"closed","template":"","meta":{"_acf_changed":false},"product_brand":[],"product_cat":[343,360,315],"product_tag":[],"class_list":{"0":"post-78894","1":"product","2":"type-product","3":"status-publish","4":"has-post-thumbnail","6":"product_cat-rar-i-colleccionable","7":"product_cat-whisky-per-marca-ca","8":"product_cat-escocia","10":"first","11":"instock","12":"taxable","13":"shipping-taxable","14":"product-type-simple"},"acf":[],"aioseo_notices":[],"jetpack_sharing_enabled":true,"_links":{"self":[{"href":"https:\/\/whisky.ad\/ca\/wp-json\/wp\/v2\/product\/78894","targetHints":{"allow":["GET"]}}],"collection":[{"href":"https:\/\/whisky.ad\/ca\/wp-json\/wp\/v2\/product"}],"about":[{"href":"https:\/\/whisky.ad\/ca\/wp-json\/wp\/v2\/types\/product"}],"replies":[{"embeddable":true,"href":"https:\/\/whisky.ad\/ca\/wp-json\/wp\/v2\/comments?post=78894"}],"wp:featuredmedia":[{"embeddable":true,"href":"https:\/\/whisky.ad\/ca\/wp-json\/wp\/v2\/media\/76839"}],"wp:attachment":[{"href":"https:\/\/whisky.ad\/ca\/wp-json\/wp\/v2\/media?parent=78894"}],"wp:term":[{"taxonomy":"product_brand","embeddable":true,"href":"https:\/\/whisky.ad\/ca\/wp-json\/wp\/v2\/product_brand?post=78894"},{"taxonomy":"product_cat","embeddable":true,"href":"https:\/\/whisky.ad\/ca\/wp-json\/wp\/v2\/product_cat?post=78894"},{"taxonomy":"product_tag","embeddable":true,"href":"https:\/\/whisky.ad\/ca\/wp-json\/wp\/v2\/product_tag?post=78894"}],"curies":[{"name":"wp","href":"https:\/\/api.w.org\/{rel}","templated":true}]}}