{"id":78891,"date":"2023-06-15T12:40:17","date_gmt":"2023-06-15T11:40:17","guid":{"rendered":"https:\/\/whisky.ad\/product\/loch-lomond-47-yo-remarkable-stills-series\/"},"modified":"2023-12-11T12:43:40","modified_gmt":"2023-12-11T11:43:40","slug":"loch-lomond-47-yo-remarkable-stills-series","status":"publish","type":"product","link":"https:\/\/whisky.ad\/ca\/producte\/loch-lomond-47-yo-remarkable-stills-series\/","title":{"rendered":"Loch Lomond 47 YO Remarkable Stills Series"},"content":{"rendered":"","protected":false},"excerpt":{"rendered":"<h2>Preu a petici\u00f3<\/h2>\n<p>Aqu\u00ed teniu la versi\u00f3 n\u00fam. 3 de la s\u00e8rie Remarkable Stills, un whisky single malt de 47 anys realment excepcional. Limitat a nom\u00e9s 200 ampolles disponibles a tot el m\u00f3n, aquest notable esperit mostra el domini dels nostres \u00fanics alambins de coll recte. Destil\u00b7lat l&#8217;any 1974, aquest l\u00edquid va comen\u00e7ar el seu extraordinari viatge en b\u00f3tes de roure americ\u00e0 reomplides. Despr\u00e9s d&#8217;uns impressionants 43 anys de maduraci\u00f3, es va traslladar a les b\u00f3tes de xer\u00e8s d&#8217;Oloroso de segon ompliment, afegint-hi una deliciosa complexitat de fruita tropical seca que complementa perfectament les caracter\u00edstiques de la fruita de l&#8217;hort de la destil\u00b7leria creades pels nostres Remarkable Stills. La s\u00e8rie Remarkable Stills acull alguns dels licors m\u00e9s antics i rars de la destil\u00b7leria, testimoni de l&#8217;alqu\u00edmia i l&#8217;enginyeria darrere del proc\u00e9s d&#8217;elaboraci\u00f3 de whisky de Loch Lomond. Aquesta versi\u00f3 en particular il\u00b7lustra l&#8217;ess\u00e8ncia del nostre saber fer. L&#8217;esperit s&#8217;elabora amb malta 100% sense torba, destil\u00b7lada acuradament als nostres alambins Straight Neck. Aquests alambins ens proporcionen un control inigualable durant la destil\u00b7laci\u00f3, cosa que ens permet recollir l&#8217;alcohol a un nivell de concentraci\u00f3 m\u00e9s elevat. Aquest enfocament distintiu aconsegueix una afruitat caracter\u00edstica que s&#8217;ha convertit en sin\u00f2nim de la destil\u00b7leria Loch Lomond i ocupa el protagonisme en aquesta expressi\u00f3 notable. Nota de tast: Nas: Deixa&#8217;t seduir per les aromes de caramel, taronja i poma verda, acompanyades de delicades notes florals de rosa. Descobriu notes de panses, canyella i nou moscada, que afegeixen m\u00e9s profunditat i riquesa. Sabor: Boca vellutada que s&#8217;obre amb notes de caramel i vainilla. La poma verda cruixent, el mel\u00f3 i el kiwi ballen al paladar, entrella\u00e7ats amb tons florals de flor de sa\u00fcc, creant un perfil de sabor harmoni\u00f3s i elegant. Final: assaboreix el final llarg i satisfactori, on el sucre moreno fos inicialment dol\u00e7 d\u00f3na pas a una temptadora explosi\u00f3 de c\u00edtrics de llima. El final deixa una suau sensaci\u00f3 d&#8217;escalfament amb esp\u00e8cies de canyella, que us demana a assaborir cada moment. <\/p>\n","protected":false},"featured_media":76830,"comment_status":"open","ping_status":"closed","template":"","meta":{"_acf_changed":false},"product_brand":[],"product_cat":[343,360,315,454],"product_tag":[],"class_list":{"0":"post-78891","1":"product","2":"type-product","3":"status-publish","4":"has-post-thumbnail","6":"product_cat-rar-i-colleccionable","7":"product_cat-whisky-per-marca-ca","8":"product_cat-escocia","9":"product_cat-loch-lomond-ca","10":"product_shipping_class-free-ca","12":"first","13":"instock","14":"purchasable","15":"product-type-simple"},"acf":[],"aioseo_notices":[],"jetpack_sharing_enabled":true,"_links":{"self":[{"href":"https:\/\/whisky.ad\/ca\/wp-json\/wp\/v2\/product\/78891","targetHints":{"allow":["GET"]}}],"collection":[{"href":"https:\/\/whisky.ad\/ca\/wp-json\/wp\/v2\/product"}],"about":[{"href":"https:\/\/whisky.ad\/ca\/wp-json\/wp\/v2\/types\/product"}],"replies":[{"embeddable":true,"href":"https:\/\/whisky.ad\/ca\/wp-json\/wp\/v2\/comments?post=78891"}],"wp:featuredmedia":[{"embeddable":true,"href":"https:\/\/whisky.ad\/ca\/wp-json\/wp\/v2\/media\/76830"}],"wp:attachment":[{"href":"https:\/\/whisky.ad\/ca\/wp-json\/wp\/v2\/media?parent=78891"}],"wp:term":[{"taxonomy":"product_brand","embeddable":true,"href":"https:\/\/whisky.ad\/ca\/wp-json\/wp\/v2\/product_brand?post=78891"},{"taxonomy":"product_cat","embeddable":true,"href":"https:\/\/whisky.ad\/ca\/wp-json\/wp\/v2\/product_cat?post=78891"},{"taxonomy":"product_tag","embeddable":true,"href":"https:\/\/whisky.ad\/ca\/wp-json\/wp\/v2\/product_tag?post=78891"}],"curies":[{"name":"wp","href":"https:\/\/api.w.org\/{rel}","templated":true}]}}