{"id":78885,"date":"2023-07-22T14:25:41","date_gmt":"2023-07-22T13:25:41","guid":{"rendered":"https:\/\/whisky.ad\/product\/loch-lomond-45-yo-remarkable-stills-series\/"},"modified":"2023-12-11T15:48:15","modified_gmt":"2023-12-11T14:48:15","slug":"loch-lomond-45-yo-remarkable-stills-series","status":"publish","type":"product","link":"https:\/\/whisky.ad\/ca\/producte\/loch-lomond-45-yo-remarkable-stills-series\/","title":{"rendered":"Loch Lomond 45 YO Remarkable Stills Series"},"content":{"rendered":"","protected":false},"excerpt":{"rendered":"<div class=\"flex flex-grow flex-col gap-3\">\n<div class=\"min-h-[20px] flex items-start overflow-x-auto whitespace-pre-wrap break-words flex-col gap-4\">\n<div class=\"markdown prose w-full break-words dark:prose-invert light\">\n<p><strong>REMARKABLE STILLS SERIES <\/strong><\/p>\n<p>Les alambics, qui sont uniques \u00e0 Loch Lomond, permettent aux distillateurs de mieux contr\u00f4ler le type d&#8217;alcool produit, ce qui permet une s\u00e9paration plus fine des saveurs. Ce processus contribue \u00e0 la cr\u00e9ation des caract\u00e8res fruit\u00e9s distincts qui ont fait la renomm\u00e9e de Loch Lomond. Distill\u00e9 en 1973, le whisky a m\u00fbri dans des f\u00fbts de ch\u00eane am\u00e9ricain avant d&#8217;\u00eatre achev\u00e9 dans un f\u00fbt de sherry oloroso de premier remplissage, ce qui lui conf\u00e8re une saveur sucr\u00e9e distincte. Ce whisky exquis pr\u00e9sente de d\u00e9licieuses notes de pomme rouge, de poire, de fruits tropicaux et de miel. L&#8217;ar\u00f4me r\u00e9v\u00e8le de s\u00e9duisants parfums floraux, suivis de notes de fleur d&#8217;oranger et de sucre roux fondu. La finale se prolonge merveilleusement, d\u00e9ployant des vagues d&#8217;\u00e9pices chaudes de cannelle et de fruits verts acidul\u00e9s. Embouteill\u00e9e \u00e0 42,2 % de volume d&#8217;alcool et non filtr\u00e9e \u00e0 froid. Le liquide est \u00e9l\u00e9gamment pr\u00e9sent\u00e9 dans une bouteille de qualit\u00e9 sup\u00e9rieure Loch Lomond, orn\u00e9e d&#8217;une plaque de cuivre estamp\u00e9e, et enferm\u00e9e dans un coffret en bois de ch\u00eane m\u00e9ticuleusement travaill\u00e9, con\u00e7u pour refl\u00e9ter l&#8217;apparence des alambics \u00e0 col droit Loch Lomond. Seules 200 bouteilles num\u00e9rot\u00e9es individuellement ont \u00e9t\u00e9 mises sur le march\u00e9, ce qui en fait l&#8217;une des expressions les plus rares \u00e0 ce jour.  <\/p>\n<div class=\"flex flex-grow flex-col gap-3\">\n<div class=\"min-h-[20px] flex items-start overflow-x-auto whitespace-pre-wrap break-words flex-col gap-4\">\n<div class=\"markdown prose w-full break-words dark:prose-invert light\">\n<p>NOTES DE D\u00c9GUSTATION NEZ Exquis\u00e9ment floral, il d\u00e9voile des notes de fleur d&#8217;oranger et de ch\u00e8vrefeuille, compl\u00e9t\u00e9es par des ar\u00f4mes invitants de p\u00eache m\u00fbre et de sucre brun fondu. BOUCHE Une douceur mielleuse enchanteresse accueille le palais, suivie par la pr\u00e9sence d\u00e9licieuse de fruits du verger tels que la pomme rouge et la poire. L&#8217;intensit\u00e9 augmente ensuite, r\u00e9v\u00e9lant des saveurs de fruits tropicaux comme le melon et le kiwi, magnifiquement entrelac\u00e9es avec une touche rafra\u00eechissante d&#8217;agrumes de citron vert. FINALE La finale est remarquablement longue, laissant des impressions de fruits verts acidul\u00e9s et de groseille \u00e0 maquereau, tandis que des vagues d&#8217;\u00e9pices chaudes de cannelle s&#8217;attardent gracieusement sur le palais.<\/p>\n<h3>Preu a petici\u00f3<\/h3>\n<\/div>\n<\/div>\n<\/div>\n<\/div>\n<\/div>\n<\/div>\n","protected":false},"featured_media":76863,"comment_status":"open","ping_status":"closed","template":"","meta":{"_acf_changed":false},"product_brand":[],"product_cat":[343,360,315,454],"product_tag":[],"class_list":{"0":"post-78885","1":"product","2":"type-product","3":"status-publish","4":"has-post-thumbnail","6":"product_cat-rar-i-colleccionable","7":"product_cat-whisky-per-marca-ca","8":"product_cat-escocia","9":"product_cat-loch-lomond-ca","10":"product_shipping_class-free-ca","12":"first","13":"instock","14":"purchasable","15":"product-type-simple"},"acf":[],"aioseo_notices":[],"jetpack_sharing_enabled":true,"_links":{"self":[{"href":"https:\/\/whisky.ad\/ca\/wp-json\/wp\/v2\/product\/78885","targetHints":{"allow":["GET"]}}],"collection":[{"href":"https:\/\/whisky.ad\/ca\/wp-json\/wp\/v2\/product"}],"about":[{"href":"https:\/\/whisky.ad\/ca\/wp-json\/wp\/v2\/types\/product"}],"replies":[{"embeddable":true,"href":"https:\/\/whisky.ad\/ca\/wp-json\/wp\/v2\/comments?post=78885"}],"wp:featuredmedia":[{"embeddable":true,"href":"https:\/\/whisky.ad\/ca\/wp-json\/wp\/v2\/media\/76863"}],"wp:attachment":[{"href":"https:\/\/whisky.ad\/ca\/wp-json\/wp\/v2\/media?parent=78885"}],"wp:term":[{"taxonomy":"product_brand","embeddable":true,"href":"https:\/\/whisky.ad\/ca\/wp-json\/wp\/v2\/product_brand?post=78885"},{"taxonomy":"product_cat","embeddable":true,"href":"https:\/\/whisky.ad\/ca\/wp-json\/wp\/v2\/product_cat?post=78885"},{"taxonomy":"product_tag","embeddable":true,"href":"https:\/\/whisky.ad\/ca\/wp-json\/wp\/v2\/product_tag?post=78885"}],"curies":[{"name":"wp","href":"https:\/\/api.w.org\/{rel}","templated":true}]}}