{"id":78882,"date":"2023-07-25T20:37:35","date_gmt":"2023-07-25T19:37:35","guid":{"rendered":"https:\/\/whisky.ad\/product\/loch-lomond-30-yo-single-malt-0-7l-47\/"},"modified":"2024-01-02T14:43:48","modified_gmt":"2024-01-02T13:43:48","slug":"loch-lomond-30-yo-single-malt-0-7l-47","status":"publish","type":"product","link":"https:\/\/whisky.ad\/ca\/producte\/loch-lomond-30-yo-single-malt-0-7l-47\/","title":{"rendered":"Loch Lomond 30 YO Single Malt 0.7l 47%"},"content":{"rendered":"","protected":false},"excerpt":{"rendered":"<div class=\"flex flex-grow flex-col gap-3\">\n<div class=\"min-h-[20px] flex items-start overflow-x-auto whitespace-pre-wrap break-words flex-col gap-4\">\n<div class=\"markdown prose w-full break-words dark:prose-invert light\">\n<p>Un whisky escoc\u00e8s excepcional de 30 anys, madurat minuciosament en les millors b\u00f3tes de roure americ\u00e0 i amb un acabat elegant en b\u00f3tes de xer\u00e8s d&#8217;Oloroso, que afegeix una captivadora capa de complexitat al producte acabat. Aquest exquisit whisky de 30 anys s&#8217;elabora amb esperit sense torba dels alambins \u00fanics de coll recte de la destil\u00b7leria, donant com a resultat un car\u00e0cter afruitat profund que delecta amb notes de kiwi, grosella i llima.<\/p>\n<p>REF: <a href=\"https:\/\/www.whiskybase.com\/whiskies\/whisky\/232826\/loch-lomond-30-year-old\">WHISKYBASE<\/a><\/p>\n<\/div>\n<\/div>\n<\/div>\n","protected":false},"featured_media":76926,"comment_status":"open","ping_status":"closed","template":"","meta":{"_acf_changed":false},"product_brand":[],"product_cat":[343,360,491,315,454],"product_tag":[],"class_list":{"0":"post-78882","1":"product","2":"type-product","3":"status-publish","4":"has-post-thumbnail","6":"product_cat-rar-i-colleccionable","7":"product_cat-whisky-per-marca-ca","8":"product_cat-whisky-per-pais-regio","9":"product_cat-escocia","10":"product_cat-loch-lomond-ca","12":"first","13":"instock","14":"taxable","15":"shipping-taxable","16":"purchasable","17":"product-type-simple"},"acf":[],"aioseo_notices":[],"jetpack_sharing_enabled":true,"_links":{"self":[{"href":"https:\/\/whisky.ad\/ca\/wp-json\/wp\/v2\/product\/78882","targetHints":{"allow":["GET"]}}],"collection":[{"href":"https:\/\/whisky.ad\/ca\/wp-json\/wp\/v2\/product"}],"about":[{"href":"https:\/\/whisky.ad\/ca\/wp-json\/wp\/v2\/types\/product"}],"replies":[{"embeddable":true,"href":"https:\/\/whisky.ad\/ca\/wp-json\/wp\/v2\/comments?post=78882"}],"wp:featuredmedia":[{"embeddable":true,"href":"https:\/\/whisky.ad\/ca\/wp-json\/wp\/v2\/media\/76926"}],"wp:attachment":[{"href":"https:\/\/whisky.ad\/ca\/wp-json\/wp\/v2\/media?parent=78882"}],"wp:term":[{"taxonomy":"product_brand","embeddable":true,"href":"https:\/\/whisky.ad\/ca\/wp-json\/wp\/v2\/product_brand?post=78882"},{"taxonomy":"product_cat","embeddable":true,"href":"https:\/\/whisky.ad\/ca\/wp-json\/wp\/v2\/product_cat?post=78882"},{"taxonomy":"product_tag","embeddable":true,"href":"https:\/\/whisky.ad\/ca\/wp-json\/wp\/v2\/product_tag?post=78882"}],"curies":[{"name":"wp","href":"https:\/\/api.w.org\/{rel}","templated":true}]}}