{"id":78879,"date":"2023-07-25T20:32:10","date_gmt":"2023-07-25T19:32:10","guid":{"rendered":"https:\/\/whisky.ad\/product\/loch-lomond-21-yo-single-malt-0-7l-46\/"},"modified":"2023-07-25T20:32:10","modified_gmt":"2023-07-25T19:32:10","slug":"loch-lomond-21-yo-single-malt-0-7l-46","status":"publish","type":"product","link":"https:\/\/whisky.ad\/ca\/producte\/loch-lomond-21-yo-single-malt-0-7l-46\/","title":{"rendered":"Loch Lomond 21 YO Single Malt 0.7l 46%"},"content":{"rendered":"","protected":false},"excerpt":{"rendered":"<div class=\"flex flex-grow flex-col gap-3\">\n<div class=\"min-h-[20px] flex items-start overflow-x-auto whitespace-pre-wrap break-words flex-col gap-4\">\n<div class=\"markdown prose w-full break-words dark:prose-invert light\">\n<p>Aquest excepcional single malt ha estat madurat en les millors b\u00f3tes de roure americ\u00e0, culminant amb una complexitat \u00fanica que es veu millorada encara m\u00e9s per un per\u00edode de matrimoni de fins a 3 mesos abans de l&#8217;embotellat. El resultat \u00e9s un whisky amb cos, adornat amb notes dolces de caramel de vainilla, pr\u00e9ssecs madurs i pera, amb una subtil torba i una ess\u00e8ncia de roure persistent.<\/p>\n<\/div>\n<\/div>\n<\/div>\n","protected":false},"featured_media":76923,"comment_status":"open","ping_status":"closed","template":"","meta":{"_acf_changed":false},"product_brand":[],"product_cat":[360,491,315,454],"product_tag":[],"class_list":{"0":"post-78879","1":"product","2":"type-product","3":"status-publish","4":"has-post-thumbnail","6":"product_cat-whisky-per-marca-ca","7":"product_cat-whisky-per-pais-regio","8":"product_cat-escocia","9":"product_cat-loch-lomond-ca","11":"first","12":"instock","13":"taxable","14":"shipping-taxable","15":"purchasable","16":"product-type-simple"},"acf":[],"aioseo_notices":[],"jetpack_sharing_enabled":true,"_links":{"self":[{"href":"https:\/\/whisky.ad\/ca\/wp-json\/wp\/v2\/product\/78879","targetHints":{"allow":["GET"]}}],"collection":[{"href":"https:\/\/whisky.ad\/ca\/wp-json\/wp\/v2\/product"}],"about":[{"href":"https:\/\/whisky.ad\/ca\/wp-json\/wp\/v2\/types\/product"}],"replies":[{"embeddable":true,"href":"https:\/\/whisky.ad\/ca\/wp-json\/wp\/v2\/comments?post=78879"}],"wp:featuredmedia":[{"embeddable":true,"href":"https:\/\/whisky.ad\/ca\/wp-json\/wp\/v2\/media\/76923"}],"wp:attachment":[{"href":"https:\/\/whisky.ad\/ca\/wp-json\/wp\/v2\/media?parent=78879"}],"wp:term":[{"taxonomy":"product_brand","embeddable":true,"href":"https:\/\/whisky.ad\/ca\/wp-json\/wp\/v2\/product_brand?post=78879"},{"taxonomy":"product_cat","embeddable":true,"href":"https:\/\/whisky.ad\/ca\/wp-json\/wp\/v2\/product_cat?post=78879"},{"taxonomy":"product_tag","embeddable":true,"href":"https:\/\/whisky.ad\/ca\/wp-json\/wp\/v2\/product_tag?post=78879"}],"curies":[{"name":"wp","href":"https:\/\/api.w.org\/{rel}","templated":true}]}}