{"id":78876,"date":"2023-07-25T19:51:53","date_gmt":"2023-07-25T18:51:53","guid":{"rendered":"https:\/\/whisky.ad\/product\/loch-lomond-18-yo-single-malt-0-7l-46\/"},"modified":"2023-07-25T19:51:53","modified_gmt":"2023-07-25T18:51:53","slug":"loch-lomond-18-yo-single-malt-0-7l-46","status":"publish","type":"product","link":"https:\/\/whisky.ad\/ca\/producte\/loch-lomond-18-yo-single-malt-0-7l-46\/","title":{"rendered":"Loch Lomond 18 YO Single Malt 0.7l 46%"},"content":{"rendered":"","protected":false},"excerpt":{"rendered":"<div class=\"flex flex-grow flex-col gap-3\">\n<div class=\"min-h-[20px] flex items-start overflow-x-auto whitespace-pre-wrap break-words flex-col gap-4\">\n<div class=\"markdown prose w-full break-words dark:prose-invert light\">\n<p>Loch Lomond Single Malt de 18 anys \u00e9s una representaci\u00f3 perfecta de l&#8217;estil de la signatura, amb notes delicioses de poma al forn i ric toffee, que culminen amb un suau acabat de fum de fusta que exemplifica l&#8217;estil t\u00edpic dels whiskies de Loch Lomond. Envellit en tres tipus de b\u00f3tes de roure americ\u00e0, Loch Lomond de 18 anys s&#8217;embotella al 46% i es filtra sense refrigeraci\u00f3 per preservar l&#8217;ess\u00e8ncia natural del whisky. Aquesta expressi\u00f3 est\u00e0 elaborada minuciosament sota l&#8217;experi\u00e8ncia de Michael Henry, el mestre batedor, la signatura del qual a cada ampolla serveix com a garantia personal de qualitat. Nota de tast: Nas: al nas combina harmoniosament aromes de poma verda i aranja, amb l&#8217;ess\u00e8ncia de lligabosc i la riquesa del car\u00e0cter de roure madur que brilla. Sabor: elegants notes de fusta de roure torrat i caixa de cigars es transformen amb gr\u00e0cia en fruites verdes, amb sabors deliciosos de poma i grosella. Final: El final \u00e9s notablement llarg, on la deliciosa interacci\u00f3 del te sec i la fulla de tabac troba l&#8217;equilibri amb la suau torba medicinal i el suau fum de fusta. Aquest whisky captivador ofereix una experi\u00e8ncia realment inoblidable.<\/p>\n<\/div>\n<\/div>\n<\/div>\n","protected":false},"featured_media":76920,"comment_status":"open","ping_status":"closed","template":"","meta":{"_acf_changed":false},"product_brand":[],"product_cat":[360,491,315,454],"product_tag":[],"class_list":{"0":"post-78876","1":"product","2":"type-product","3":"status-publish","4":"has-post-thumbnail","6":"product_cat-whisky-per-marca-ca","7":"product_cat-whisky-per-pais-regio","8":"product_cat-escocia","9":"product_cat-loch-lomond-ca","11":"first","12":"instock","13":"taxable","14":"shipping-taxable","15":"purchasable","16":"product-type-simple"},"acf":[],"aioseo_notices":[],"jetpack_sharing_enabled":true,"_links":{"self":[{"href":"https:\/\/whisky.ad\/ca\/wp-json\/wp\/v2\/product\/78876","targetHints":{"allow":["GET"]}}],"collection":[{"href":"https:\/\/whisky.ad\/ca\/wp-json\/wp\/v2\/product"}],"about":[{"href":"https:\/\/whisky.ad\/ca\/wp-json\/wp\/v2\/types\/product"}],"replies":[{"embeddable":true,"href":"https:\/\/whisky.ad\/ca\/wp-json\/wp\/v2\/comments?post=78876"}],"wp:featuredmedia":[{"embeddable":true,"href":"https:\/\/whisky.ad\/ca\/wp-json\/wp\/v2\/media\/76920"}],"wp:attachment":[{"href":"https:\/\/whisky.ad\/ca\/wp-json\/wp\/v2\/media?parent=78876"}],"wp:term":[{"taxonomy":"product_brand","embeddable":true,"href":"https:\/\/whisky.ad\/ca\/wp-json\/wp\/v2\/product_brand?post=78876"},{"taxonomy":"product_cat","embeddable":true,"href":"https:\/\/whisky.ad\/ca\/wp-json\/wp\/v2\/product_cat?post=78876"},{"taxonomy":"product_tag","embeddable":true,"href":"https:\/\/whisky.ad\/ca\/wp-json\/wp\/v2\/product_tag?post=78876"}],"curies":[{"name":"wp","href":"https:\/\/api.w.org\/{rel}","templated":true}]}}