{"id":78873,"date":"2023-07-25T19:45:35","date_gmt":"2023-07-25T18:45:35","guid":{"rendered":"https:\/\/whisky.ad\/product\/loch-lomond-14-yo-single-malt-0-7l-46\/"},"modified":"2023-07-25T19:45:35","modified_gmt":"2023-07-25T18:45:35","slug":"loch-lomond-14-yo-single-malt-0-7l-46","status":"publish","type":"product","link":"https:\/\/whisky.ad\/ca\/producte\/loch-lomond-14-yo-single-malt-0-7l-46\/","title":{"rendered":"Loch Lomond 14 YO Single Malt 0.7l 46%"},"content":{"rendered":"","protected":false},"excerpt":{"rendered":"<div class=\"flex flex-grow flex-col gap-3\">\n<div class=\"min-h-[20px] flex items-start overflow-x-auto whitespace-pre-wrap break-words flex-col gap-4\">\n<div class=\"markdown prose w-full break-words dark:prose-invert light\">\n<p>Loch Lomond Single Malt de 14 anys s&#8217;elabora meticulosament, comen\u00e7ant amb l&#8217;esperit destil\u00b7lat dels \u00fanics alambins Straight Neck, seguit d&#8217;un proc\u00e9s d&#8217;envelliment en tres varietats de b\u00f3tes de roure americ\u00e0. Aleshores, el whisky experimenta un toc final distintiu en b\u00f3tes de roure franc\u00e8s Limousin, donant-li un car\u00e0cter especiat captivador. Delicioses notes de pomes especiades i caramel de vainilla prenen el protagonisme, complementades amb un suau toc de fum al final. Embotellat al 46% i filtrat sense refrigeraci\u00f3 per preservar l&#8217;ess\u00e8ncia natural del whisky, aquesta expressi\u00f3 promet una experi\u00e8ncia de tast inigualable. Nota de tast: Nas: el nas revela aromes acollidors de coco, poma verda i pera, molt b\u00e9 acompanyats de tocs de canyella i esp\u00e8cies de clau, juntament amb un toc de ratlladura de llimona. Sabor: En assaborir-lo, el paladar es delecta amb la riquesa dol\u00e7a del caramel de toffee i la vainilla, equilibrada per notes d&#8217;aranja, c\u00edtrics, pinya i roure torrat. Final: El final \u00e9s notablement llarg, amb un suau toc de fum, juntament amb l&#8217;esp\u00e8cia de roure calenta del clau i l&#8217;an\u00eds. Aquest exquisit whisky deixa una impressi\u00f3 duradora i memorable.<\/p>\n<\/div>\n<\/div>\n<\/div>\n","protected":false},"featured_media":76917,"comment_status":"open","ping_status":"closed","template":"","meta":{"_acf_changed":false},"product_brand":[],"product_cat":[360,315,454],"product_tag":[],"class_list":{"0":"post-78873","1":"product","2":"type-product","3":"status-publish","4":"has-post-thumbnail","6":"product_cat-whisky-per-marca-ca","7":"product_cat-escocia","8":"product_cat-loch-lomond-ca","10":"first","11":"instock","12":"taxable","13":"shipping-taxable","14":"purchasable","15":"product-type-simple"},"acf":[],"aioseo_notices":[],"jetpack_sharing_enabled":true,"_links":{"self":[{"href":"https:\/\/whisky.ad\/ca\/wp-json\/wp\/v2\/product\/78873","targetHints":{"allow":["GET"]}}],"collection":[{"href":"https:\/\/whisky.ad\/ca\/wp-json\/wp\/v2\/product"}],"about":[{"href":"https:\/\/whisky.ad\/ca\/wp-json\/wp\/v2\/types\/product"}],"replies":[{"embeddable":true,"href":"https:\/\/whisky.ad\/ca\/wp-json\/wp\/v2\/comments?post=78873"}],"wp:featuredmedia":[{"embeddable":true,"href":"https:\/\/whisky.ad\/ca\/wp-json\/wp\/v2\/media\/76917"}],"wp:attachment":[{"href":"https:\/\/whisky.ad\/ca\/wp-json\/wp\/v2\/media?parent=78873"}],"wp:term":[{"taxonomy":"product_brand","embeddable":true,"href":"https:\/\/whisky.ad\/ca\/wp-json\/wp\/v2\/product_brand?post=78873"},{"taxonomy":"product_cat","embeddable":true,"href":"https:\/\/whisky.ad\/ca\/wp-json\/wp\/v2\/product_cat?post=78873"},{"taxonomy":"product_tag","embeddable":true,"href":"https:\/\/whisky.ad\/ca\/wp-json\/wp\/v2\/product_tag?post=78873"}],"curies":[{"name":"wp","href":"https:\/\/api.w.org\/{rel}","templated":true}]}}