{"id":78870,"date":"2023-07-25T17:36:52","date_gmt":"2023-07-25T16:36:52","guid":{"rendered":"https:\/\/whisky.ad\/product\/loch-lomond-12-yo-single-malt-inchmurrin-0-7l-46\/"},"modified":"2023-07-25T17:36:52","modified_gmt":"2023-07-25T16:36:52","slug":"loch-lomond-12-yo-single-malt-inchmurrin-0-7l-46","status":"publish","type":"product","link":"https:\/\/whisky.ad\/ca\/producte\/loch-lomond-12-yo-single-malt-inchmurrin-0-7l-46\/","title":{"rendered":"Loch Lomond 12 YO Single Malt Inchmurrin 0.7l 46%"},"content":{"rendered":"","protected":false},"excerpt":{"rendered":"<div class=\"flex flex-grow flex-col gap-3\">\n<div class=\"min-h-[20px] flex items-start overflow-x-auto whitespace-pre-wrap break-words flex-col gap-4\">\n<div class=\"markdown prose w-full break-words dark:prose-invert light\">\n<p>Envellit en tres tipus de b\u00f3tes de roure americ\u00e0, el single malt de Loch Lomond Inchmurrin de 12 anys mostra la fruita i els elements dol\u00e7os de l&#8217;estil caracter\u00edstic de la destil\u00b7leria, amb delicioses notes de pr\u00e9ssec, albercoc, toffee i vainilla. Nota de tast: Nas: el nas \u00e9s afruitat, amb una gota de pera destacada i una dol\u00e7or de toffee. Lleugers tocs de fenc acabat de tallar sota el sol d&#8217;estiu afegeixen el seu encant. Sabor: les notes de c\u00edtrics de taronja de Sevilla prenen el lideratge, intensificant-se gradualment abans de passar amb gr\u00e0cia als sabors de pr\u00e9ssec i albercoc. El car\u00e0cter afruitat deixa pas a una deliciosa barreja de dol\u00e7 de crema i vainilla. Final: El final \u00e9s de longitud mitjana, deixant enrere un toc pebre que afegeix una conclusi\u00f3 deliciosa a aquest whisky excepcional. <\/p>\n<\/div>\n<\/div>\n<\/div>\n","protected":false},"featured_media":76911,"comment_status":"open","ping_status":"closed","template":"","meta":{"_acf_changed":false},"product_brand":[],"product_cat":[360,315,454],"product_tag":[],"class_list":{"0":"post-78870","1":"product","2":"type-product","3":"status-publish","4":"has-post-thumbnail","6":"product_cat-whisky-per-marca-ca","7":"product_cat-escocia","8":"product_cat-loch-lomond-ca","10":"first","11":"instock","12":"taxable","13":"shipping-taxable","14":"purchasable","15":"product-type-simple"},"acf":[],"aioseo_notices":[],"jetpack_sharing_enabled":true,"_links":{"self":[{"href":"https:\/\/whisky.ad\/ca\/wp-json\/wp\/v2\/product\/78870","targetHints":{"allow":["GET"]}}],"collection":[{"href":"https:\/\/whisky.ad\/ca\/wp-json\/wp\/v2\/product"}],"about":[{"href":"https:\/\/whisky.ad\/ca\/wp-json\/wp\/v2\/types\/product"}],"replies":[{"embeddable":true,"href":"https:\/\/whisky.ad\/ca\/wp-json\/wp\/v2\/comments?post=78870"}],"wp:featuredmedia":[{"embeddable":true,"href":"https:\/\/whisky.ad\/ca\/wp-json\/wp\/v2\/media\/76911"}],"wp:attachment":[{"href":"https:\/\/whisky.ad\/ca\/wp-json\/wp\/v2\/media?parent=78870"}],"wp:term":[{"taxonomy":"product_brand","embeddable":true,"href":"https:\/\/whisky.ad\/ca\/wp-json\/wp\/v2\/product_brand?post=78870"},{"taxonomy":"product_cat","embeddable":true,"href":"https:\/\/whisky.ad\/ca\/wp-json\/wp\/v2\/product_cat?post=78870"},{"taxonomy":"product_tag","embeddable":true,"href":"https:\/\/whisky.ad\/ca\/wp-json\/wp\/v2\/product_tag?post=78870"}],"curies":[{"name":"wp","href":"https:\/\/api.w.org\/{rel}","templated":true}]}}