{"id":78867,"date":"2023-11-16T12:15:06","date_gmt":"2023-11-16T11:15:06","guid":{"rendered":"https:\/\/whisky.ad\/product\/lismore-18yo-special-reserve-whisky-0-7l-40\/"},"modified":"2023-11-16T12:15:06","modified_gmt":"2023-11-16T11:15:06","slug":"lismore-18yo-special-reserve-whisky-0-7l-40","status":"publish","type":"product","link":"https:\/\/whisky.ad\/ca\/producte\/lismore-18yo-special-reserve-whisky-0-7l-40\/","title":{"rendered":"Lismore 18yo Special Reserve Whisky 0.7l 40%"},"content":{"rendered":"","protected":false},"excerpt":{"rendered":"<p>Whisky escoc\u00e8s barrejat de 18 anys de Lismore. Els embotellats anteriors de Lismore han estat single malts de la destil\u00b7leria Glenfarclas, els que la seva Reserva Especial de 18 anys \u00e9s una barreja (tamb\u00e9 feta amb whiskys de Glenfarclas) Nota de tast: Nas: roure torrat, sultanes i una mica de clau. Boca: canyella i m\u00e9s sultanes, ara unides per toffee i xocolata. Final: Toc de caf\u00e8 en gra i Oloroso. <\/p>\n","protected":false},"featured_media":79180,"comment_status":"open","ping_status":"closed","template":"","meta":{"_acf_changed":false},"product_brand":[],"product_cat":[360,315,449],"product_tag":[],"class_list":{"0":"post-78867","1":"product","2":"type-product","3":"status-publish","4":"has-post-thumbnail","6":"product_cat-whisky-per-marca-ca","7":"product_cat-escocia","8":"product_cat-lismore-ca","10":"first","11":"instock","12":"purchasable","13":"product-type-simple"},"acf":[],"aioseo_notices":[],"jetpack_sharing_enabled":true,"_links":{"self":[{"href":"https:\/\/whisky.ad\/ca\/wp-json\/wp\/v2\/product\/78867","targetHints":{"allow":["GET"]}}],"collection":[{"href":"https:\/\/whisky.ad\/ca\/wp-json\/wp\/v2\/product"}],"about":[{"href":"https:\/\/whisky.ad\/ca\/wp-json\/wp\/v2\/types\/product"}],"replies":[{"embeddable":true,"href":"https:\/\/whisky.ad\/ca\/wp-json\/wp\/v2\/comments?post=78867"}],"wp:featuredmedia":[{"embeddable":true,"href":"https:\/\/whisky.ad\/ca\/wp-json\/wp\/v2\/media\/79180"}],"wp:attachment":[{"href":"https:\/\/whisky.ad\/ca\/wp-json\/wp\/v2\/media?parent=78867"}],"wp:term":[{"taxonomy":"product_brand","embeddable":true,"href":"https:\/\/whisky.ad\/ca\/wp-json\/wp\/v2\/product_brand?post=78867"},{"taxonomy":"product_cat","embeddable":true,"href":"https:\/\/whisky.ad\/ca\/wp-json\/wp\/v2\/product_cat?post=78867"},{"taxonomy":"product_tag","embeddable":true,"href":"https:\/\/whisky.ad\/ca\/wp-json\/wp\/v2\/product_tag?post=78867"}],"curies":[{"name":"wp","href":"https:\/\/api.w.org\/{rel}","templated":true}]}}