{"id":78856,"date":"2023-08-18T17:44:58","date_gmt":"2023-08-18T16:44:58","guid":{"rendered":"https:\/\/whisky.ad\/product\/littlemill-45yo-vanguard-collection-chapter-i\/"},"modified":"2025-03-17T11:54:21","modified_gmt":"2025-03-17T10:54:21","slug":"littlemill-45yo-vanguard-collection-chapter-i","status":"publish","type":"product","link":"https:\/\/whisky.ad\/ca\/producte\/littlemill-45yo-vanguard-collection-chapter-i\/","title":{"rendered":"LittleMill 45yo Vanguard Collection Chapter I"},"content":{"rendered":"","protected":false},"excerpt":{"rendered":"<p>El primero de una serie anual coleccionable de cuatro partes que celebra a los pioneros e innovadores que dieron forma a Littlemill y a la industria del whisky en general. Cada lanzamiento se realizar\u00e1 con un artista asociado y aprovechar\u00e1 las reservas m\u00e1s antiguas de Littlemill, brindando a los coleccionistas una oportunidad \u00fanica de poseer una incre\u00edble pieza de la historia del whisky. El cap\u00edtulo 1 marca una celebraci\u00f3n de Robert Muir y la primera licencia para destilar registrada, que allanar\u00eda el camino para todas las dem\u00e1s destiler\u00edas futuras, realizada en colaboraci\u00f3n con el c\u00e9lebre artista y cal\u00edgrafo Vic Lee. Solo estar\u00e1n disponibles 250 botellas, en una hermosa jarra de cristal Glencairn con una miniatura de 50 ml y un libro de tapa dura que cubre este l\u00edquido incre\u00edblemente especial y su historia. La cuidadosa selecci\u00f3n y acabado de este lanzamiento tan especial encarna el verdadero car\u00e1cter de Littlemill. Es intrigante pensar que este whisky fue elegido para conservarse y madurarse suavemente despu\u00e9s en barricas de roble americano durante cuatro d\u00e9cadas, antes de ser seleccionado y reenvasado para un acabado final de cinco a\u00f1os en barriles de jerez Oloroso de primer llenado, embotellado en barrica. Fuerza y color natural al 50,5%. NAS Miel, flor de sa\u00faco, pi\u00f1a, kiwi, avellanas tostadas, canela y nuez moscada. PALDAR Sensaci\u00f3n en boca sedosa, az\u00facar moreno derretido, vainilla, cr\u00e8me br\u00fbl\u00e9e, manzana crujiente, pera madura, zumo de lima reci\u00e9n exprimido, frutos secos: sultana y piel de c\u00edtricos. ACABAR Largo con notas de pomelo asado y az\u00facares dulces caramelizados, todo equilibrado con toques c\u00edtricos. REF: <a href=\"https:\/\/www.whiskybase.com\/whiskies\/whisky\/242161\/littlemill-1977\">WHISKYBASE<\/a>     <\/p>\n","protected":false},"featured_media":80163,"comment_status":"open","ping_status":"closed","template":"","meta":{"_acf_changed":false},"product_brand":[],"product_cat":[343,360,315,452],"product_tag":[],"class_list":{"0":"post-78856","1":"product","2":"type-product","3":"status-publish","4":"has-post-thumbnail","6":"product_cat-rar-i-colleccionable","7":"product_cat-whisky-per-marca-ca","8":"product_cat-escocia","9":"product_cat-littlemill-ca","10":"product_shipping_class-free-ca","12":"first","13":"instock","14":"purchasable","15":"product-type-simple"},"acf":[],"aioseo_notices":[],"jetpack_sharing_enabled":true,"_links":{"self":[{"href":"https:\/\/whisky.ad\/ca\/wp-json\/wp\/v2\/product\/78856","targetHints":{"allow":["GET"]}}],"collection":[{"href":"https:\/\/whisky.ad\/ca\/wp-json\/wp\/v2\/product"}],"about":[{"href":"https:\/\/whisky.ad\/ca\/wp-json\/wp\/v2\/types\/product"}],"replies":[{"embeddable":true,"href":"https:\/\/whisky.ad\/ca\/wp-json\/wp\/v2\/comments?post=78856"}],"wp:featuredmedia":[{"embeddable":true,"href":"https:\/\/whisky.ad\/ca\/wp-json\/wp\/v2\/media\/80163"}],"wp:attachment":[{"href":"https:\/\/whisky.ad\/ca\/wp-json\/wp\/v2\/media?parent=78856"}],"wp:term":[{"taxonomy":"product_brand","embeddable":true,"href":"https:\/\/whisky.ad\/ca\/wp-json\/wp\/v2\/product_brand?post=78856"},{"taxonomy":"product_cat","embeddable":true,"href":"https:\/\/whisky.ad\/ca\/wp-json\/wp\/v2\/product_cat?post=78856"},{"taxonomy":"product_tag","embeddable":true,"href":"https:\/\/whisky.ad\/ca\/wp-json\/wp\/v2\/product_tag?post=78856"}],"curies":[{"name":"wp","href":"https:\/\/api.w.org\/{rel}","templated":true}]}}