{"id":78853,"date":"2023-11-18T11:34:28","date_gmt":"2023-11-18T10:34:28","guid":{"rendered":"https:\/\/whisky.ad\/product\/glen-kirk-speyside-single-malt-whiskytomintoul-07l-40\/"},"modified":"2023-11-18T11:34:28","modified_gmt":"2023-11-18T10:34:28","slug":"glen-kirk-speyside-single-malt-whiskytomintoul-07l-40","status":"publish","type":"product","link":"https:\/\/whisky.ad\/ca\/producte\/glen-kirk-speyside-single-malt-whiskytomintoul-07l-40\/","title":{"rendered":"Glen Kirk Speyside Single Malt Whisky(Tomintoul) 0,7l 40%"},"content":{"rendered":"","protected":false},"excerpt":{"rendered":"<p>Glen Kirk Speyside Single Malt (Tomintoul) 0,7 L. El 40% de Glen Kirk s&#8217;origina i s&#8217;embotella a la destil\u00b7leria Tomintoul, situada a la estimada regi\u00f3 de Speyside de les Highlands, a nom\u00e9s 17 quil\u00f2metres del castell de Balmoral. Coneguda com la regi\u00f3 m\u00e9s important d&#8217;Esc\u00f2cia per elaborar els millors single malts, Speyside \u00e9s famosa pels seus sabors complexos i la seva qualitat excepcional. Envellit en b\u00f3tes de roure. <\/p>\n<div class=\"flex flex-grow flex-col max-w-full\">\n<div class=\"min-h-[20px] text-message flex flex-col items-start gap-3 whitespace-pre-wrap break-words [.text-message+&amp;]:mt-5 overflow-x-auto\" data-message-author-role=\"assistant\" data-message-id=\"79d22d39-0912-4a81-b7ff-427267983bfb\">\n<div class=\"markdown prose w-full break-words dark:prose-invert dark\">\n<p>Nas: una barreja de mel, roure, etanol i dol\u00e7os tocs florals. Boca: revela tons dol\u00e7os de mel, esp\u00e8cies, roure, vainilla i herba. Final: Predominantment dol\u00e7, conclou amb un toc de c\u00edtrics.<\/p>\n<\/div>\n<\/div>\n<\/div>\n","protected":false},"featured_media":77679,"comment_status":"open","ping_status":"closed","template":"","meta":{"_acf_changed":false},"product_brand":[],"product_cat":[315,428],"product_tag":[],"class_list":{"0":"post-78853","1":"product","2":"type-product","3":"status-publish","4":"has-post-thumbnail","6":"product_cat-escocia","7":"product_cat-glenkirk-ca","9":"first","10":"instock","11":"purchasable","12":"product-type-simple"},"acf":[],"aioseo_notices":[],"jetpack_sharing_enabled":true,"_links":{"self":[{"href":"https:\/\/whisky.ad\/ca\/wp-json\/wp\/v2\/product\/78853","targetHints":{"allow":["GET"]}}],"collection":[{"href":"https:\/\/whisky.ad\/ca\/wp-json\/wp\/v2\/product"}],"about":[{"href":"https:\/\/whisky.ad\/ca\/wp-json\/wp\/v2\/types\/product"}],"replies":[{"embeddable":true,"href":"https:\/\/whisky.ad\/ca\/wp-json\/wp\/v2\/comments?post=78853"}],"wp:featuredmedia":[{"embeddable":true,"href":"https:\/\/whisky.ad\/ca\/wp-json\/wp\/v2\/media\/77679"}],"wp:attachment":[{"href":"https:\/\/whisky.ad\/ca\/wp-json\/wp\/v2\/media?parent=78853"}],"wp:term":[{"taxonomy":"product_brand","embeddable":true,"href":"https:\/\/whisky.ad\/ca\/wp-json\/wp\/v2\/product_brand?post=78853"},{"taxonomy":"product_cat","embeddable":true,"href":"https:\/\/whisky.ad\/ca\/wp-json\/wp\/v2\/product_cat?post=78853"},{"taxonomy":"product_tag","embeddable":true,"href":"https:\/\/whisky.ad\/ca\/wp-json\/wp\/v2\/product_tag?post=78853"}],"curies":[{"name":"wp","href":"https:\/\/api.w.org\/{rel}","templated":true}]}}