{"id":78850,"date":"2023-06-14T14:09:30","date_gmt":"2023-06-14T13:09:30","guid":{"rendered":"https:\/\/whisky.ad\/product\/littlemill-45yo-250th-ann\/"},"modified":"2023-06-14T14:09:30","modified_gmt":"2023-06-14T13:09:30","slug":"littlemill-45yo-250th-ann","status":"publish","type":"product","link":"https:\/\/whisky.ad\/ca\/producte\/littlemill-45yo-250th-ann\/","title":{"rendered":"Littlemill 45YO 250th. Ann."},"content":{"rendered":"","protected":false},"excerpt":{"rendered":"<p>Presentem el llan\u00e7ament del 250\u00e8 aniversari de Littlemill, una celebraci\u00f3 transcendental dels 250 anys d&#8217;artesania. Aquest llan\u00e7ament commemora un moment significatiu de la hist\u00f2ria en qu\u00e8 el whisky i la fotografia es van creuar, donant forma al pas del temps. \u00c9s un homenatge als pioners que comparteixen la passi\u00f3, la paci\u00e8ncia i els coneixements necessaris per preservar aquestes formes d&#8217;art. Per marcar aquesta fita rara, el mestre Blender Michael Henry es va embarcar en una col\u00b7laboraci\u00f3 amb el reconegut fot\u00f2graf austr\u00edac Stefan Sappert. Inspirant-se en l&#8217;experi\u00e8ncia d&#8217;Stefan i les seves c\u00e0meres tradicionals victorianes, la presentaci\u00f3 d&#8217;aquest llan\u00e7ament \u00e9s realment excepcional. Com a part d&#8217;aquesta col\u00b7laboraci\u00f3 exclusiva, Stefan ha creat 250 fotografies de plata sobre vidre negre, capturant la vista panor\u00e0mica des de la riba del riu Clyde cap a la destil\u00b7leria original de Littlemill. Cada fotografia \u00e9s una obra d&#8217;art \u00fanica, signada i numerada individualment. La caixa del 250\u00e8 aniversari de Littlemill ret homenatge a Stefan i als processos fotogr\u00e0fics tradicionals de finals del segle XIX. Els talls delicats al cristall reflecteixen el disseny de l&#8217;obertura de la lent de la c\u00e0mera, capturant l&#8217;ess\u00e8ncia de la rica hist\u00f2ria de 250 anys de Littlemill. Cada decantador, bufat a m\u00e0 per experts pels artesans de Glencairn, \u00e9s exclusiu de l&#8217;edici\u00f3 del 250 aniversari de Littlemill. Aquest excepcional whisky de malta Lowland \u00e9s una prova del seu car\u00e0cter excepcional. Destil\u00b7lat el 1976, va ser seleccionat personalment per Michael Henry per a un final de sis mesos en els primers olors de xer\u00e8s d&#8217;Oloroso. El resultat \u00e9s un whisky delicadament floral amb una sensaci\u00f3 en boca sedosa. Al paladar, gaudeix de notes de crema caramel i fruites verdes delicioses, seguides d&#8217;una llarga i c\u00e0lida abra\u00e7ada d&#8217;esp\u00e8cies de gingebre, canyella i nou moscada al final. El llan\u00e7ament del 250\u00e8 aniversari de Littlemill encapsula l&#8217;art, la hist\u00f2ria i l&#8217;artesania que han definit Littlemill durant els darrers 250 anys. \u00c9s un whisky realment notable que convida els amants del whisky a assaborir i celebrar aquesta ocasi\u00f3 transcendental.  <\/p>\n","protected":false},"featured_media":76809,"comment_status":"open","ping_status":"closed","template":"","meta":{"_acf_changed":false},"product_brand":[],"product_cat":[343],"product_tag":[],"class_list":{"0":"post-78850","1":"product","2":"type-product","3":"status-publish","4":"has-post-thumbnail","6":"product_cat-rar-i-colleccionable","8":"first","9":"instock","10":"taxable","11":"shipping-taxable","12":"product-type-simple"},"acf":[],"aioseo_notices":[],"jetpack_sharing_enabled":true,"_links":{"self":[{"href":"https:\/\/whisky.ad\/ca\/wp-json\/wp\/v2\/product\/78850","targetHints":{"allow":["GET"]}}],"collection":[{"href":"https:\/\/whisky.ad\/ca\/wp-json\/wp\/v2\/product"}],"about":[{"href":"https:\/\/whisky.ad\/ca\/wp-json\/wp\/v2\/types\/product"}],"replies":[{"embeddable":true,"href":"https:\/\/whisky.ad\/ca\/wp-json\/wp\/v2\/comments?post=78850"}],"wp:featuredmedia":[{"embeddable":true,"href":"https:\/\/whisky.ad\/ca\/wp-json\/wp\/v2\/media\/76809"}],"wp:attachment":[{"href":"https:\/\/whisky.ad\/ca\/wp-json\/wp\/v2\/media?parent=78850"}],"wp:term":[{"taxonomy":"product_brand","embeddable":true,"href":"https:\/\/whisky.ad\/ca\/wp-json\/wp\/v2\/product_brand?post=78850"},{"taxonomy":"product_cat","embeddable":true,"href":"https:\/\/whisky.ad\/ca\/wp-json\/wp\/v2\/product_cat?post=78850"},{"taxonomy":"product_tag","embeddable":true,"href":"https:\/\/whisky.ad\/ca\/wp-json\/wp\/v2\/product_tag?post=78850"}],"curies":[{"name":"wp","href":"https:\/\/api.w.org\/{rel}","templated":true}]}}