{"id":78844,"date":"2023-06-14T13:48:10","date_gmt":"2023-06-14T12:48:10","guid":{"rendered":"https:\/\/whisky.ad\/product\/littlemill-29yo-2019-release\/"},"modified":"2023-06-14T13:48:10","modified_gmt":"2023-06-14T12:48:10","slug":"littlemill-29yo-2019-release","status":"publish","type":"product","link":"https:\/\/whisky.ad\/ca\/producte\/littlemill-29yo-2019-release\/","title":{"rendered":"Littlemill 29YO 2019 Release"},"content":{"rendered":"","protected":false},"excerpt":{"rendered":"<p>Littlemill Aged 29 Years &#8211; El llan\u00e7ament de 2019 \u00e9s l&#8217;\u00faltima oferta de la molt buscada col\u00b7lecci\u00f3 Private Cellar de Littlemill. Aquest exquisit whisky escoc\u00e8s de malta, que es presentar\u00e0 al setembre, s&#8217;elabora meticulosament a partir de l\u00edquids acuradament seleccionats procedents de les \u00faltimes b\u00f3tes que queden mai a l&#8217;emblem\u00e0tica destil\u00b7leria Littlemill. Despr\u00e9s d&#8217;haver estat reconeguda com la destil\u00b7leria amb llic\u00e8ncia m\u00e9s antiga d&#8217;Esc\u00f2cia, Littlemill va deixar les seves operacions el 1994 i va sucumbir tr\u00e0gicament a un incendi devastador el 2004. Com a resultat, aquest whisky s&#8217;ha convertit en excepcionalment rar i molt cobejat tant pels entusiastes com pels col\u00b7leccionistes. The Littlemill Aged 29 Years representa la tercera entrega de la col\u00b7lecci\u00f3 Private Cellar, una gamma que mostra l&#8217;estil tradicional &#8220;floral&#8221; de les terres baixes pel qual Littlemill era conegut. Amb aquest llan\u00e7ament en particular, el mestre Blender Michael Henry ha posat especial \u00e8mfasi en el desenvolupament del car\u00e0cter de la fusta, donant lloc a una expressi\u00f3 realment excepcional. Nom\u00e9s 600 ampolles d&#8217;aquest whisky extraordinari estaran disponibles a tot el m\u00f3n. El whisky es presenta elegantment en un decantador de cristall Glencairn a mida, que inclou un exquisit aiguafort del riu Clyde i una estrella de plata que simbolitza la ubicaci\u00f3 hist\u00f2rica de la destil\u00b7leria. Situat a Bowling, a la vora del riu Clyde, la proximitat de Littlemill a ciutats importants com Glasgow i Edimburg, facilitat per la finalitzaci\u00f3 del canal de Forth i Clyde a la d\u00e8cada de 1790, va tenir un paper fonamental en el seu \u00e8xit. La caixa de presentaci\u00f3 ben elaborada que acompanya el whisky inclou una miniatura de 5 cl del l\u00edquid, un tros d&#8217;una b\u00f3ta Littlemill original i un llibret que aprofundeix en la hist\u00f2ria captivadora de la destil\u00b7leria. A l&#8217;interior, tamb\u00e9 trobareu notes de tast escrites personalment pel mestre batedor Michael Henry. La producci\u00f3 de whisky de Littlemill va perdurar fins al tancament de la destil\u00b7leria el 1994, seguida de la seva tr\u00e0gica destrucci\u00f3 en l&#8217;incendi de 2004, sense deixar cap esperan\u00e7a per a la producci\u00f3 futura. El llan\u00e7ament est\u00e0 limitat a nom\u00e9s 500 ampolles numerades individualment, cadascuna meticulosament gravada per denotar la seva exclusivitat i col\u00b7leccionabilitat. <\/p>\n","protected":false},"featured_media":76788,"comment_status":"open","ping_status":"closed","template":"","meta":{"_acf_changed":false},"product_brand":[],"product_cat":[343],"product_tag":[],"class_list":{"0":"post-78844","1":"product","2":"type-product","3":"status-publish","4":"has-post-thumbnail","6":"product_cat-rar-i-colleccionable","8":"first","9":"instock","10":"taxable","11":"shipping-taxable","12":"product-type-simple"},"acf":[],"aioseo_notices":[],"jetpack_sharing_enabled":true,"_links":{"self":[{"href":"https:\/\/whisky.ad\/ca\/wp-json\/wp\/v2\/product\/78844","targetHints":{"allow":["GET"]}}],"collection":[{"href":"https:\/\/whisky.ad\/ca\/wp-json\/wp\/v2\/product"}],"about":[{"href":"https:\/\/whisky.ad\/ca\/wp-json\/wp\/v2\/types\/product"}],"replies":[{"embeddable":true,"href":"https:\/\/whisky.ad\/ca\/wp-json\/wp\/v2\/comments?post=78844"}],"wp:featuredmedia":[{"embeddable":true,"href":"https:\/\/whisky.ad\/ca\/wp-json\/wp\/v2\/media\/76788"}],"wp:attachment":[{"href":"https:\/\/whisky.ad\/ca\/wp-json\/wp\/v2\/media?parent=78844"}],"wp:term":[{"taxonomy":"product_brand","embeddable":true,"href":"https:\/\/whisky.ad\/ca\/wp-json\/wp\/v2\/product_brand?post=78844"},{"taxonomy":"product_cat","embeddable":true,"href":"https:\/\/whisky.ad\/ca\/wp-json\/wp\/v2\/product_cat?post=78844"},{"taxonomy":"product_tag","embeddable":true,"href":"https:\/\/whisky.ad\/ca\/wp-json\/wp\/v2\/product_tag?post=78844"}],"curies":[{"name":"wp","href":"https:\/\/api.w.org\/{rel}","templated":true}]}}