{"id":78841,"date":"2023-06-14T13:41:09","date_gmt":"2023-06-14T12:41:09","guid":{"rendered":"https:\/\/whisky.ad\/product\/littlemill-27yo-2017-release\/"},"modified":"2023-06-14T13:41:09","modified_gmt":"2023-06-14T12:41:09","slug":"littlemill-27yo-2017-release","status":"publish","type":"product","link":"https:\/\/whisky.ad\/ca\/producte\/littlemill-27yo-2017-release\/","title":{"rendered":"Littlemill 27YO 2017 Release"},"content":{"rendered":"","protected":false},"excerpt":{"rendered":"<p>El llan\u00e7ament privat de Littlemill 2017 va ser un llan\u00e7ament especial de whisky d&#8217;edici\u00f3 limitada. Va ser comissariat pel mestre batedor Michael Henry com a homenatge al car\u00e0cter original de la destil\u00b7leria Littlemill. L&#8217;objectiu era capturar l&#8217;esperit floral m\u00e9s lleuger que recordava el proc\u00e9s de destil\u00b7laci\u00f3 triple utilitzat durant l&#8217;era Duncan Thomas. Per a aquest llan\u00e7ament, es van seleccionar vuit b\u00f3tes de les destil\u00b7lacions de 1990. Aquestes b\u00f3tes van ser escollides pel seu fort car\u00e0cter floral i subtils notes de fusta. Les destil\u00b7lacions van tenir lloc entre l&#8217;11 i el 29 de maig de 1990. Les b\u00f3tes es van omplir a una concentraci\u00f3 del 68,8%, la qual cosa els va permetre conservar m\u00e9s el car\u00e0cter de destil\u00b7leria original a mesura que maduraven en b\u00f3tes de bourbon de recanvi. L&#8217;\u00fas de barrils de bourbon de recanvi tamb\u00e9 va donar una influ\u00e8ncia de fusta m\u00e9s suau al whisky. Un cop escollides les b\u00f3tes, es van casar junts en b\u00f3tes de bourbon fresques durant un per\u00edode de 12 mesos abans de l&#8217;embotellat. El llan\u00e7ament constava de 500 ampolles d&#8217;edici\u00f3 limitada numerades individualment. Cada ampolla va ser gravada per significar la seva singularitat i exclusivitat.  <\/p>\n","protected":false},"featured_media":76782,"comment_status":"open","ping_status":"closed","template":"","meta":{"_acf_changed":false},"product_brand":[],"product_cat":[343],"product_tag":[],"class_list":{"0":"post-78841","1":"product","2":"type-product","3":"status-publish","4":"has-post-thumbnail","6":"product_cat-rar-i-colleccionable","8":"first","9":"instock","10":"taxable","11":"shipping-taxable","12":"product-type-simple"},"acf":[],"aioseo_notices":[],"jetpack_sharing_enabled":true,"_links":{"self":[{"href":"https:\/\/whisky.ad\/ca\/wp-json\/wp\/v2\/product\/78841","targetHints":{"allow":["GET"]}}],"collection":[{"href":"https:\/\/whisky.ad\/ca\/wp-json\/wp\/v2\/product"}],"about":[{"href":"https:\/\/whisky.ad\/ca\/wp-json\/wp\/v2\/types\/product"}],"replies":[{"embeddable":true,"href":"https:\/\/whisky.ad\/ca\/wp-json\/wp\/v2\/comments?post=78841"}],"wp:featuredmedia":[{"embeddable":true,"href":"https:\/\/whisky.ad\/ca\/wp-json\/wp\/v2\/media\/76782"}],"wp:attachment":[{"href":"https:\/\/whisky.ad\/ca\/wp-json\/wp\/v2\/media?parent=78841"}],"wp:term":[{"taxonomy":"product_brand","embeddable":true,"href":"https:\/\/whisky.ad\/ca\/wp-json\/wp\/v2\/product_brand?post=78841"},{"taxonomy":"product_cat","embeddable":true,"href":"https:\/\/whisky.ad\/ca\/wp-json\/wp\/v2\/product_cat?post=78841"},{"taxonomy":"product_tag","embeddable":true,"href":"https:\/\/whisky.ad\/ca\/wp-json\/wp\/v2\/product_tag?post=78841"}],"curies":[{"name":"wp","href":"https:\/\/api.w.org\/{rel}","templated":true}]}}