{"id":78836,"date":"2023-06-14T09:12:42","date_gmt":"2023-06-14T08:12:42","guid":{"rendered":"https:\/\/whisky.ad\/product\/littlemill-1992-vintage\/"},"modified":"2023-06-14T09:12:42","modified_gmt":"2023-06-14T08:12:42","slug":"littlemill-1992-vintage","status":"publish","type":"product","link":"https:\/\/whisky.ad\/ca\/producte\/littlemill-1992-vintage\/","title":{"rendered":"Littlemill 1992 Vintage"},"content":{"rendered":"","protected":false},"excerpt":{"rendered":"<p>Us presentem el Littlemill 1992 Vintage, un llan\u00e7ament especial comissariat per l&#8217;expert Master Blender, Michael Henry. En homenatge al car\u00e0cter aut\u00e8ntic de la destil\u00b7leria Littlemill original, es van escollir amb cura tres b\u00f3tes seleccionades a m\u00e0 del 1992. Aquestes b\u00f3tes capturen l&#8217;ess\u00e8ncia del llegat de la destil\u00b7leria: un esperit delicat i floral que es fa ress\u00f2 del m\u00e8tode de destil\u00b7laci\u00f3 triple adoptat durant l&#8217;era Duncan Thomas. Aquesta oferta d&#8217;edici\u00f3 limitada consta de 300 ampolles exquisidament gravades, cadascuna numerada individualment per commemorar la seva exclusivitat.   <\/p>\n","protected":false},"featured_media":76764,"comment_status":"open","ping_status":"closed","template":"","meta":{"_acf_changed":false},"product_brand":[],"product_cat":[343,360],"product_tag":[],"class_list":{"0":"post-78836","1":"product","2":"type-product","3":"status-publish","4":"has-post-thumbnail","6":"product_cat-rar-i-colleccionable","7":"product_cat-whisky-per-marca-ca","9":"first","10":"instock","11":"taxable","12":"shipping-taxable","13":"product-type-simple"},"acf":[],"aioseo_notices":[],"jetpack_sharing_enabled":true,"_links":{"self":[{"href":"https:\/\/whisky.ad\/ca\/wp-json\/wp\/v2\/product\/78836","targetHints":{"allow":["GET"]}}],"collection":[{"href":"https:\/\/whisky.ad\/ca\/wp-json\/wp\/v2\/product"}],"about":[{"href":"https:\/\/whisky.ad\/ca\/wp-json\/wp\/v2\/types\/product"}],"replies":[{"embeddable":true,"href":"https:\/\/whisky.ad\/ca\/wp-json\/wp\/v2\/comments?post=78836"}],"wp:featuredmedia":[{"embeddable":true,"href":"https:\/\/whisky.ad\/ca\/wp-json\/wp\/v2\/media\/76764"}],"wp:attachment":[{"href":"https:\/\/whisky.ad\/ca\/wp-json\/wp\/v2\/media?parent=78836"}],"wp:term":[{"taxonomy":"product_brand","embeddable":true,"href":"https:\/\/whisky.ad\/ca\/wp-json\/wp\/v2\/product_brand?post=78836"},{"taxonomy":"product_cat","embeddable":true,"href":"https:\/\/whisky.ad\/ca\/wp-json\/wp\/v2\/product_cat?post=78836"},{"taxonomy":"product_tag","embeddable":true,"href":"https:\/\/whisky.ad\/ca\/wp-json\/wp\/v2\/product_tag?post=78836"}],"curies":[{"name":"wp","href":"https:\/\/api.w.org\/{rel}","templated":true}]}}