{"id":78830,"date":"2023-11-16T12:05:54","date_gmt":"2023-11-16T11:05:54","guid":{"rendered":"https:\/\/whisky.ad\/product\/lismore-highlands-12yo-single-malt-whiskyglenfarclas-0-7l-40\/"},"modified":"2023-12-11T11:56:28","modified_gmt":"2023-12-11T10:56:28","slug":"lismore-highlands-12yo-single-malt-whiskyglenfarclas-0-7l-40","status":"publish","type":"product","link":"https:\/\/whisky.ad\/ca\/producte\/lismore-highlands-12yo-single-malt-whiskyglenfarclas-0-7l-40\/","title":{"rendered":"Lismore Highlands 12yo Single Malt Whisky(Glenfarclas) 0.7l 40%"},"content":{"rendered":"","protected":false},"excerpt":{"rendered":"<p>Un sabor\u00f3s single malt de 12 anys de la destil\u00b7leria escocesa Glenfarclas a Speyside, embotellat per a la gamma Lismore. Nota de tast Nas: herb\u00e0ci i herb\u00f3s, amb una nota subjacent de vainilla. Boca: sucre cremat i gra de caf\u00e8. Un lleuger toc de les esmentades notes herbades. Final: malta pesada i sucre d&#8217;ordi.<\/p>\n","protected":false},"featured_media":79155,"comment_status":"open","ping_status":"closed","template":"","meta":{"_acf_changed":false},"product_brand":[],"product_cat":[315,449],"product_tag":[],"class_list":{"0":"post-78830","1":"product","2":"type-product","3":"status-publish","4":"has-post-thumbnail","6":"product_cat-escocia","7":"product_cat-lismore-ca","9":"first","10":"instock","11":"taxable","12":"shipping-taxable","13":"purchasable","14":"product-type-simple"},"acf":[],"aioseo_notices":[],"jetpack_sharing_enabled":true,"_links":{"self":[{"href":"https:\/\/whisky.ad\/ca\/wp-json\/wp\/v2\/product\/78830","targetHints":{"allow":["GET"]}}],"collection":[{"href":"https:\/\/whisky.ad\/ca\/wp-json\/wp\/v2\/product"}],"about":[{"href":"https:\/\/whisky.ad\/ca\/wp-json\/wp\/v2\/types\/product"}],"replies":[{"embeddable":true,"href":"https:\/\/whisky.ad\/ca\/wp-json\/wp\/v2\/comments?post=78830"}],"wp:featuredmedia":[{"embeddable":true,"href":"https:\/\/whisky.ad\/ca\/wp-json\/wp\/v2\/media\/79155"}],"wp:attachment":[{"href":"https:\/\/whisky.ad\/ca\/wp-json\/wp\/v2\/media?parent=78830"}],"wp:term":[{"taxonomy":"product_brand","embeddable":true,"href":"https:\/\/whisky.ad\/ca\/wp-json\/wp\/v2\/product_brand?post=78830"},{"taxonomy":"product_cat","embeddable":true,"href":"https:\/\/whisky.ad\/ca\/wp-json\/wp\/v2\/product_cat?post=78830"},{"taxonomy":"product_tag","embeddable":true,"href":"https:\/\/whisky.ad\/ca\/wp-json\/wp\/v2\/product_tag?post=78830"}],"curies":[{"name":"wp","href":"https:\/\/api.w.org\/{rel}","templated":true}]}}