{"id":78815,"date":"2023-12-09T15:32:20","date_gmt":"2023-12-09T14:32:20","guid":{"rendered":"https:\/\/whisky.ad\/product\/bladnoch-the-samhla-collection-the-prior\/"},"modified":"2024-01-05T12:07:49","modified_gmt":"2024-01-05T11:07:49","slug":"bladnoch-the-samhla-collection-the-prior","status":"publish","type":"product","link":"https:\/\/whisky.ad\/ca\/producte\/bladnoch-the-samhla-collection-the-prior\/","title":{"rendered":"Bladnoch the Samhla Collection: The Prior"},"content":{"rendered":"","protected":false},"excerpt":{"rendered":"<h5>Preu i disponibilitat sota demanda<\/h5>\n<p>https:\/\/whisky.ad\/contact\/<\/p>\n<div class=\"simple-text\">\n<p>Un homenatge al nostre cap\u00edtol actual, l&#8217;anyada de 1990 sorgeix d&#8217;un extraordinari culata de Pedro Xim\u00e9nez, elaborat a partir de roure espanyol. Destil\u00b7lat l&#8217;any 1990, aquest any va marcar l&#8217;inici del viatge emprenedor de David Prior, que finalment el va portar al paper actual com a custodi de la nostra estimada destil\u00b7leria escocesa. En prendre&#8217;s la propietat el 2015, David va imaginar revitalitzar la destil\u00b7leria com el nucli de la comunitat local. Els nostres \u00e8xits reflecteixen el seu lideratge visionari, navegant per l&#8217;equip a trav\u00e9s de proves i posant les bases del pr\u00f2sper establiment que estimem avui. <\/p>\n<\/div>\n<ul>\n<li>\n<h5>NAS\/AROMA<\/h5>\n<p>Ric amb bastonets de regal\u00e8ssia, albercocs secs i d\u00e0tils foscos.<\/li>\n<li>\n<h5>GUSTO\/PATAL<\/h5>\n<p>D\u00e0tils foscos amb ametlles i clau subtil.<\/li>\n<li>\n<h5>ACABAR<\/h5>\n<p>Llarg i visc\u00f3s amb una lleugera picor.<\/li>\n<\/ul>\n","protected":false},"featured_media":79139,"comment_status":"open","ping_status":"closed","template":"","meta":{"_acf_changed":false},"product_brand":[],"product_cat":[515,628,343,316,315],"product_tag":[],"class_list":{"0":"post-78815","1":"product","2":"type-product","3":"status-publish","4":"has-post-thumbnail","6":"product_cat-the-samhla-collection-ca","7":"product_cat-lowland-ca","8":"product_cat-rar-i-colleccionable","9":"product_cat-bladnoch-ca","10":"product_cat-escocia","12":"first","13":"instock","14":"taxable","15":"shipping-taxable","16":"purchasable","17":"product-type-simple"},"acf":[],"aioseo_notices":[],"jetpack_sharing_enabled":true,"_links":{"self":[{"href":"https:\/\/whisky.ad\/ca\/wp-json\/wp\/v2\/product\/78815","targetHints":{"allow":["GET"]}}],"collection":[{"href":"https:\/\/whisky.ad\/ca\/wp-json\/wp\/v2\/product"}],"about":[{"href":"https:\/\/whisky.ad\/ca\/wp-json\/wp\/v2\/types\/product"}],"replies":[{"embeddable":true,"href":"https:\/\/whisky.ad\/ca\/wp-json\/wp\/v2\/comments?post=78815"}],"wp:featuredmedia":[{"embeddable":true,"href":"https:\/\/whisky.ad\/ca\/wp-json\/wp\/v2\/media\/79139"}],"wp:attachment":[{"href":"https:\/\/whisky.ad\/ca\/wp-json\/wp\/v2\/media?parent=78815"}],"wp:term":[{"taxonomy":"product_brand","embeddable":true,"href":"https:\/\/whisky.ad\/ca\/wp-json\/wp\/v2\/product_brand?post=78815"},{"taxonomy":"product_cat","embeddable":true,"href":"https:\/\/whisky.ad\/ca\/wp-json\/wp\/v2\/product_cat?post=78815"},{"taxonomy":"product_tag","embeddable":true,"href":"https:\/\/whisky.ad\/ca\/wp-json\/wp\/v2\/product_tag?post=78815"}],"curies":[{"name":"wp","href":"https:\/\/api.w.org\/{rel}","templated":true}]}}