{"id":78812,"date":"2023-12-09T15:33:44","date_gmt":"2023-12-09T14:33:44","guid":{"rendered":"https:\/\/whisky.ad\/product\/bladnoch-the-samhla-collection-the-sage\/"},"modified":"2024-01-05T12:03:06","modified_gmt":"2024-01-05T11:03:06","slug":"bladnoch-the-samhla-collection-the-sage","status":"publish","type":"product","link":"https:\/\/whisky.ad\/ca\/producte\/bladnoch-the-samhla-collection-the-sage\/","title":{"rendered":"Bladnoch the Samhla Collection: The Sage"},"content":{"rendered":"","protected":false},"excerpt":{"rendered":"<h5>Preu i disponibilitat sota demanda<\/h5>\n<div class=\"simple-text\">\n<p>https:\/\/whisky.ad\/contact\/<\/p>\n<p>Representant el nostre futur, aquest whisky es va extreure de dos perfectes Hogsheads de vi negre de roure americ\u00e0 destil\u00b7lats el 2008, l&#8217;any en qu\u00e8 va n\u00e9ixer la filla de David Prior, Sage. Quan fem whisky considerem el futur, garantint-nos que els nostres whiskys siguin sostenibles durant les properes d\u00e8cades. Als nostres magatzems col\u00b7loquem b\u00f3tes innovadores de la m\u00e0xima qualitat, perqu\u00e8 un dia puguem lliurar un \u2018cofre del tresor\u2019 de whisky a la seg\u00fcent generaci\u00f3. No coneixem el m\u00f3n que heretaran d&#8217;aqu\u00ed a d\u00e8cades, per\u00f2 ens esforcem per oferir-los tot el que necessitaran per tenir \u00e8xit en el seu propi viatge. <\/p>\n<\/div>\n<ul>\n<li>\n<h5>NAS\/AROMA<\/h5>\n<p>Herbes florals amb cireres fosques recobertes de xocolata, tocs de canyella i mel.<\/li>\n<li>\n<h5>GUSTO\/PATAL<\/h5>\n<p>Cireres negres, amb melmelada de maduixa i pebre negre trencat.<\/li>\n<li>\n<h5>ACABAR<\/h5>\n<p>Afruitat amb calidesa de pebre negre.<\/li>\n<\/ul>\n","protected":false},"featured_media":81031,"comment_status":"open","ping_status":"closed","template":"","meta":{"_acf_changed":false},"product_brand":[],"product_cat":[515,628,343,316,315],"product_tag":[],"class_list":{"0":"post-78812","1":"product","2":"type-product","3":"status-publish","4":"has-post-thumbnail","6":"product_cat-the-samhla-collection-ca","7":"product_cat-lowland-ca","8":"product_cat-rar-i-colleccionable","9":"product_cat-bladnoch-ca","10":"product_cat-escocia","12":"first","13":"instock","14":"taxable","15":"shipping-taxable","16":"purchasable","17":"product-type-simple"},"acf":[],"aioseo_notices":[],"jetpack_sharing_enabled":true,"_links":{"self":[{"href":"https:\/\/whisky.ad\/ca\/wp-json\/wp\/v2\/product\/78812","targetHints":{"allow":["GET"]}}],"collection":[{"href":"https:\/\/whisky.ad\/ca\/wp-json\/wp\/v2\/product"}],"about":[{"href":"https:\/\/whisky.ad\/ca\/wp-json\/wp\/v2\/types\/product"}],"replies":[{"embeddable":true,"href":"https:\/\/whisky.ad\/ca\/wp-json\/wp\/v2\/comments?post=78812"}],"wp:featuredmedia":[{"embeddable":true,"href":"https:\/\/whisky.ad\/ca\/wp-json\/wp\/v2\/media\/81031"}],"wp:attachment":[{"href":"https:\/\/whisky.ad\/ca\/wp-json\/wp\/v2\/media?parent=78812"}],"wp:term":[{"taxonomy":"product_brand","embeddable":true,"href":"https:\/\/whisky.ad\/ca\/wp-json\/wp\/v2\/product_brand?post=78812"},{"taxonomy":"product_cat","embeddable":true,"href":"https:\/\/whisky.ad\/ca\/wp-json\/wp\/v2\/product_cat?post=78812"},{"taxonomy":"product_tag","embeddable":true,"href":"https:\/\/whisky.ad\/ca\/wp-json\/wp\/v2\/product_tag?post=78812"}],"curies":[{"name":"wp","href":"https:\/\/api.w.org\/{rel}","templated":true}]}}