{"id":78774,"date":"2021-08-03T13:00:36","date_gmt":"2021-08-03T12:00:36","guid":{"rendered":"https:\/\/whisky.ad\/product\/le-grand-louis-rouge-bordeaux-aoc\/"},"modified":"2021-08-03T13:00:36","modified_gmt":"2021-08-03T12:00:36","slug":"le-grand-louis-rouge-bordeaux-aoc","status":"publish","type":"product","link":"https:\/\/whisky.ad\/ca\/producte\/le-grand-louis-rouge-bordeaux-aoc\/","title":{"rendered":"Le Grand Louis, Rouge, Bordeaux AOC"},"content":{"rendered":"<table width=\"811\">\n<tbody>\n<tr>\n<td><strong>Dades sobre el vi<\/strong><\/td>\n<\/tr>\n<\/tbody>\n<\/table>\n<ul>\n<li>Celler: Caves de Rauzan<\/li>\n<li>RA\u00cfMS: Cabernet Sauvignon, Merlot<\/li>\n<li>Regi\u00f3: Fran\u00e7a \/ Bordeus<\/li>\n<li>Estil de vi: Negre Bordeus<\/li>\n<li>alcohol: 12%<\/li>\n<li>Vivino: 3,9\/5<\/li>\n<\/ul>\n<p><strong>Vinificaci\u00f3: Per tal de preservar els sabors de fruita fresca del ra\u00efm, una part d&#8217;aquest vi es fermenta i microoxigena en tines d&#8217;acer inoxidable a baixa temperatura. Despr\u00e9s de la fermentaci\u00f3 malol\u00e0ctica, el vi es fusiona amb eleccions que es vinifiquen de manera tradicional. <strong>Nota de tast:<\/strong> Aquest vi t\u00e9 un vestit vermell fosc amb lleugers reflexos de coure. En nas t\u00e9 aromes de fruits vermells i esp\u00e8cies. En boca es mostra ben estructurat, amb els tanins de Cabernet Sauvignon. <strong>Maridatge:<\/strong> perfecte per a barbacoes i per copes de Bordeus.<\/strong> <\/p>\n","protected":false},"excerpt":{"rendered":"<table width=\"811\">\n<tbody>\n<tr>\n<td><strong>Dades sobre el vi<\/strong><\/td>\n<\/tr>\n<\/tbody>\n<\/table>\n<ul>\n<li>Celler: Caves de Rauzan<\/li>\n<li>RA\u00cfMS: Cabernet Sauvignon, Merlot<\/li>\n<li>Regi\u00f3: Fran\u00e7a \/ Bordeus<\/li>\n<li>Estil de vi: Negre Bordeus<\/li>\n<li>alcohol: 12%<\/li>\n<li>Vivino: 3,9\/5<\/li>\n<\/ul>\n","protected":false},"featured_media":76383,"comment_status":"open","ping_status":"closed","template":"","meta":{"_acf_changed":false},"product_brand":[],"product_cat":[395,391],"product_tag":[],"class_list":{"0":"post-78774","1":"product","2":"type-product","3":"status-publish","4":"has-post-thumbnail","6":"product_cat-bordeaux-ca","7":"product_cat-vins-ca","9":"first","10":"instock","11":"taxable","12":"shipping-taxable","13":"purchasable","14":"product-type-simple"},"acf":[],"aioseo_notices":[],"jetpack_sharing_enabled":true,"_links":{"self":[{"href":"https:\/\/whisky.ad\/ca\/wp-json\/wp\/v2\/product\/78774","targetHints":{"allow":["GET"]}}],"collection":[{"href":"https:\/\/whisky.ad\/ca\/wp-json\/wp\/v2\/product"}],"about":[{"href":"https:\/\/whisky.ad\/ca\/wp-json\/wp\/v2\/types\/product"}],"replies":[{"embeddable":true,"href":"https:\/\/whisky.ad\/ca\/wp-json\/wp\/v2\/comments?post=78774"}],"wp:featuredmedia":[{"embeddable":true,"href":"https:\/\/whisky.ad\/ca\/wp-json\/wp\/v2\/media\/76383"}],"wp:attachment":[{"href":"https:\/\/whisky.ad\/ca\/wp-json\/wp\/v2\/media?parent=78774"}],"wp:term":[{"taxonomy":"product_brand","embeddable":true,"href":"https:\/\/whisky.ad\/ca\/wp-json\/wp\/v2\/product_brand?post=78774"},{"taxonomy":"product_cat","embeddable":true,"href":"https:\/\/whisky.ad\/ca\/wp-json\/wp\/v2\/product_cat?post=78774"},{"taxonomy":"product_tag","embeddable":true,"href":"https:\/\/whisky.ad\/ca\/wp-json\/wp\/v2\/product_tag?post=78774"}],"curies":[{"name":"wp","href":"https:\/\/api.w.org\/{rel}","templated":true}]}}