{"id":78770,"date":"2023-07-24T16:52:39","date_gmt":"2023-07-24T15:52:39","guid":{"rendered":"https:\/\/whisky.ad\/product\/kyoto-miyako-murasaki-obi-black-belt-43-70cl\/"},"modified":"2023-07-24T16:52:39","modified_gmt":"2023-07-24T15:52:39","slug":"kyoto-miyako-murasaki-obi-black-belt-43-70cl","status":"publish","type":"product","link":"https:\/\/whisky.ad\/ca\/producte\/kyoto-miyako-murasaki-obi-black-belt-43-70cl\/","title":{"rendered":"Kyoto Miyako \u2013 Murasaki OBI Black Belt \u2013 43\u00b0 \u2013 70cL"},"content":{"rendered":"","protected":false},"excerpt":{"rendered":"<p>Un aut\u00e8ntic whisky tipus bourbon envellit en b\u00f3tes de roure americ\u00e0, barrejat amb malta acuradament seleccionada i acabat en b\u00f3tes de bourbon. Notes de tast:<\/p>\n<ul>\n<li>Nas: extracte de vainilla<\/li>\n<li>Boca: vainilla i notes afruitats<\/li>\n<li>Final: llarg i persistent<\/li>\n<\/ul>\n<p>La Kyoto Miyako Distillery \u00e9s la primera destil\u00b7leria de whisky de Kyoto. Es troba a Kyotamba-Cho, envoltat d&#8217;una natura preciosa. S&#8217;utilitzen dos tipus d&#8217;alambins: un amb coll de cigne allargat i un altre m\u00e9s curt i arrodonit. El model m\u00e9s rod\u00f3 produeix un esperit amb un gust relativament atrevit, mentre que el model bombat produeix un esperit delici\u00f3s i de gust suau. L&#8217;\u00fas de diferents formes alambiques permet una \u00e0mplia gamma de sabors de whisky. Al estar envoltat de muntanyes com Mount Chorogatake, hi ha una important difer\u00e8ncia de temperatura entre el dia i la nit, que accelera el proc\u00e9s d&#8217;envelliment del whisky, un pas essencial en la seva producci\u00f3.     <\/p>\n","protected":false},"featured_media":76890,"comment_status":"open","ping_status":"closed","template":"","meta":{"_acf_changed":false},"product_brand":[],"product_cat":[509,360,445],"product_tag":[],"class_list":{"0":"post-78770","1":"product","2":"type-product","3":"status-publish","4":"has-post-thumbnail","6":"product_cat-japan-ca","7":"product_cat-whisky-per-marca-ca","8":"product_cat-kyoto-ca","10":"first","11":"instock","12":"taxable","13":"shipping-taxable","14":"purchasable","15":"product-type-simple"},"acf":[],"aioseo_notices":[],"jetpack_sharing_enabled":true,"_links":{"self":[{"href":"https:\/\/whisky.ad\/ca\/wp-json\/wp\/v2\/product\/78770","targetHints":{"allow":["GET"]}}],"collection":[{"href":"https:\/\/whisky.ad\/ca\/wp-json\/wp\/v2\/product"}],"about":[{"href":"https:\/\/whisky.ad\/ca\/wp-json\/wp\/v2\/types\/product"}],"replies":[{"embeddable":true,"href":"https:\/\/whisky.ad\/ca\/wp-json\/wp\/v2\/comments?post=78770"}],"wp:featuredmedia":[{"embeddable":true,"href":"https:\/\/whisky.ad\/ca\/wp-json\/wp\/v2\/media\/76890"}],"wp:attachment":[{"href":"https:\/\/whisky.ad\/ca\/wp-json\/wp\/v2\/media?parent=78770"}],"wp:term":[{"taxonomy":"product_brand","embeddable":true,"href":"https:\/\/whisky.ad\/ca\/wp-json\/wp\/v2\/product_brand?post=78770"},{"taxonomy":"product_cat","embeddable":true,"href":"https:\/\/whisky.ad\/ca\/wp-json\/wp\/v2\/product_cat?post=78770"},{"taxonomy":"product_tag","embeddable":true,"href":"https:\/\/whisky.ad\/ca\/wp-json\/wp\/v2\/product_tag?post=78770"}],"curies":[{"name":"wp","href":"https:\/\/api.w.org\/{rel}","templated":true}]}}