{"id":78767,"date":"2023-07-24T17:11:27","date_gmt":"2023-07-24T16:11:27","guid":{"rendered":"https:\/\/whisky.ad\/product\/kumano-mizunara-cask-07l-43\/"},"modified":"2023-07-24T17:11:27","modified_gmt":"2023-07-24T16:11:27","slug":"kumano-mizunara-cask-07l-43","status":"publish","type":"product","link":"https:\/\/whisky.ad\/ca\/producte\/kumano-mizunara-cask-07l-43\/","title":{"rendered":"KUMANO MIZUNARA CASK 0,7l 43%"},"content":{"rendered":"","protected":false},"excerpt":{"rendered":"<div class=\"flex flex-grow flex-col gap-3\">\n<div class=\"min-h-[20px] flex items-start overflow-x-auto whitespace-pre-wrap break-words flex-col gap-4\">\n<div class=\"markdown prose w-full break-words dark:prose-invert light\">\n<p>La malta escocesa i la malta japonesa es barregen i envelleixen almenys 3 anys en b\u00f3tes de roure, despr\u00e9s s&#8217;acaben en una b\u00f3ta de roure japon\u00e8s &#8220;Mizunara&#8221; amb 6 mesos addicionals de crian\u00e7a. Aquest whisky t\u00e9 una aroma \u00fanica i un gust relativament suau. Es caracteritza per notes dolces i afruitats i un sabor profund que combina aromes de fusta amb fruites seques. Notes de tast:<\/p>\n<div class=\"flex flex-grow flex-col gap-3\">\n<div class=\"min-h-[20px] flex items-start overflow-x-auto whitespace-pre-wrap break-words flex-col gap-4\">\n<div class=\"markdown prose w-full break-words dark:prose-invert light\">\n<ul>\n<li>Aspecte: Daurat.<\/li>\n<li>Nas: Suau i agradable amb notes de cereals i fruites.<\/li>\n<li>Boca: sabors maltats, fruits secs i delicades aromes llenyoses gr\u00e0cies a l&#8217;acabat en b\u00f3ta de Mizunara. Ben equilibrat. <\/li>\n<li>Acabat: Final llarg i suau.<\/li>\n<\/ul>\n<\/div>\n<\/div>\n<\/div>\n<\/div>\n<\/div>\n<\/div>\n","protected":false},"featured_media":76896,"comment_status":"open","ping_status":"closed","template":"","meta":{"_acf_changed":false},"product_brand":[],"product_cat":[509,360,442],"product_tag":[],"class_list":{"0":"post-78767","1":"product","2":"type-product","3":"status-publish","4":"has-post-thumbnail","6":"product_cat-japan-ca","7":"product_cat-whisky-per-marca-ca","8":"product_cat-kumano-ca","10":"first","11":"instock","12":"taxable","13":"shipping-taxable","14":"purchasable","15":"product-type-simple"},"acf":[],"aioseo_notices":[],"jetpack_sharing_enabled":true,"_links":{"self":[{"href":"https:\/\/whisky.ad\/ca\/wp-json\/wp\/v2\/product\/78767","targetHints":{"allow":["GET"]}}],"collection":[{"href":"https:\/\/whisky.ad\/ca\/wp-json\/wp\/v2\/product"}],"about":[{"href":"https:\/\/whisky.ad\/ca\/wp-json\/wp\/v2\/types\/product"}],"replies":[{"embeddable":true,"href":"https:\/\/whisky.ad\/ca\/wp-json\/wp\/v2\/comments?post=78767"}],"wp:featuredmedia":[{"embeddable":true,"href":"https:\/\/whisky.ad\/ca\/wp-json\/wp\/v2\/media\/76896"}],"wp:attachment":[{"href":"https:\/\/whisky.ad\/ca\/wp-json\/wp\/v2\/media?parent=78767"}],"wp:term":[{"taxonomy":"product_brand","embeddable":true,"href":"https:\/\/whisky.ad\/ca\/wp-json\/wp\/v2\/product_brand?post=78767"},{"taxonomy":"product_cat","embeddable":true,"href":"https:\/\/whisky.ad\/ca\/wp-json\/wp\/v2\/product_cat?post=78767"},{"taxonomy":"product_tag","embeddable":true,"href":"https:\/\/whisky.ad\/ca\/wp-json\/wp\/v2\/product_tag?post=78767"}],"curies":[{"name":"wp","href":"https:\/\/api.w.org\/{rel}","templated":true}]}}