{"id":78764,"date":"2023-07-25T12:26:03","date_gmt":"2023-07-25T11:26:03","guid":{"rendered":"https:\/\/whisky.ad\/product\/kumano-hinoki-cask-finish-whisky-40-0-5l\/"},"modified":"2023-07-25T12:26:03","modified_gmt":"2023-07-25T11:26:03","slug":"kumano-hinoki-cask-finish-whisky-40-0-5l","status":"publish","type":"product","link":"https:\/\/whisky.ad\/ca\/producte\/kumano-hinoki-cask-finish-whisky-40-0-5l\/","title":{"rendered":"KUMANO HINOKI CASK FINISH WHISKY 40% 0.5L"},"content":{"rendered":"","protected":false},"excerpt":{"rendered":"<div class=\"flex flex-grow flex-col gap-3\">\n<div class=\"min-h-[20px] flex items-start overflow-x-auto whitespace-pre-wrap break-words flex-col gap-4\">\n<div class=\"markdown prose w-full break-words dark:prose-invert light\">\n<p>Kumano Hinoki Cask Finish, una malta combinada \u00fanica que consta d&#8217;una malta de 3 anys i una malta d&#8217;olla acabada de destil\u00b7lar, envellida per experts durant 6 mesos addicionals en b\u00f3tes Hinoki. Aquesta notable creaci\u00f3 marca el whisky japon\u00e8s pioner del m\u00f3n que s&#8217;ha de madurar en aquestes b\u00f3tes venerades d&#8217;Hinoki (xiprer japon\u00e8s), considerades sagradas en la fe xintoista com l&#8217;arbre de D\u00e9u. Al paladar, Kumano Hinoki Cask Finish delecta amb la seva suavitat vellutada i frescor vigoritzant, deixant un delici\u00f3s toc de mel en el seu final. Experimenta el matrimoni harm\u00f2nic de la tradici\u00f3 i la innovaci\u00f3 en aquest whisky japon\u00e8s excepcional. <\/p>\n<div class=\"flex flex-grow flex-col gap-3\">\n<div class=\"min-h-[20px] flex items-start overflow-x-auto whitespace-pre-wrap break-words flex-col gap-4\">\n<div class=\"markdown prose w-full break-words dark:prose-invert light\">\n<p>Notes de tast:<\/p>\n<ul>\n<li>Aspecte: un color daurat brillant i clar brilla acollidor a la copa.<\/li>\n<li>Nas: l&#8217;aroma \u00e9s una combinaci\u00f3 deliciosa de maltesa i frescor, creant un bouquet atractiu.<\/li>\n<li>Boca: Al paladar, experimenta una combinaci\u00f3 harm\u00f2nica de suavitat i refresc, accentuada per diferents matisos llenyosos atribu\u00efts a l&#8217;acabat en b\u00f3ta Hinoki.<\/li>\n<li>Final: El final est\u00e0 agraciat amb una suau dol\u00e7or de mel, deixant enrere un retrogust lleuger i satisfactori.<\/li>\n<\/ul>\n<\/div>\n<\/div>\n<\/div>\n<\/div>\n<\/div>\n<\/div>\n","protected":false},"featured_media":76899,"comment_status":"open","ping_status":"closed","template":"","meta":{"_acf_changed":false},"product_brand":[],"product_cat":[509,360,442],"product_tag":[],"class_list":{"0":"post-78764","1":"product","2":"type-product","3":"status-publish","4":"has-post-thumbnail","6":"product_cat-japan-ca","7":"product_cat-whisky-per-marca-ca","8":"product_cat-kumano-ca","10":"first","11":"instock","12":"taxable","13":"shipping-taxable","14":"purchasable","15":"product-type-simple"},"acf":[],"aioseo_notices":[],"jetpack_sharing_enabled":true,"_links":{"self":[{"href":"https:\/\/whisky.ad\/ca\/wp-json\/wp\/v2\/product\/78764","targetHints":{"allow":["GET"]}}],"collection":[{"href":"https:\/\/whisky.ad\/ca\/wp-json\/wp\/v2\/product"}],"about":[{"href":"https:\/\/whisky.ad\/ca\/wp-json\/wp\/v2\/types\/product"}],"replies":[{"embeddable":true,"href":"https:\/\/whisky.ad\/ca\/wp-json\/wp\/v2\/comments?post=78764"}],"wp:featuredmedia":[{"embeddable":true,"href":"https:\/\/whisky.ad\/ca\/wp-json\/wp\/v2\/media\/76899"}],"wp:attachment":[{"href":"https:\/\/whisky.ad\/ca\/wp-json\/wp\/v2\/media?parent=78764"}],"wp:term":[{"taxonomy":"product_brand","embeddable":true,"href":"https:\/\/whisky.ad\/ca\/wp-json\/wp\/v2\/product_brand?post=78764"},{"taxonomy":"product_cat","embeddable":true,"href":"https:\/\/whisky.ad\/ca\/wp-json\/wp\/v2\/product_cat?post=78764"},{"taxonomy":"product_tag","embeddable":true,"href":"https:\/\/whisky.ad\/ca\/wp-json\/wp\/v2\/product_tag?post=78764"}],"curies":[{"name":"wp","href":"https:\/\/api.w.org\/{rel}","templated":true}]}}