{"id":78757,"date":"2018-11-13T10:35:37","date_gmt":"2018-11-13T09:35:37","guid":{"rendered":"https:\/\/whisky.ad\/product\/imagin-stockholm-dry-gin-0-7l-40\/"},"modified":"2018-11-13T10:35:37","modified_gmt":"2018-11-13T09:35:37","slug":"imagin-stockholm-dry-gin-0-7l-40","status":"publish","type":"product","link":"https:\/\/whisky.ad\/ca\/producte\/imagin-stockholm-dry-gin-0-7l-40\/","title":{"rendered":"IMAGIN Stockholm Dry Gin 0.7L. 40%"},"content":{"rendered":"","protected":false},"excerpt":{"rendered":"<p>Una ginebra de Su\u00e8cia, feta de manera brillant, porta un t\u00edtol imaginatiu&#8230; Fidel al seu nom, aquesta ginebra seca posseeix una tonalitat blava sorprenent, i aquesta del\u00edcia visual no \u00e9s una mera il\u00b7lusi\u00f3 d&#8217;env\u00e0s: l&#8217;ampolla de vidre transparent ho confirma. Elaborada amb una combinaci\u00f3 harm\u00f2nica de tretze bot\u00e0nics a part del ginebre, aquesta ginebra aconsegueix un delici\u00f3s equilibri entre els seus components d&#8217;esp\u00e8cies, herbes i c\u00edtrics.  <\/p>\n","protected":false},"featured_media":75765,"comment_status":"open","ping_status":"closed","template":"","meta":{"_acf_changed":false},"product_brand":[],"product_cat":[415],"product_tag":[506],"class_list":{"0":"post-78757","1":"product","2":"type-product","3":"status-publish","4":"has-post-thumbnail","6":"product_cat-ginebra-ca","7":"product_tag-sweden-ca","9":"first","10":"instock","11":"taxable","12":"shipping-taxable","13":"purchasable","14":"product-type-simple"},"acf":[],"aioseo_notices":[],"jetpack_sharing_enabled":true,"_links":{"self":[{"href":"https:\/\/whisky.ad\/ca\/wp-json\/wp\/v2\/product\/78757","targetHints":{"allow":["GET"]}}],"collection":[{"href":"https:\/\/whisky.ad\/ca\/wp-json\/wp\/v2\/product"}],"about":[{"href":"https:\/\/whisky.ad\/ca\/wp-json\/wp\/v2\/types\/product"}],"replies":[{"embeddable":true,"href":"https:\/\/whisky.ad\/ca\/wp-json\/wp\/v2\/comments?post=78757"}],"wp:featuredmedia":[{"embeddable":true,"href":"https:\/\/whisky.ad\/ca\/wp-json\/wp\/v2\/media\/75765"}],"wp:attachment":[{"href":"https:\/\/whisky.ad\/ca\/wp-json\/wp\/v2\/media?parent=78757"}],"wp:term":[{"taxonomy":"product_brand","embeddable":true,"href":"https:\/\/whisky.ad\/ca\/wp-json\/wp\/v2\/product_brand?post=78757"},{"taxonomy":"product_cat","embeddable":true,"href":"https:\/\/whisky.ad\/ca\/wp-json\/wp\/v2\/product_cat?post=78757"},{"taxonomy":"product_tag","embeddable":true,"href":"https:\/\/whisky.ad\/ca\/wp-json\/wp\/v2\/product_tag?post=78757"}],"curies":[{"name":"wp","href":"https:\/\/api.w.org\/{rel}","templated":true}]}}