{"id":78754,"date":"2023-08-27T20:35:32","date_gmt":"2023-08-27T19:35:32","guid":{"rendered":"https:\/\/whisky.ad\/product\/hyde-no-9-iberian-cask-0-7l-43\/"},"modified":"2023-08-27T20:35:32","modified_gmt":"2023-08-27T19:35:32","slug":"hyde-no-9-iberian-cask-0-7l-43","status":"publish","type":"product","link":"https:\/\/whisky.ad\/ca\/producte\/hyde-no-9-iberian-cask-0-7l-43\/","title":{"rendered":"Hyde No.9 Iberian Cask 0.7L 43%"},"content":{"rendered":"","protected":false},"excerpt":{"rendered":"<div class=\"flex flex-grow flex-col gap-3 max-w-full\">\n<div class=\"min-h-[20px] flex flex-col items-start gap-3 overflow-x-auto whitespace-pre-wrap break-words\">\n<div class=\"markdown prose w-full break-words dark:prose-invert light\">\n<p>La col\u00b7lecci\u00f3 de Hyde d\u00f3na la benvinguda al llan\u00e7ament n\u00famero 6, elaborat meticulosament a partir d&#8217;una fusi\u00f3 de single malt irland\u00e8s i whisky de gra \u00fanic irland\u00e8s. Aquesta barreja harm\u00f2nica s&#8217;ha unit h\u00e0bilment i, posteriorment, s&#8217;ha lliurat a un acabat de b\u00f3ta de xer\u00e8s, que ha culminat amb un embotellat a un robust 46% ABV. Prepareu-vos per abra\u00e7ar una dol\u00e7or afruitat robusta harmonitzada amb generosos tons de vainilla. Nas: Descobreix les aromes acollidores que recorden a la mel rossejada a les torrades, l&#8217;ess\u00e8ncia reconfortant del pa de malta, acompanyada d&#8217;un subtil toc de gra de caf\u00e8. Boca: embarca&#8217;t en un viatge agradable al paladar caracteritzat per la vitalitat de les baies vermelles fresques i el suau encant de la poma al forn. Submergeix-te en els sabors matisats del pa de pessic i la rica abra\u00e7ada del cedre. Final: acaba amb una nota de vainilla elegant i cremosa que harmonitza amb un tentador toc de clau, deixant una impressi\u00f3 satisfact\u00f2ria i persistent.   <\/p>\n<\/div>\n<\/div>\n<\/div>\n","protected":false},"featured_media":77211,"comment_status":"open","ping_status":"closed","template":"","meta":{"_acf_changed":false},"product_brand":[],"product_cat":[503,360,437],"product_tag":[],"class_list":{"0":"post-78754","1":"product","2":"type-product","3":"status-publish","4":"has-post-thumbnail","6":"product_cat-ireland-ca","7":"product_cat-whisky-per-marca-ca","8":"product_cat-hyde-ca","10":"first","11":"instock","12":"taxable","13":"shipping-taxable","14":"purchasable","15":"product-type-simple"},"acf":[],"aioseo_notices":[],"jetpack_sharing_enabled":true,"_links":{"self":[{"href":"https:\/\/whisky.ad\/ca\/wp-json\/wp\/v2\/product\/78754","targetHints":{"allow":["GET"]}}],"collection":[{"href":"https:\/\/whisky.ad\/ca\/wp-json\/wp\/v2\/product"}],"about":[{"href":"https:\/\/whisky.ad\/ca\/wp-json\/wp\/v2\/types\/product"}],"replies":[{"embeddable":true,"href":"https:\/\/whisky.ad\/ca\/wp-json\/wp\/v2\/comments?post=78754"}],"wp:featuredmedia":[{"embeddable":true,"href":"https:\/\/whisky.ad\/ca\/wp-json\/wp\/v2\/media\/77211"}],"wp:attachment":[{"href":"https:\/\/whisky.ad\/ca\/wp-json\/wp\/v2\/media?parent=78754"}],"wp:term":[{"taxonomy":"product_brand","embeddable":true,"href":"https:\/\/whisky.ad\/ca\/wp-json\/wp\/v2\/product_brand?post=78754"},{"taxonomy":"product_cat","embeddable":true,"href":"https:\/\/whisky.ad\/ca\/wp-json\/wp\/v2\/product_cat?post=78754"},{"taxonomy":"product_tag","embeddable":true,"href":"https:\/\/whisky.ad\/ca\/wp-json\/wp\/v2\/product_tag?post=78754"}],"curies":[{"name":"wp","href":"https:\/\/api.w.org\/{rel}","templated":true}]}}