{"id":78748,"date":"2023-08-27T20:24:55","date_gmt":"2023-08-27T19:24:55","guid":{"rendered":"https:\/\/whisky.ad\/product\/hyde-no-5-the-aras-cask-0-7l-46\/"},"modified":"2023-08-27T20:24:55","modified_gmt":"2023-08-27T19:24:55","slug":"hyde-no-5-the-aras-cask-0-7l-46","status":"publish","type":"product","link":"https:\/\/whisky.ad\/ca\/producte\/hyde-no-5-the-aras-cask-0-7l-46\/","title":{"rendered":"Hyde No.5 The \u00c1ras Cask 0.7L 46%"},"content":{"rendered":"<div class=\"flex flex-grow flex-col gap-3 max-w-full\">\n<div class=\"min-h-[20px] flex flex-col items-start gap-3 overflow-x-auto whitespace-pre-wrap break-words\">\n<div class=\"markdown prose w-full break-words dark:prose-invert light\">\n<p>Formant part de la gamma Hyde d&#8217;Hibernia Distillers, el No.5 \u00c1ras Cask presenta un whisky de gra \u00fanic irland\u00e8s de 6 anys. Aquesta expressi\u00f3 \u00fanica ha sofert un per\u00edode d&#8217;acabat en b\u00f3tes pr\u00e8viament adornades pel vi de Borgonya, donant al whisky una dol\u00e7or inconfusible. Nas: Delecteu-vos amb les aromes de maduixes, cireres, entrella\u00e7ades amb suaus onades de sucre moreno. Boca: El paladar introdueix sabors semblants als panets gelats, acompanyats de la calidesa de la canyella, la brillantor de l&#8217;aranja i un toc delicat de vainilla. Final: Conclou amb una elegant combinaci\u00f3 de fruits secs i la riquesa del moka, assegurant un tancament memorable i satisfactori. <\/p>\n<\/div>\n<\/div>\n<\/div>\n","protected":false},"excerpt":{"rendered":"<p>Formant part de la gamma Hyde d&#8217;Hibernia Distillers, el No.5 \u00c1ras Cask presenta un whisky de gra \u00fanic irland\u00e8s de 6 anys. Aquesta expressi\u00f3 \u00fanica ha sofert un per\u00edode d&#8217;acabat en b\u00f3tes pr\u00e8viament adornades pel vi de Borgonya, donant al whisky una dol\u00e7or inconfusible. Nas: Delecteu-vos amb les aromes de maduixes, cireres, entrella\u00e7ades amb suaus [&hellip;]<\/p>\n","protected":false},"featured_media":77205,"comment_status":"open","ping_status":"closed","template":"","meta":{"_acf_changed":false},"product_brand":[],"product_cat":[503,360,437],"product_tag":[],"class_list":{"0":"post-78748","1":"product","2":"type-product","3":"status-publish","4":"has-post-thumbnail","6":"product_cat-ireland-ca","7":"product_cat-whisky-per-marca-ca","8":"product_cat-hyde-ca","10":"first","11":"instock","12":"taxable","13":"shipping-taxable","14":"purchasable","15":"product-type-simple"},"acf":[],"aioseo_notices":[],"jetpack_sharing_enabled":true,"_links":{"self":[{"href":"https:\/\/whisky.ad\/ca\/wp-json\/wp\/v2\/product\/78748","targetHints":{"allow":["GET"]}}],"collection":[{"href":"https:\/\/whisky.ad\/ca\/wp-json\/wp\/v2\/product"}],"about":[{"href":"https:\/\/whisky.ad\/ca\/wp-json\/wp\/v2\/types\/product"}],"replies":[{"embeddable":true,"href":"https:\/\/whisky.ad\/ca\/wp-json\/wp\/v2\/comments?post=78748"}],"wp:featuredmedia":[{"embeddable":true,"href":"https:\/\/whisky.ad\/ca\/wp-json\/wp\/v2\/media\/77205"}],"wp:attachment":[{"href":"https:\/\/whisky.ad\/ca\/wp-json\/wp\/v2\/media?parent=78748"}],"wp:term":[{"taxonomy":"product_brand","embeddable":true,"href":"https:\/\/whisky.ad\/ca\/wp-json\/wp\/v2\/product_brand?post=78748"},{"taxonomy":"product_cat","embeddable":true,"href":"https:\/\/whisky.ad\/ca\/wp-json\/wp\/v2\/product_cat?post=78748"},{"taxonomy":"product_tag","embeddable":true,"href":"https:\/\/whisky.ad\/ca\/wp-json\/wp\/v2\/product_tag?post=78748"}],"curies":[{"name":"wp","href":"https:\/\/api.w.org\/{rel}","templated":true}]}}