{"id":78745,"date":"2023-08-27T20:20:50","date_gmt":"2023-08-27T19:20:50","guid":{"rendered":"https:\/\/whisky.ad\/product\/hyde-no-4-presidents-cask-0-7l-46\/"},"modified":"2023-08-27T20:20:50","modified_gmt":"2023-08-27T19:20:50","slug":"hyde-no-4-presidents-cask-0-7l-46","status":"publish","type":"product","link":"https:\/\/whisky.ad\/ca\/producte\/hyde-no-4-presidents-cask-0-7l-46\/","title":{"rendered":"Hyde No.4 President\u2019s Cask 0.7l 46%"},"content":{"rendered":"","protected":false},"excerpt":{"rendered":"<p>Un whisky irland\u00e8s single malt de 6 anys, un membre distingit de la l\u00ednia Hyde. La iteraci\u00f3 n\u00famero 4 de President&#8217;s Cask s&#8217;ha sotm\u00e8s a un viatge final dins de b\u00f3tes que abans havien estat habitades per un rom delici\u00f3s, donant al whisky impressions vibrants de fruites tropicals picants i esp\u00e8cies ex\u00f2tiques atractives. Nas: una combinaci\u00f3 acollidora de fruita de la passi\u00f3, prunes guisades i un toc animat de cinc esp\u00e8cies, que ofereix una del\u00edcia sensorial. Boca: Iniciat per una base de malt, acompanyat d&#8217;abundants notes cremoses de vainilla. A mesura que es desenvolupa el tast, el whisky desplega capes de pinya seca i mango, creant un tap\u00eds de sabors. Final: la conclusi\u00f3 est\u00e0 marcada per una interacci\u00f3 animada de coriandre picant, figues matisades i l&#8217;ess\u00e8ncia reconfortant del pa amb mantega, que ofereix un tancament memorable i sabor\u00f3s.  <\/p>\n","protected":false},"featured_media":77202,"comment_status":"open","ping_status":"closed","template":"","meta":{"_acf_changed":false},"product_brand":[],"product_cat":[503,360,437],"product_tag":[],"class_list":{"0":"post-78745","1":"product","2":"type-product","3":"status-publish","4":"has-post-thumbnail","6":"product_cat-ireland-ca","7":"product_cat-whisky-per-marca-ca","8":"product_cat-hyde-ca","10":"first","11":"instock","12":"taxable","13":"shipping-taxable","14":"purchasable","15":"product-type-simple"},"acf":[],"aioseo_notices":[],"jetpack_sharing_enabled":true,"_links":{"self":[{"href":"https:\/\/whisky.ad\/ca\/wp-json\/wp\/v2\/product\/78745","targetHints":{"allow":["GET"]}}],"collection":[{"href":"https:\/\/whisky.ad\/ca\/wp-json\/wp\/v2\/product"}],"about":[{"href":"https:\/\/whisky.ad\/ca\/wp-json\/wp\/v2\/types\/product"}],"replies":[{"embeddable":true,"href":"https:\/\/whisky.ad\/ca\/wp-json\/wp\/v2\/comments?post=78745"}],"wp:featuredmedia":[{"embeddable":true,"href":"https:\/\/whisky.ad\/ca\/wp-json\/wp\/v2\/media\/77202"}],"wp:attachment":[{"href":"https:\/\/whisky.ad\/ca\/wp-json\/wp\/v2\/media?parent=78745"}],"wp:term":[{"taxonomy":"product_brand","embeddable":true,"href":"https:\/\/whisky.ad\/ca\/wp-json\/wp\/v2\/product_brand?post=78745"},{"taxonomy":"product_cat","embeddable":true,"href":"https:\/\/whisky.ad\/ca\/wp-json\/wp\/v2\/product_cat?post=78745"},{"taxonomy":"product_tag","embeddable":true,"href":"https:\/\/whisky.ad\/ca\/wp-json\/wp\/v2\/product_tag?post=78745"}],"curies":[{"name":"wp","href":"https:\/\/api.w.org\/{rel}","templated":true}]}}