{"id":78739,"date":"2023-08-27T20:11:20","date_gmt":"2023-08-27T19:11:20","guid":{"rendered":"https:\/\/whisky.ad\/product\/hyde-no-11-peated-single-malt-0-7l-43\/"},"modified":"2023-08-27T20:11:20","modified_gmt":"2023-08-27T19:11:20","slug":"hyde-no-11-peated-single-malt-0-7l-43","status":"publish","type":"product","link":"https:\/\/whisky.ad\/ca\/producte\/hyde-no-11-peated-single-malt-0-7l-43\/","title":{"rendered":"Hyde No.11 Peated Single Malt 0.7l 43%"},"content":{"rendered":"","protected":false},"excerpt":{"rendered":"<div class=\"flex flex-grow flex-col gap-3 max-w-full\">\n<div class=\"min-h-[20px] flex flex-col items-start gap-3 overflow-x-auto whitespace-pre-wrap break-words\">\n<div class=\"markdown prose w-full break-words dark:prose-invert light\">\n<p>Una oferta exclusiva de Hyde Irish Whisky, es tracta d&#8217;una edici\u00f3 limitada. Llueix amb orgull la distinci\u00f3 de no ser filtrat per fred, havent estat envellit amb gr\u00e0cia durant una durada m\u00ednima de 8 anys dins d&#8217;ex-b\u00f3tes de bourbon. Cal destacar que el n\u00famero 11 es distingeix per l&#8217;etiqueta commemorativa que porta l&#8217;any 1949, que ret homenatge al president inaugural d&#8217;Irlanda, Douglas Hyde. Nas: delicadament impregnat d&#8217;un toc fumat, aquesta expressi\u00f3 revela frag\u00e0ncies que recorden la pera, la poma verda i els fruits secs. Boca: Desvetlla una base de gra de malt de galetes complementada amb una suau infusi\u00f3 de mel dol\u00e7a i la calidesa del roure torrat. La textura \u00e9s rica, amb cos i exquisidament cremosa al paladar.  <\/p>\n<\/div>\n<\/div>\n<\/div>\n","protected":false},"featured_media":77196,"comment_status":"open","ping_status":"closed","template":"","meta":{"_acf_changed":false},"product_brand":[],"product_cat":[503,360,437],"product_tag":[],"class_list":{"0":"post-78739","1":"product","2":"type-product","3":"status-publish","4":"has-post-thumbnail","6":"product_cat-ireland-ca","7":"product_cat-whisky-per-marca-ca","8":"product_cat-hyde-ca","10":"first","11":"instock","12":"taxable","13":"shipping-taxable","14":"purchasable","15":"product-type-simple"},"acf":[],"aioseo_notices":[],"jetpack_sharing_enabled":true,"_links":{"self":[{"href":"https:\/\/whisky.ad\/ca\/wp-json\/wp\/v2\/product\/78739","targetHints":{"allow":["GET"]}}],"collection":[{"href":"https:\/\/whisky.ad\/ca\/wp-json\/wp\/v2\/product"}],"about":[{"href":"https:\/\/whisky.ad\/ca\/wp-json\/wp\/v2\/types\/product"}],"replies":[{"embeddable":true,"href":"https:\/\/whisky.ad\/ca\/wp-json\/wp\/v2\/comments?post=78739"}],"wp:featuredmedia":[{"embeddable":true,"href":"https:\/\/whisky.ad\/ca\/wp-json\/wp\/v2\/media\/77196"}],"wp:attachment":[{"href":"https:\/\/whisky.ad\/ca\/wp-json\/wp\/v2\/media?parent=78739"}],"wp:term":[{"taxonomy":"product_brand","embeddable":true,"href":"https:\/\/whisky.ad\/ca\/wp-json\/wp\/v2\/product_brand?post=78739"},{"taxonomy":"product_cat","embeddable":true,"href":"https:\/\/whisky.ad\/ca\/wp-json\/wp\/v2\/product_cat?post=78739"},{"taxonomy":"product_tag","embeddable":true,"href":"https:\/\/whisky.ad\/ca\/wp-json\/wp\/v2\/product_tag?post=78739"}],"curies":[{"name":"wp","href":"https:\/\/api.w.org\/{rel}","templated":true}]}}