{"id":78733,"date":"2023-08-27T19:58:59","date_gmt":"2023-08-27T18:58:59","guid":{"rendered":"https:\/\/whisky.ad\/product\/hyde-8-year-old-cask-strength-whiskey-0-7l-59\/"},"modified":"2023-08-27T19:58:59","modified_gmt":"2023-08-27T18:58:59","slug":"hyde-8-year-old-cask-strength-whiskey-0-7l-59","status":"publish","type":"product","link":"https:\/\/whisky.ad\/ca\/producte\/hyde-8-year-old-cask-strength-whiskey-0-7l-59\/","title":{"rendered":"Hyde 8 Year Old Cask Strength Whiskey 0.7l 59%"},"content":{"rendered":"","protected":false},"excerpt":{"rendered":"<div class=\"flex flex-grow flex-col gap-3 max-w-full\">\n<div class=\"min-h-[20px] flex flex-col items-start gap-3 overflow-x-auto whitespace-pre-wrap break-words\">\n<div class=\"markdown prose w-full break-words dark:prose-invert light\">\n<p>Una creaci\u00f3 d&#8217;edici\u00f3 limitada d&#8217;Hibernia Distillers, aquesta oferta es presenta com un whisky irland\u00e8s de gra \u00fanic i de for\u00e7a en b\u00f3ta que ha sofert una triple destil\u00b7laci\u00f3 i es mant\u00e9 sense filtrar durant el proc\u00e9s de refrigeraci\u00f3. Amb una robusta for\u00e7a de b\u00f3ta natural amb un impressionant 59% ABV, la seva pot\u00e8ncia \u00e9s evident, cosa que fa que l&#8217;opci\u00f3 de diluir-lo amb aigua o, per a aquells que estiguin inclinats a l&#8217;exploraci\u00f3, combinar-lo amb ginger ale picant i una atractiva rodanxa de taronja. Nas: l&#8217;ess\u00e8ncia vigorosa d&#8217;esp\u00e8cies de gra \u00fanic balla enmig de suculents c\u00e8ntims de caramel dol\u00e7 i tocs de vainilla. Boca: ancorat per roure torrat i ordi daurat, aquesta expressi\u00f3 revela un nucli enriquit per matisos de pebre negre trencat, caramel de mantega i la cruixent de les pomes verdes. Final: una abra\u00e7ada duradora de riquesa terrosa derivada de la beina de vainilla persisteix suaument. <\/p>\n<\/div>\n<\/div>\n<\/div>\n","protected":false},"featured_media":77190,"comment_status":"open","ping_status":"closed","template":"","meta":{"_acf_changed":false},"product_brand":[],"product_cat":[503,360,437],"product_tag":[],"class_list":{"0":"post-78733","1":"product","2":"type-product","3":"status-publish","4":"has-post-thumbnail","6":"product_cat-ireland-ca","7":"product_cat-whisky-per-marca-ca","8":"product_cat-hyde-ca","10":"first","11":"instock","12":"taxable","13":"shipping-taxable","14":"purchasable","15":"product-type-simple"},"acf":[],"aioseo_notices":[],"jetpack_sharing_enabled":true,"_links":{"self":[{"href":"https:\/\/whisky.ad\/ca\/wp-json\/wp\/v2\/product\/78733","targetHints":{"allow":["GET"]}}],"collection":[{"href":"https:\/\/whisky.ad\/ca\/wp-json\/wp\/v2\/product"}],"about":[{"href":"https:\/\/whisky.ad\/ca\/wp-json\/wp\/v2\/types\/product"}],"replies":[{"embeddable":true,"href":"https:\/\/whisky.ad\/ca\/wp-json\/wp\/v2\/comments?post=78733"}],"wp:featuredmedia":[{"embeddable":true,"href":"https:\/\/whisky.ad\/ca\/wp-json\/wp\/v2\/media\/77190"}],"wp:attachment":[{"href":"https:\/\/whisky.ad\/ca\/wp-json\/wp\/v2\/media?parent=78733"}],"wp:term":[{"taxonomy":"product_brand","embeddable":true,"href":"https:\/\/whisky.ad\/ca\/wp-json\/wp\/v2\/product_brand?post=78733"},{"taxonomy":"product_cat","embeddable":true,"href":"https:\/\/whisky.ad\/ca\/wp-json\/wp\/v2\/product_cat?post=78733"},{"taxonomy":"product_tag","embeddable":true,"href":"https:\/\/whisky.ad\/ca\/wp-json\/wp\/v2\/product_tag?post=78733"}],"curies":[{"name":"wp","href":"https:\/\/api.w.org\/{rel}","templated":true}]}}