{"id":78730,"date":"2018-11-13T17:47:40","date_gmt":"2018-11-13T16:47:40","guid":{"rendered":"https:\/\/whisky.ad\/product\/hobe-nordic-silver-filtered-vodka-700ml-39-2-vol\/"},"modified":"2023-12-09T11:35:26","modified_gmt":"2023-12-09T10:35:26","slug":"hobe-nordic-silver-filtered-vodka-700ml-39-2-vol","status":"publish","type":"product","link":"https:\/\/whisky.ad\/ca\/producte\/hobe-nordic-silver-filtered-vodka-700ml-39-2-vol\/","title":{"rendered":"Hobe Nordic Silver Filtered Vodka (700ml 39.2% vol.)"},"content":{"rendered":"<p><img decoding=\"async\" src=\"https:\/\/liviko.ee\/static\/Bloody_Mary_Hobe-1-250x380.jpg\" alt=\"H\u00d5BE Bloody Mary\" data-index=\"0\" data-href=\"https:\/\/liviko.ee\/static\/Bloody_Mary_Hobe-1-395x600.jpg\" data-width=\"395\" data-height=\"600\"><\/p>\n","protected":false},"excerpt":{"rendered":"<p>H\u00f5be Vodka \u00e9s un vodka premium de la gamma Viru Valge que est\u00e0 fet per celebrar ocasions especials. La filtraci\u00f3 H\u00f5be triga gaireb\u00e9 tres vegades m\u00e9s que el m\u00e8tode de producci\u00f3 normal, per\u00f2 el producte final val m\u00e9s que val la pena. H\u00f5be es fa en petits lots i els seus acabats de postproducci\u00f3 es fan a m\u00e0. H\u00f5be significa &#8220;plata&#8221; en angl\u00e8s i el vodka porta aquest nom per una ra\u00f3, perqu\u00e8 passa per un sistema de filtraci\u00f3 en cascada de diversos nivells: primer un filtre de carb\u00f3 vegetal, despr\u00e9s 29 elements de filtre de plata que donen a la beguda el seu sabor pur. Finalment, el vodka entra en un filtre de poliment, que li confereix la seva brillantor \u00fanica. A causa d&#8217;aquest m\u00e8tode de filtraci\u00f3, H\u00f5be t\u00e9 un volum alcoh\u00f2lic precisament del 39,2%, el volum en qu\u00e8 el vodka filtrat a trav\u00e9s de plata adquireix el millor equilibri entre aroma net i sabor cruixent.  <\/p>\n","protected":false},"featured_media":75753,"comment_status":"open","ping_status":"closed","template":"","meta":{"_acf_changed":false},"product_brand":[],"product_cat":[417,349],"product_tag":[494,500],"class_list":{"0":"post-78730","1":"product","2":"type-product","3":"status-publish","4":"has-post-thumbnail","6":"product_cat-vodka-ca","7":"product_cat-begudes-alcoholiques-ca","8":"product_tag-estonia-ca","9":"product_tag-silver-ca","11":"first","12":"instock","13":"taxable","14":"shipping-taxable","15":"purchasable","16":"product-type-simple"},"acf":[],"aioseo_notices":[],"jetpack_sharing_enabled":true,"_links":{"self":[{"href":"https:\/\/whisky.ad\/ca\/wp-json\/wp\/v2\/product\/78730","targetHints":{"allow":["GET"]}}],"collection":[{"href":"https:\/\/whisky.ad\/ca\/wp-json\/wp\/v2\/product"}],"about":[{"href":"https:\/\/whisky.ad\/ca\/wp-json\/wp\/v2\/types\/product"}],"replies":[{"embeddable":true,"href":"https:\/\/whisky.ad\/ca\/wp-json\/wp\/v2\/comments?post=78730"}],"wp:featuredmedia":[{"embeddable":true,"href":"https:\/\/whisky.ad\/ca\/wp-json\/wp\/v2\/media\/75753"}],"wp:attachment":[{"href":"https:\/\/whisky.ad\/ca\/wp-json\/wp\/v2\/media?parent=78730"}],"wp:term":[{"taxonomy":"product_brand","embeddable":true,"href":"https:\/\/whisky.ad\/ca\/wp-json\/wp\/v2\/product_brand?post=78730"},{"taxonomy":"product_cat","embeddable":true,"href":"https:\/\/whisky.ad\/ca\/wp-json\/wp\/v2\/product_cat?post=78730"},{"taxonomy":"product_tag","embeddable":true,"href":"https:\/\/whisky.ad\/ca\/wp-json\/wp\/v2\/product_tag?post=78730"}],"curies":[{"name":"wp","href":"https:\/\/api.w.org\/{rel}","templated":true}]}}