{"id":78724,"date":"2023-11-15T12:52:19","date_gmt":"2023-11-15T11:52:19","guid":{"rendered":"https:\/\/whisky.ad\/product\/glen-scotia-campbeltown-harbour-single-malt-whisky-0-7l-40\/"},"modified":"2023-11-15T12:52:19","modified_gmt":"2023-11-15T11:52:19","slug":"glen-scotia-campbeltown-harbour-single-malt-whisky-0-7l-40","status":"publish","type":"product","link":"https:\/\/whisky.ad\/ca\/producte\/glen-scotia-campbeltown-harbour-single-malt-whisky-0-7l-40\/","title":{"rendered":"Glen Scotia Campbeltown Harbour Single Malt Whisky 0.7l 40%"},"content":{"rendered":"","protected":false},"excerpt":{"rendered":"<p>L&#8217;emblem\u00e0tic port de Campbeltown va ser una vegada l&#8217;\u00faltima parada del whisky escoc\u00e8s de totes les regions del m\u00f3n en general, i el nostre encertat nom &#8220;Campbeltown Harbour&#8221; \u00e9s un brindis per aquest important port i les relacions de llarga data que ha forjat entre Campbeltown i el m\u00f3n en general. . El whisky Glen Scotia Campbeltown Harbour \u00e9s una excel\u00b7lent introducci\u00f3 a la gamma de Glen Scotia, amb una clara influ\u00e8ncia costanera de sal marina i un fum suau, equilibrat amb pr\u00e9ssec suau i crema de vainilla.<\/p>\n","protected":false},"featured_media":77643,"comment_status":"open","ping_status":"closed","template":"","meta":{"_acf_changed":false},"product_brand":[],"product_cat":[360,491,315,429],"product_tag":[],"class_list":{"0":"post-78724","1":"product","2":"type-product","3":"status-publish","4":"has-post-thumbnail","6":"product_cat-whisky-per-marca-ca","7":"product_cat-whisky-per-pais-regio","8":"product_cat-escocia","9":"product_cat-glen-scotia-ca","11":"first","12":"instock","13":"taxable","14":"shipping-taxable","15":"purchasable","16":"product-type-simple"},"acf":[],"aioseo_notices":[],"jetpack_sharing_enabled":true,"_links":{"self":[{"href":"https:\/\/whisky.ad\/ca\/wp-json\/wp\/v2\/product\/78724","targetHints":{"allow":["GET"]}}],"collection":[{"href":"https:\/\/whisky.ad\/ca\/wp-json\/wp\/v2\/product"}],"about":[{"href":"https:\/\/whisky.ad\/ca\/wp-json\/wp\/v2\/types\/product"}],"replies":[{"embeddable":true,"href":"https:\/\/whisky.ad\/ca\/wp-json\/wp\/v2\/comments?post=78724"}],"wp:featuredmedia":[{"embeddable":true,"href":"https:\/\/whisky.ad\/ca\/wp-json\/wp\/v2\/media\/77643"}],"wp:attachment":[{"href":"https:\/\/whisky.ad\/ca\/wp-json\/wp\/v2\/media?parent=78724"}],"wp:term":[{"taxonomy":"product_brand","embeddable":true,"href":"https:\/\/whisky.ad\/ca\/wp-json\/wp\/v2\/product_brand?post=78724"},{"taxonomy":"product_cat","embeddable":true,"href":"https:\/\/whisky.ad\/ca\/wp-json\/wp\/v2\/product_cat?post=78724"},{"taxonomy":"product_tag","embeddable":true,"href":"https:\/\/whisky.ad\/ca\/wp-json\/wp\/v2\/product_tag?post=78724"}],"curies":[{"name":"wp","href":"https:\/\/api.w.org\/{rel}","templated":true}]}}